{"id":15946,"date":"2020-06-28T02:12:31","date_gmt":"2020-06-28T00:12:31","guid":{"rendered":"https:\/\/dev2.mgvpublications.com\/produkt\/hadis-bahcesi-10-kitap-3\/"},"modified":"2022-03-08T22:49:15","modified_gmt":"2022-03-08T21:49:15","slug":"hadis-bahcesi-10-kitap-3","status":"publish","type":"product","link":"https:\/\/mgvpublications.com\/de\/hadis-bahcesi-10-kitap-3\/","title":{"rendered":"Hadis Bah\u00e7esi (10 Kitap)"},"content":{"rendered":"<table>\n<tbody>\n<tr>\n<td>Yay\u0131n Tarihi:<\/td>\n<td>25.03.2019<\/td>\n<\/tr>\n<tr>\n<td>ISBN:<\/td>\n<td>6050820140<\/td>\n<\/tr>\n<tr>\n<td>Bask\u0131 Say\u0131s\u0131:<\/td>\n<td>2. Bask\u0131<\/td>\n<\/tr>\n<tr>\n<td>Dil:<\/td>\n<td>T\u00dcRK\u00c7E<\/td>\n<\/tr>\n<tr>\n<td>Sayfa Say\u0131s\u0131:<\/td>\n<td>320<\/td>\n<\/tr>\n<tr>\n<td>Cilt Tipi:<\/td>\n<td>Karton Kapak<\/td>\n<\/tr>\n<tr>\n<td>Ka\u011f\u0131t Cinsi:<\/td>\n<td>Kitap Ka\u011f\u0131d\u0131<\/td>\n<\/tr>\n<tr>\n<td>Boyut:<\/td>\n<td>11.5 x 16.5 cm<\/td>\n<\/tr>\n<\/tbody>\n<\/table>","protected":false},"excerpt":{"rendered":"<p><span class=\"info__text\">Masallardaki renkli d\u00fcnya, \u00e7ocuklar\u0131 olduk\u00e7a etkiler. Bu seride her biri \u00f6zenle kaleme al\u0131nm\u0131\u015f masallar\u0131n, \u00e7ocuklar\u0131n bir\u00e7ok de\u011feri tan\u0131mas\u0131na, buna ba\u011fl\u0131 olarak tav\u0131r ve davran\u0131\u015flar\u0131nda olumlu de\u011fi\u015fimler ya\u015famas\u0131na vesile olaca\u011f\u0131 kanaatindeyim. Prof. Dr. Mehmet Emin Ay\u00a0 \u00a0 Hadis Bah\u00e7esi dizisi, her kitab\u0131n ba\u015f k\u0131sm\u0131nda belirtilen hadiste konu olan erdeme at\u0131f yapan masallar i\u00e7eriyor. B\u00f6ylece \u00e7ocuklara masallarla 10 hadis ve 10 evrensel de\u011feri e\u011flenceli masallarla \u00f6\u011fretmeyi hedefliyor.\u00a0\u00a0 Engelli yavru kutup ay\u0131s\u0131 kar\u015f\u0131s\u0131na \u00e7\u0131kan engellerle ba\u015fa \u00e7\u0131kabilecek mi?\u00a0 Aslan Sercan&#8217;\u0131n yerine bir s\u00fcreli\u011fine ge\u00e7en \u00a0teyze o\u011flu Ak\u00e7a Aslan ayr\u0131mc\u0131l\u0131k yapmaktan vazge\u00e7ebilecek mi? Yunus Nusnus, yaral\u0131 ahtapota yard\u0131m edebilecek mi?\u00a0 Tilki Pofuduk k\u00fcrk\u00fcn\u00fc koruyabilecek mi? \u00a0Ceylan Cancan, arkada\u015f\u0131 Ceren&#8217;e yard\u0131m edebilecek mi?\u00a0 Fener Bal\u0131\u011f\u0131 P\u0131t\u0131r, merak ettiklerine kavu\u015fabilecek mi?\u00a0 Dinozor Dina, yeme\u011fi \u00e7ok sevdi\u011fi orkideleri israf etmemeyi ba\u015farabilecek mi?\u00a0 \u00d6rdek Rengarenk kurumakta olan g\u00f6l\u00fc kurtarabilecek mi? Ar\u0131 R\u0131r\u0131 bin yavrusunu b\u00fcy\u00fctmeyi ba\u015farabilecek mi?\u00a0 Tavus Vusvus, sahip oldu\u011fu g\u00fczellikleri fark edebilecek mi?\u00a0 Birbirinden renkli, g\u00fczel, e\u011flenceli masallarla hadislerin d\u00fcnyas\u0131na yolculuk bu dizide okurlar\u0131n\u0131 bekliyor.\u00a0<\/span><\/p>","protected":false},"featured_media":15947,"template":"","meta":{"spay_email":""},"product_cat":[172],"product_tag":[],"item":[360],"acf":[],"_links":{"self":[{"href":"https:\/\/mgvpublications.com\/de\/wp-json\/wp\/v2\/product\/15946"}],"collection":[{"href":"https:\/\/mgvpublications.com\/de\/wp-json\/wp\/v2\/product"}],"about":[{"href":"https:\/\/mgvpublications.com\/de\/wp-json\/wp\/v2\/types\/product"}],"wp:featuredmedia":[{"embeddable":true,"href":"https:\/\/mgvpublications.com\/de\/wp-json\/wp\/v2\/media\/15947"}],"wp:attachment":[{"href":"https:\/\/mgvpublications.com\/de\/wp-json\/wp\/v2\/media?parent=15946"}],"wp:term":[{"taxonomy":"product_cat","embeddable":true,"href":"https:\/\/mgvpublications.com\/de\/wp-json\/wp\/v2\/product_cat?post=15946"},{"taxonomy":"product_tag","embeddable":true,"href":"https:\/\/mgvpublications.com\/de\/wp-json\/wp\/v2\/product_tag?post=15946"},{"taxonomy":"item","embeddable":true,"href":"https:\/\/mgvpublications.com\/de\/wp-json\/wp\/v2\/item?post=15946"}],"curies":[{"name":"wp","href":"https:\/\/api.w.org\/{rel}","templated":true}]}}