{"id":15944,"date":"2020-06-27T23:34:11","date_gmt":"2020-06-27T21:34:11","guid":{"rendered":"https:\/\/dev2.mgvpublications.com\/produkt\/masal-istedigin-gibi-bitsin-3\/"},"modified":"2022-03-08T22:49:15","modified_gmt":"2022-03-08T21:49:15","slug":"masal-istedigin-gibi-bitsin-3","status":"publish","type":"product","link":"https:\/\/mgvpublications.com\/de\/masal-istedigin-gibi-bitsin-3\/","title":{"rendered":"Masal \u0130stedi\u011fin Gibi Bitsin"},"content":{"rendered":"<table>\n<tbody>\n<tr>\n<td>Yay\u0131n Tarihi:<\/td>\n<td>16.12.2019<\/td>\n<\/tr>\n<tr>\n<td>ISBN:<\/td>\n<td>9752699939<\/td>\n<\/tr>\n<tr>\n<td>Bask\u0131 Say\u0131s\u0131:<\/td>\n<td>8. Bask\u0131<\/td>\n<\/tr>\n<tr>\n<td>Dil:<\/td>\n<td>T\u00dcRK\u00c7E<\/td>\n<\/tr>\n<tr>\n<td>Sayfa Say\u0131s\u0131:<\/td>\n<td>248<\/td>\n<\/tr>\n<tr>\n<td>Cilt Tipi:<\/td>\n<td>Ciltli<\/td>\n<\/tr>\n<tr>\n<td>Ka\u011f\u0131t Cinsi:<\/td>\n<td>1. Hm. Ka\u011f\u0131t<\/td>\n<\/tr>\n<tr>\n<td>Boyut:<\/td>\n<td>16.5 x 22 cm<\/td>\n<\/tr>\n<\/tbody>\n<\/table>","protected":false},"excerpt":{"rendered":"<p><span class=\"info__text\">Hey sen! Evet evet, sana sesleniyorum dostum! Kafam \u00e7ok kar\u0131\u015ft\u0131. Bana yard\u0131m eder misin? E\u011fer yard\u0131m etmezsen masallar\u0131m yar\u0131m kalacak.<br \/>\nKokarca arkada\u015f bulamayacak.<br \/>\nSiyah kuzu yaln\u0131z kalacak.<br \/>\nKavunlar b\u00fcy\u00fcy\u00fcp ballanamayacak.<br \/>\nBrokoli \u00e7ocuklar\u0131 hastal\u0131klardan koruyamayacak.<br \/>\nTav\u015fanc\u0131k mutlu olamayacak.<br \/>\nK\u0131rm\u0131z\u0131 ne kadar g\u00fczel bir renk oldu\u011funu fark edemeyecek.<br \/>\nAte\u015fb\u00f6ce\u011fi K\u0131v\u0131lc\u0131m cesur olmay\u0131 \u00f6\u011frenemeyecek.<br \/>\nM\u0131z\u0131k\u00e7\u0131 ke\u00e7i hatas\u0131n\u0131 anlayamayacak.<br \/>\n\u015eakac\u0131 \u00e7ekirge arkada\u015flar\u0131na kendini affettiremeyecek.<br \/>\nMevsimler \u00e7ocuklar\u0131 mutlu edemeyecek.<br \/>\n\u00c7\u00fcnk\u00fc bu masallar senin karar\u0131nla sona erecek.<br \/>\nHaydi, \u00f6nce bir oku bakal\u0131m. Sonra sen ne dersen o olsun. Masallar istedi\u011fin gibi bitsin!<\/span><\/p>","protected":false},"featured_media":15945,"template":"","meta":{"spay_email":""},"product_cat":[172],"product_tag":[],"item":[1431],"acf":[],"_links":{"self":[{"href":"https:\/\/mgvpublications.com\/de\/wp-json\/wp\/v2\/product\/15944"}],"collection":[{"href":"https:\/\/mgvpublications.com\/de\/wp-json\/wp\/v2\/product"}],"about":[{"href":"https:\/\/mgvpublications.com\/de\/wp-json\/wp\/v2\/types\/product"}],"wp:featuredmedia":[{"embeddable":true,"href":"https:\/\/mgvpublications.com\/de\/wp-json\/wp\/v2\/media\/15945"}],"wp:attachment":[{"href":"https:\/\/mgvpublications.com\/de\/wp-json\/wp\/v2\/media?parent=15944"}],"wp:term":[{"taxonomy":"product_cat","embeddable":true,"href":"https:\/\/mgvpublications.com\/de\/wp-json\/wp\/v2\/product_cat?post=15944"},{"taxonomy":"product_tag","embeddable":true,"href":"https:\/\/mgvpublications.com\/de\/wp-json\/wp\/v2\/product_tag?post=15944"},{"taxonomy":"item","embeddable":true,"href":"https:\/\/mgvpublications.com\/de\/wp-json\/wp\/v2\/item?post=15944"}],"curies":[{"name":"wp","href":"https:\/\/api.w.org\/{rel}","templated":true}]}}