{"id":15942,"date":"2020-06-21T17:45:37","date_gmt":"2020-06-21T15:45:37","guid":{"rendered":"https:\/\/dev2.mgvpublications.com\/produkt\/ayi-kim-caldi-3\/"},"modified":"2022-03-08T22:49:15","modified_gmt":"2022-03-08T21:49:15","slug":"ayi-kim-caldi-3","status":"publish","type":"product","link":"https:\/\/mgvpublications.com\/de\/ayi-kim-caldi-3\/","title":{"rendered":"Ay&#8217;\u0131 Kim \u00c7ald\u0131?"},"content":{"rendered":"<p>\u00c7evirmen: Derya \u00c7ebi<br \/>Yay\u0131n Tarihi: 25.07.2019<br \/>ISBN: 9789750821615<br \/>Dil: T\u00dcRK\u00c7E<br \/>Sayfa Say\u0131s\u0131: 40<br \/>Cilt Tipi: Karton Kapak<br \/>Ka\u011f\u0131t Cinsi: Kitap Ka\u011f\u0131d\u0131<br \/>Boyut: 22 x 20.5 cm<br \/>Di\u011fer \u00d6zellik: 3-8 Ya\u015f<\/p>","protected":false},"excerpt":{"rendered":"<p>Berk, geceleri g\u00f6ky\u00fcz\u00fcn\u00fc p\u0131r\u0131l p\u0131r\u0131l ayd\u0131nlatan Ay\u2019a hayrand\u0131r. Ay\u2019a bakarak uykuya dalarken g\u00fczel hayaller kurar. En b\u00fcy\u00fck hayali de astronot olmakt\u0131r. Ama bir gece, bir de bakar ki, g\u00f6zky\u00fcz\u00fc bombo\u015f, Ay\u2019\u0131n yerinde yeller esiyor. B\u00fcy\u00fck bir \u00fcz\u00fcnt\u00fcye kap\u0131lan Berk, Ay\u2019\u0131 birilerinin \u00e7ald\u0131\u011f\u0131n\u0131 d\u00fc\u015f\u00fcn\u00fcp aramaya koyulur.<\/p>","protected":false},"featured_media":21829,"template":"","meta":{"spay_email":""},"product_cat":[172],"product_tag":[],"item":[336],"acf":[],"_links":{"self":[{"href":"https:\/\/mgvpublications.com\/de\/wp-json\/wp\/v2\/product\/15942"}],"collection":[{"href":"https:\/\/mgvpublications.com\/de\/wp-json\/wp\/v2\/product"}],"about":[{"href":"https:\/\/mgvpublications.com\/de\/wp-json\/wp\/v2\/types\/product"}],"wp:featuredmedia":[{"embeddable":true,"href":"https:\/\/mgvpublications.com\/de\/wp-json\/wp\/v2\/media\/21829"}],"wp:attachment":[{"href":"https:\/\/mgvpublications.com\/de\/wp-json\/wp\/v2\/media?parent=15942"}],"wp:term":[{"taxonomy":"product_cat","embeddable":true,"href":"https:\/\/mgvpublications.com\/de\/wp-json\/wp\/v2\/product_cat?post=15942"},{"taxonomy":"product_tag","embeddable":true,"href":"https:\/\/mgvpublications.com\/de\/wp-json\/wp\/v2\/product_tag?post=15942"},{"taxonomy":"item","embeddable":true,"href":"https:\/\/mgvpublications.com\/de\/wp-json\/wp\/v2\/item?post=15942"}],"curies":[{"name":"wp","href":"https:\/\/api.w.org\/{rel}","templated":true}]}}