{"id":15925,"date":"2020-05-31T12:22:40","date_gmt":"2020-05-31T10:22:40","guid":{"rendered":"https:\/\/dev2.mgvpublications.com\/produkt\/die-botschaft-des-koran-3\/"},"modified":"2022-03-08T22:49:14","modified_gmt":"2022-03-08T21:49:14","slug":"die-botschaft-des-koran-3","status":"publish","type":"product","link":"https:\/\/mgvpublications.com\/de\/die-botschaft-des-koran-3\/","title":{"rendered":"Die Botschaft des Koran"},"content":{"rendered":"","protected":false},"excerpt":{"rendered":"<p>Der bedeutende Islamgelehrte Muhammad Asad, geboren als Leopold Weiss, 1900\u20131992, eine Leitfigur fortschrittlicher Muslime, \u00fcbersetzte und kommentierte den Koran f\u00fcr die westliche Welt ins Englische. Seine hervorragende \u00dcbertragung ist die einzige, die wiederum in viele andere Sprachen \u00fcbersetzt wurde. Damit erlangte sie Weltruhm. Erstmals liegt sie nun in deutscher Sprache vor und verschafft dem Koran damit neue Geltung in der modernen Welt.<\/p>\n<p>Die Einzigartigkeit der \u00dcbersetzung ist darin begr\u00fcndet, dass Muhammad Asad das Klassische Arabisch ebenso beherrschte wie die Dialekte der Beduinenst\u00e4mme. Die Beduinen waren die ersten Adressaten des Korans. Die kulturellen Traditionen der Nomaden waren seit der Entstehung des Islam unver\u00e4ndert geblieben. Asad, der viele Jahre in Saudi-Arabien lebte, studierte sie eingehend f\u00fcr seine historisch authentische \u00dcbertragung der islamischen Schrift.<\/p>","protected":false},"featured_media":15926,"template":"","meta":{"spay_email":""},"product_cat":[231],"product_tag":[],"item":[1400],"acf":[],"_links":{"self":[{"href":"https:\/\/mgvpublications.com\/de\/wp-json\/wp\/v2\/product\/15925"}],"collection":[{"href":"https:\/\/mgvpublications.com\/de\/wp-json\/wp\/v2\/product"}],"about":[{"href":"https:\/\/mgvpublications.com\/de\/wp-json\/wp\/v2\/types\/product"}],"wp:featuredmedia":[{"embeddable":true,"href":"https:\/\/mgvpublications.com\/de\/wp-json\/wp\/v2\/media\/15926"}],"wp:attachment":[{"href":"https:\/\/mgvpublications.com\/de\/wp-json\/wp\/v2\/media?parent=15925"}],"wp:term":[{"taxonomy":"product_cat","embeddable":true,"href":"https:\/\/mgvpublications.com\/de\/wp-json\/wp\/v2\/product_cat?post=15925"},{"taxonomy":"product_tag","embeddable":true,"href":"https:\/\/mgvpublications.com\/de\/wp-json\/wp\/v2\/product_tag?post=15925"},{"taxonomy":"item","embeddable":true,"href":"https:\/\/mgvpublications.com\/de\/wp-json\/wp\/v2\/item?post=15925"}],"curies":[{"name":"wp","href":"https:\/\/api.w.org\/{rel}","templated":true}]}}