{"id":15915,"date":"2020-05-30T17:21:20","date_gmt":"2020-05-30T15:21:20","guid":{"rendered":"https:\/\/dev2.mgvpublications.com\/produkt\/musa-khidr-3\/"},"modified":"2022-03-08T22:49:12","modified_gmt":"2022-03-08T21:49:12","slug":"musa-khidr-3","status":"publish","type":"product","link":"https:\/\/mgvpublications.com\/de\/musa-khidr-3\/","title":{"rendered":"Musa &#038; Khidr"},"content":{"rendered":"","protected":false},"excerpt":{"rendered":"<p>\u201eO Musa, dein Wissen ist nicht das Gr\u00f6\u00dfte; beim Zusammenfluss der beiden Meere wirst du Khidr, einen Meiner Diener finden. Sein Wissen ist gr\u00f6\u00dfer als das deinige!\u201c \u201eDoch wie soll ich Deinen Diener finden?\u201c wollte Musa (a.s.) wissen. So beginnt die Geschichte von Musa (a.s.) und Khidr, einer zeitlosen Erz\u00e4hlung voler Weisheit, die heute genau so aktuell ist wie damals vor \u00fcber 2000 Jahren. Ab ca. 10 Jahren. Hochwertiger Druck im Hardcover und vollfarbig im Format 20cm x 24cm Herausgegeben vom Al-Waha Verlag<\/p>","protected":false},"featured_media":15916,"template":"","meta":{"spay_email":""},"product_cat":[231,172],"product_tag":[],"item":[1457],"acf":[],"_links":{"self":[{"href":"https:\/\/mgvpublications.com\/de\/wp-json\/wp\/v2\/product\/15915"}],"collection":[{"href":"https:\/\/mgvpublications.com\/de\/wp-json\/wp\/v2\/product"}],"about":[{"href":"https:\/\/mgvpublications.com\/de\/wp-json\/wp\/v2\/types\/product"}],"wp:featuredmedia":[{"embeddable":true,"href":"https:\/\/mgvpublications.com\/de\/wp-json\/wp\/v2\/media\/15916"}],"wp:attachment":[{"href":"https:\/\/mgvpublications.com\/de\/wp-json\/wp\/v2\/media?parent=15915"}],"wp:term":[{"taxonomy":"product_cat","embeddable":true,"href":"https:\/\/mgvpublications.com\/de\/wp-json\/wp\/v2\/product_cat?post=15915"},{"taxonomy":"product_tag","embeddable":true,"href":"https:\/\/mgvpublications.com\/de\/wp-json\/wp\/v2\/product_tag?post=15915"},{"taxonomy":"item","embeddable":true,"href":"https:\/\/mgvpublications.com\/de\/wp-json\/wp\/v2\/item?post=15915"}],"curies":[{"name":"wp","href":"https:\/\/api.w.org\/{rel}","templated":true}]}}