{"id":15913,"date":"2020-05-30T12:35:17","date_gmt":"2020-05-30T10:35:17","guid":{"rendered":"https:\/\/dev2.mgvpublications.com\/produkt\/abenteuer-von-elif-und-clara-der-geheime-schlussel-2\/"},"modified":"2022-03-08T22:49:12","modified_gmt":"2022-03-08T21:49:12","slug":"abenteuer-von-elif-und-clara-der-geheime-schlussel-2","status":"publish","type":"product","link":"https:\/\/mgvpublications.com\/de\/abenteuer-von-elif-und-clara-der-geheime-schlussel-2\/","title":{"rendered":"Abenteuer von Elif und Clara. Der geheime Schl\u00fcssel"},"content":{"rendered":"","protected":false},"excerpt":{"rendered":"<div dir=\"ltr\" data-font-name=\"g_font_p0_3\" data-canvas-width=\"292.30741622447965\">Clara kommt in eine neue Klasse. Dort lernt sie Elif kennen und die beiden M\u00e4dchen werden Freundinnen, nicht nur weil ihr gemeinsames Hobby Katzen sind\u2026 .Doch etwas stimmt nicht, denn die Eltern der beiden k\u00f6nnen sich nach einem Zwischenfallnicht ausstehen. Au\u00dferdem wurde auch noch der ehrw\u00fcrdige Stadtschl\u00fcssel gestohlen und alle sind in Aufruhr.<br \/>\nIst der verschwundene Schl\u00fcssel vielleicht der geheimnisvolle \u201eSchl\u00fcssel zur Integration\u201c, von dem Claras Mutter spricht und den Elifs Eltern angeblich nicht besitzen?<\/div>\n<div dir=\"ltr\" data-font-name=\"g_font_p0_3\" data-canvas-width=\"270.50437501430514\">Die tapferen Freunde Clara, Elif und Jan stellen sich diesen Fragen und erleben ein gro\u00dfes Abenteuer.<\/div>","protected":false},"featured_media":15914,"template":"","meta":{"spay_email":""},"product_cat":[231],"product_tag":[],"item":[1018],"acf":[],"_links":{"self":[{"href":"https:\/\/mgvpublications.com\/de\/wp-json\/wp\/v2\/product\/15913"}],"collection":[{"href":"https:\/\/mgvpublications.com\/de\/wp-json\/wp\/v2\/product"}],"about":[{"href":"https:\/\/mgvpublications.com\/de\/wp-json\/wp\/v2\/types\/product"}],"wp:featuredmedia":[{"embeddable":true,"href":"https:\/\/mgvpublications.com\/de\/wp-json\/wp\/v2\/media\/15914"}],"wp:attachment":[{"href":"https:\/\/mgvpublications.com\/de\/wp-json\/wp\/v2\/media?parent=15913"}],"wp:term":[{"taxonomy":"product_cat","embeddable":true,"href":"https:\/\/mgvpublications.com\/de\/wp-json\/wp\/v2\/product_cat?post=15913"},{"taxonomy":"product_tag","embeddable":true,"href":"https:\/\/mgvpublications.com\/de\/wp-json\/wp\/v2\/product_tag?post=15913"},{"taxonomy":"item","embeddable":true,"href":"https:\/\/mgvpublications.com\/de\/wp-json\/wp\/v2\/item?post=15913"}],"curies":[{"name":"wp","href":"https:\/\/api.w.org\/{rel}","templated":true}]}}