{"id":15911,"date":"2020-05-30T12:30:06","date_gmt":"2020-05-30T10:30:06","guid":{"rendered":"https:\/\/dev2.mgvpublications.com\/produkt\/auszuge-aus-dem-sahih-al-buharyy-2\/"},"modified":"2022-06-21T10:58:27","modified_gmt":"2022-06-21T08:58:27","slug":"auszuge-aus-dem-sahih-al-buharyy-2","status":"publish","type":"product","link":"https:\/\/mgvpublications.com\/de\/auszuge-aus-dem-sahih-al-buharyy-2\/","title":{"rendered":"Ausz\u00fcge aus dem Sahih Al-Buharyy"},"content":{"rendered":"","protected":false},"excerpt":{"rendered":"<p>Als Allah die segenreiche Kette Seiner Offenbarung mit der Herabsendung des Qur\u00b4an f\u00fcr allemal abschloss, machte Er uns mit allem Nachdruck auf die Verbindlichkeit der Sunna aufmerksam, indem Er die Gro\u00dfartigkeit des Prophetencharakters, dessen Vorbildlichkeit f\u00fcr uns, die Befolgung seiner Befehle und Gebote \u2013 und nicht zuletzt das Gef\u00fcgigsein f\u00fcr seine Entscheidungen \u2013 betonte und ans Herz legte. Als eine der Quellensammlungen sind hier wesentliche Ausz\u00fcge aus Buharyys gro\u00dfer Sammlung wiedergegeben.<\/p>","protected":false},"featured_media":15912,"template":"","meta":{"spay_email":""},"product_cat":[231,174],"product_tag":[],"item":[691],"acf":[],"_links":{"self":[{"href":"https:\/\/mgvpublications.com\/de\/wp-json\/wp\/v2\/product\/15911"}],"collection":[{"href":"https:\/\/mgvpublications.com\/de\/wp-json\/wp\/v2\/product"}],"about":[{"href":"https:\/\/mgvpublications.com\/de\/wp-json\/wp\/v2\/types\/product"}],"wp:featuredmedia":[{"embeddable":true,"href":"https:\/\/mgvpublications.com\/de\/wp-json\/wp\/v2\/media\/15912"}],"wp:attachment":[{"href":"https:\/\/mgvpublications.com\/de\/wp-json\/wp\/v2\/media?parent=15911"}],"wp:term":[{"taxonomy":"product_cat","embeddable":true,"href":"https:\/\/mgvpublications.com\/de\/wp-json\/wp\/v2\/product_cat?post=15911"},{"taxonomy":"product_tag","embeddable":true,"href":"https:\/\/mgvpublications.com\/de\/wp-json\/wp\/v2\/product_tag?post=15911"},{"taxonomy":"item","embeddable":true,"href":"https:\/\/mgvpublications.com\/de\/wp-json\/wp\/v2\/item?post=15911"}],"curies":[{"name":"wp","href":"https:\/\/api.w.org\/{rel}","templated":true}]}}