{"id":15909,"date":"2020-05-30T12:12:19","date_gmt":"2020-05-30T10:12:19","guid":{"rendered":"https:\/\/dev2.mgvpublications.com\/produkt\/das-leben-des-propheten-3\/"},"modified":"2022-03-08T22:49:12","modified_gmt":"2022-03-08T21:49:12","slug":"das-leben-des-propheten-3","status":"publish","type":"product","link":"https:\/\/mgvpublications.com\/de\/das-leben-des-propheten-3\/","title":{"rendered":"Das Leben des Propheten"},"content":{"rendered":"","protected":false},"excerpt":{"rendered":"<div align=\"justify\">Das Leben des Propheten<\/div>\n<div align=\"justify\"><\/div>\n<div align=\"justify\">Aus dem Arabischen \u00fcbertragen und bearbeitet von Prof. Dr. Gernot Rotter<\/div>\n<div align=\"justify\"><\/div>\n<div align=\"justify\">Die hier vorliegende Beschreibung des Lebens des Propheten von Ibn Ish\u00e2q geh\u00f6rt als die \u00e4lteste und bekannterma\u00dfen sorgf\u00e4ltig angelegte Biographie zu den wichtigsten klassischen Texten der islamischen Literatur.<\/div>\n<div align=\"justify\"><\/div>\n<div align=\"justify\">Betrachtet der Muslim das Leben seines Propheten in dessen Vielschichtigkeit und F\u00fclle als unvergleichliches Geschenk eines \u00fcber die Ma\u00dfen barmherzigen Gottes an die Menschheit, so r\u00fchren ihn die vielbezeugte Vortrefflichkeit des Mannes und die Lauterkeit seines Charakters immer wieder zu Tr\u00e4nen.<\/div>\n<div align=\"justify\"><\/div>\n<div align=\"justify\">Wer von der Sch\u00f6nheit jener im Westen bislang so gut wie unbekannt gebliebenen Religion des Islam einmal kosten will, von ihrer Weisheit und Tiefe, ihrem Segen und ihrer S\u00fc\u00dfe, dem sei geraten: Disputiere nicht mit den Theologen, sondern betrachte lieber das so bedeutungsvolle und wirkm\u00e4chtige Leben dieses wunderbaren Mannes, auf dem der Friede sei.<\/div>","protected":false},"featured_media":15910,"template":"","meta":{"spay_email":""},"product_cat":[231],"product_tag":[],"item":[1375],"acf":[],"_links":{"self":[{"href":"https:\/\/mgvpublications.com\/de\/wp-json\/wp\/v2\/product\/15909"}],"collection":[{"href":"https:\/\/mgvpublications.com\/de\/wp-json\/wp\/v2\/product"}],"about":[{"href":"https:\/\/mgvpublications.com\/de\/wp-json\/wp\/v2\/types\/product"}],"wp:featuredmedia":[{"embeddable":true,"href":"https:\/\/mgvpublications.com\/de\/wp-json\/wp\/v2\/media\/15910"}],"wp:attachment":[{"href":"https:\/\/mgvpublications.com\/de\/wp-json\/wp\/v2\/media?parent=15909"}],"wp:term":[{"taxonomy":"product_cat","embeddable":true,"href":"https:\/\/mgvpublications.com\/de\/wp-json\/wp\/v2\/product_cat?post=15909"},{"taxonomy":"product_tag","embeddable":true,"href":"https:\/\/mgvpublications.com\/de\/wp-json\/wp\/v2\/product_tag?post=15909"},{"taxonomy":"item","embeddable":true,"href":"https:\/\/mgvpublications.com\/de\/wp-json\/wp\/v2\/item?post=15909"}],"curies":[{"name":"wp","href":"https:\/\/api.w.org\/{rel}","templated":true}]}}