{"id":15893,"date":"2020-05-06T16:08:04","date_gmt":"2020-05-06T14:08:04","guid":{"rendered":"https:\/\/dev2.mgvpublications.com\/produkt\/mutlu-su-aygiri-3\/"},"modified":"2022-05-19T14:57:38","modified_gmt":"2022-05-19T12:57:38","slug":"mutlu-su-aygiri-3","status":"publish","type":"product","link":"https:\/\/mgvpublications.com\/de\/mutlu-su-aygiri-3\/","title":{"rendered":"Mutlu Su Ayg\u0131r\u0131"},"content":{"rendered":"<table class=\"attribute\">\n<tbody>\n<tr>\n<td>Ver\u00f6fentlichung<\/td>\n<td>2019-04-17<\/td>\n<\/tr>\n<tr>\n<td>ISBN<\/td>\n<td>9944889346<\/td>\n<\/tr>\n<tr>\n<td>Druckauflage<\/td>\n<td>21. Bask\u0131<\/td>\n<\/tr>\n<tr>\n<td>Sprache<\/td>\n<td>T\u00dcRK\u00c7E<\/td>\n<\/tr>\n<tr>\n<td>Seiten<\/td>\n<td>31<\/td>\n<\/tr>\n<tr>\n<td>Art<\/td>\n<td>Karton Kapak<\/td>\n<\/tr>\n<tr>\n<td>Papierart<\/td>\n<td>Ku\u015fe Ka\u011f\u0131t<\/td>\n<\/tr>\n<tr>\n<td>Ma\u00dfe<\/td>\n<td>25.5 x 25.5 cm<\/td>\n<\/tr>\n<\/tbody>\n<\/table>","protected":false},"excerpt":{"rendered":"<p>Bir zamanlar, suayg\u0131r\u0131 oldu\u011fu i\u00e7in\u00a0hi\u00e7 mutlu olmayan k\u00fc\u00e7\u00fck bir suayg\u0131r\u0131 varm\u0131\u015f.<br \/>\n\u201cSuayg\u0131r\u0131 olmak istemiyorum. Yo! Yo! Yo!<br \/>\nZebra ya da bufalo lo lo lo,<br \/>\nA\u011fa\u00e7ta \u015fark\u0131 s\u00f6yleyen maymuuun<br \/>\nSuayg\u0131r\u0131 yerine maymuuun olsaaam\u2026\u201d<br \/>\nK\u00fc\u00e7\u00fck suayg\u0131r\u0131yla birlikte \u015fark\u0131 s\u00f6yleyip,\u00a0tropik ormanlardaki maceras\u0131na kat\u0131lmaya ne dersin?..<\/p>","protected":false},"featured_media":15894,"template":"","meta":{"spay_email":""},"product_cat":[172],"product_tag":[],"item":[336],"acf":[],"_links":{"self":[{"href":"https:\/\/mgvpublications.com\/de\/wp-json\/wp\/v2\/product\/15893"}],"collection":[{"href":"https:\/\/mgvpublications.com\/de\/wp-json\/wp\/v2\/product"}],"about":[{"href":"https:\/\/mgvpublications.com\/de\/wp-json\/wp\/v2\/types\/product"}],"wp:featuredmedia":[{"embeddable":true,"href":"https:\/\/mgvpublications.com\/de\/wp-json\/wp\/v2\/media\/15894"}],"wp:attachment":[{"href":"https:\/\/mgvpublications.com\/de\/wp-json\/wp\/v2\/media?parent=15893"}],"wp:term":[{"taxonomy":"product_cat","embeddable":true,"href":"https:\/\/mgvpublications.com\/de\/wp-json\/wp\/v2\/product_cat?post=15893"},{"taxonomy":"product_tag","embeddable":true,"href":"https:\/\/mgvpublications.com\/de\/wp-json\/wp\/v2\/product_tag?post=15893"},{"taxonomy":"item","embeddable":true,"href":"https:\/\/mgvpublications.com\/de\/wp-json\/wp\/v2\/item?post=15893"}],"curies":[{"name":"wp","href":"https:\/\/api.w.org\/{rel}","templated":true}]}}