{"id":15888,"date":"2020-05-05T18:00:16","date_gmt":"2020-05-05T16:00:16","guid":{"rendered":"https:\/\/dev2.mgvpublications.com\/produkt\/seytan-ciplak-3\/"},"modified":"2022-03-08T22:49:11","modified_gmt":"2022-03-08T21:49:11","slug":"seytan-ciplak-3","status":"publish","type":"product","link":"https:\/\/mgvpublications.com\/de\/seytan-ciplak-3\/","title":{"rendered":"\u015eeytan \u00c7\u0131plak"},"content":{"rendered":"<p>Yay\u0131n Tarihi: 05.03.2015<br \/>ISBN: 9786055181956<br \/>Dil: T\u00dcRK\u00c7E<br \/>Sayfa Say\u0131s\u0131: 336<br \/>Cilt Tipi: Karton Kapak<br \/>Ka\u011f\u0131t Cinsi: Kitap Ka\u011f\u0131d\u0131<br \/>Boyut: 13.5 x 19.5 cm<\/p>","protected":false},"excerpt":{"rendered":"<p>Yeni d\u00fcnya d\u00fczeni! Rekl\u00e2m, moda, kredi kartlar\u0131, facebook\u2019lar, twitter\u2019lar, cep telefonlar\u0131, ipad\u2019ler, sentetik toksik yiyecekler, \u2018g\u00fczellik\u2019 \u00fcr\u00fcnleri ve hatta \u2018naylon m\u00fcr\u015fitler\u2019 ile esir al\u0131nan beden ve ruhlar ordusu&#8230; Toplumlar\u0131 bir arada tutacak dini, k\u00fclt\u00fcrel, geleneksel ve yerel ne varsa tahrif etmeyi ana ilke edinen bir d\u00fczen! Allah\u2019\u0131 d\u0131\u015flay\u0131p insan\u0131 yapayaln\u0131z b\u0131rakan modernizm! \u015eeytan\u0131n kurumsalla\u015fm\u0131\u015f formu! K\u00e2inat \u015feyle\u015ftirildi\u011fi i\u00e7in, insan da \u015feyle\u015fti. Girift, kirlenmi\u015f, buhranl\u0131 ve \u015fizofrenik bir hayat\u0131n i\u00e7ine itildik. \u0130deoloji ve bilim temelli \u2018kurumsalla\u015fm\u0131\u015f k\u00f6t\u00fcl\u00fck\u2019 bir vir\u00fcs gibi sar\u0131yor her yan\u0131m\u0131z\u0131. Ac\u0131 duyabilen her varl\u0131\u011fa kas\u0131tla \u015fiddet uyguluyor. Par\u00e7alamaya \u00e7al\u0131\u015f\u0131yor tevhidi! Bedenimizin zikrini\u2026 Mamafih ku\u015fat\u0131c\u0131 olan zul\u00fcm de\u011fil, hakt\u0131r. Unutulmamal\u0131d\u0131r ki, zalimin ba\u015far\u0131s\u0131 g\u00fc\u00e7l\u00fcl\u00fc\u011f\u00fcnden de\u011fil, bizim ona y\u00fckledi\u011fimiz a\u015f\u0131r\u0131 g\u00fc\u00e7 vehminden&#8230; \u015eeytan ve k\u00fcresel mafya, insanlar\u0131 \u00e7ocuklar\u0131yla, r\u0131zklar\u0131yla, gelecekleriyle, hatta iktidarlar\u0131yla korkutur. Bize d\u00fc\u015fen, d\u00fc\u015fmana g\u00fc\u00e7 vehmetmek ve ona atfedilen sanal g\u00fcc\u00fcn b\u00fcy\u00fcs\u00fcne kap\u0131lmak de\u011fil, kendi g\u00fcc\u00fcm\u00fcz\u00fcn fark\u0131na varmakt\u0131r, Hz. Musa misali&#8230; Hz. Peygamber en zor an\u0131nda yolda\u015f\u0131 Hz. Ebubekir\u2019e ne diyordu: \u201cKorkma! Allah bizimle beraberdir!\u201d Kemal \u00d6zer, sanal \u00e2lemde binlerce ki\u015fi taraf\u0131ndan okunan yaz\u0131lar\u0131n\u0131 k\u00e2\u011f\u0131da ge\u00e7irdi. Bize hakikatin nesli oldu\u011fumuzu hat\u0131rlatmak i\u00e7in. Hannas\u2019\u0131n dehlizlerini ayd\u0131nlatmak, \u201c\u015eeytan \u00e7\u0131plak!\u201d demek i\u00e7in!<\/p>","protected":false},"featured_media":21439,"template":"","meta":{"spay_email":""},"product_cat":[168],"product_tag":[],"item":[685],"acf":[],"_links":{"self":[{"href":"https:\/\/mgvpublications.com\/de\/wp-json\/wp\/v2\/product\/15888"}],"collection":[{"href":"https:\/\/mgvpublications.com\/de\/wp-json\/wp\/v2\/product"}],"about":[{"href":"https:\/\/mgvpublications.com\/de\/wp-json\/wp\/v2\/types\/product"}],"wp:featuredmedia":[{"embeddable":true,"href":"https:\/\/mgvpublications.com\/de\/wp-json\/wp\/v2\/media\/21439"}],"wp:attachment":[{"href":"https:\/\/mgvpublications.com\/de\/wp-json\/wp\/v2\/media?parent=15888"}],"wp:term":[{"taxonomy":"product_cat","embeddable":true,"href":"https:\/\/mgvpublications.com\/de\/wp-json\/wp\/v2\/product_cat?post=15888"},{"taxonomy":"product_tag","embeddable":true,"href":"https:\/\/mgvpublications.com\/de\/wp-json\/wp\/v2\/product_tag?post=15888"},{"taxonomy":"item","embeddable":true,"href":"https:\/\/mgvpublications.com\/de\/wp-json\/wp\/v2\/item?post=15888"}],"curies":[{"name":"wp","href":"https:\/\/api.w.org\/{rel}","templated":true}]}}