{"id":15882,"date":"2020-05-05T15:33:11","date_gmt":"2020-05-05T13:33:11","guid":{"rendered":"https:\/\/dev2.mgvpublications.com\/produkt\/cocuklar-parka-anneler-okula-3\/"},"modified":"2022-03-08T22:49:10","modified_gmt":"2022-03-08T21:49:10","slug":"cocuklar-parka-anneler-okula-3","status":"publish","type":"product","link":"https:\/\/mgvpublications.com\/de\/cocuklar-parka-anneler-okula-3\/","title":{"rendered":"\u00c7ocuklar Parka Anneler Okula"},"content":{"rendered":"<table class=\"attribute\">\n<tbody>\n<tr>\n<td>Ver\u00f6fentlichung<\/td>\n<td>2015-11-26<\/td>\n<\/tr>\n<tr>\n<td>ISBN<\/td>\n<td>6051511627<\/td>\n<\/tr>\n<tr>\n<td>Druckauflage<\/td>\n<td>1. Bask\u0131<\/td>\n<\/tr>\n<tr>\n<td>Sprache<\/td>\n<td>T\u00dcRK\u00c7E<\/td>\n<\/tr>\n<tr>\n<td>Seiten<\/td>\n<td>192<\/td>\n<\/tr>\n<tr>\n<td>Art<\/td>\n<td>Karton Kapak<\/td>\n<\/tr>\n<tr>\n<td>Papierart<\/td>\n<td>Kitap Ka\u011f\u0131d\u0131<\/td>\n<\/tr>\n<tr>\n<td>Ma\u00dfe<\/td>\n<td>13.5 x 21 cm<\/td>\n<\/tr>\n<\/tbody>\n<\/table>","protected":false},"excerpt":{"rendered":"<p>Her \u00c7ocuk, \u0130\u015flenmeyi Bekleyen Bir Cevherdir<br \/>\nBir zaman bir yavru yenge\u00e7 ile anne yenge\u00e7 aras\u0131nda \u015f\u00f6yle bir konu\u015fma ge\u00e7er: \u201cNeden b\u00f6yle yan yan y\u00fcr\u00fcyorsun yavrum\u201d diye sorar anne yenge\u00e7, \u00e7ocu\u011funa.\u00a0 Biraz da sinirlenerek &#8220;D\u00fczg\u00fcn y\u00fcr\u00fcsene!&#8221; der.\u00a0\u00a0 \u201cPek\u00e2l\u00e2 anne! Sen \u00f6n\u00fcmden d\u00fczg\u00fcn y\u00fcr\u00fc, ben seni takip ederim.\u201d diye cevap verir yavru yenge\u00e7.<\/p>","protected":false},"featured_media":15883,"template":"","meta":{"spay_email":""},"product_cat":[171],"product_tag":[],"item":[443],"acf":[],"_links":{"self":[{"href":"https:\/\/mgvpublications.com\/de\/wp-json\/wp\/v2\/product\/15882"}],"collection":[{"href":"https:\/\/mgvpublications.com\/de\/wp-json\/wp\/v2\/product"}],"about":[{"href":"https:\/\/mgvpublications.com\/de\/wp-json\/wp\/v2\/types\/product"}],"wp:featuredmedia":[{"embeddable":true,"href":"https:\/\/mgvpublications.com\/de\/wp-json\/wp\/v2\/media\/15883"}],"wp:attachment":[{"href":"https:\/\/mgvpublications.com\/de\/wp-json\/wp\/v2\/media?parent=15882"}],"wp:term":[{"taxonomy":"product_cat","embeddable":true,"href":"https:\/\/mgvpublications.com\/de\/wp-json\/wp\/v2\/product_cat?post=15882"},{"taxonomy":"product_tag","embeddable":true,"href":"https:\/\/mgvpublications.com\/de\/wp-json\/wp\/v2\/product_tag?post=15882"},{"taxonomy":"item","embeddable":true,"href":"https:\/\/mgvpublications.com\/de\/wp-json\/wp\/v2\/item?post=15882"}],"curies":[{"name":"wp","href":"https:\/\/api.w.org\/{rel}","templated":true}]}}