{"id":15878,"date":"2020-05-05T15:09:27","date_gmt":"2020-05-05T13:09:27","guid":{"rendered":"https:\/\/dev2.mgvpublications.com\/produkt\/muslumanin-diyeti-2\/"},"modified":"2022-04-10T15:15:25","modified_gmt":"2022-04-10T13:15:25","slug":"muslumanin-diyeti-2","status":"publish","type":"product","link":"https:\/\/mgvpublications.com\/de\/muslumanin-diyeti-2\/","title":{"rendered":"M\u00fcsl\u00fcman&#8217;\u0131n Diyeti"},"content":{"rendered":"<p>Yay\u0131n Tarihi: 30.10.2018<br \/>ISBN: 9786054325894<br \/>Dil: T\u00dcRK\u00c7E<br \/>Sayfa Say\u0131s\u0131: 192<br \/>Cilt Tipi: Karton Kapak<br \/>Ka\u011f\u0131t Cinsi: Kitap Ka\u011f\u0131d\u0131<br \/>Boyut: 15.5 x 23 cm<\/p>","protected":false},"excerpt":{"rendered":"<p>\u201c\u0130slam, sadece kendine inanan M\u00fcsl\u00fcmanlar\u0131n de\u011fil, t\u00fcm insanlar\u0131n ve gezegende ya\u015fayan t\u00fcm canl\u0131lar\u0131n sa\u011fl\u0131\u011f\u0131yla ilgilenir. Ben de M\u00fcsl\u00fcman\u2019\u0131n Diyeti\u2019ni herkese yazd\u0131m. \u015eifa arayanlara, iyile\u015fmek isteyenlere, az yemeyi ba\u015faramayanlara, hazc\u0131 t\u00fcketimden s\u0131k\u0131lanlara, hayat\u0131nda \u2018temiz\u2019 bir sayfa a\u00e7mak isteyen herkese&#8230;\u201d Kemal \u00d6zer G\u0131da Hareketi Lideri Kemal \u00d6zer, bu \u00e7al\u0131\u015fmada haz eksenli t\u00fcketim bi\u00e7iminin ve kirletilmi\u015f g\u0131dalar\u0131n, \u015fi\u015fmanl\u0131k, obezite ve di\u011fer hastal\u0131klarla olan ili\u015fkisini ele al\u0131yor. \u0130nsanlar\u0131 \u015fi\u015fmanl\u0131ktan ve mutsuzluktan kurtarmak i\u00e7in \u2018temiz ve sa\u011fl\u0131kl\u0131\u2019 bir beslenme modeli kuruyor. Nefsinizi, az ve \u00f6z yemeye ikna etmenin yolunu g\u00f6steriyor. Kur\u2019an-\u0131 Kerim\u2019de \u00f6nerilen ve Hz. Peygamber\u2019in de bilfiil hayat\u0131nda uygulad\u0131\u011f\u0131 \u2018do\u011fru beslenme ilkeleri\u2019ni a\u00e7\u0131kl\u0131yor. \u2018\u0130slam\u2019\u0131n mutfa\u011f\u0131\u2019n\u0131 ve \u2018Hz. Peygamber\u2019in yeme-i\u00e7me prensipleri\u2019ni daha \u00f6nce benzeri yap\u0131lmam\u0131\u015f bir b\u00fct\u00fcnl\u00fckle derliyor. Kemal \u00d6zer, halk\u0131n \u00e7ok merak etti\u011fi sorulara da yan\u0131t veriyor: Beslenme ve k\u0131s\u0131rl\u0131k aras\u0131nda ili\u015fki var m\u0131, k\u0131s\u0131rl\u0131ktan kurtulmak i\u00e7in nas\u0131l beslenmek gerekir? Bat\u0131 t\u0131bb\u0131n\u0131n da kabul etti\u011fi orucun, insan v\u00fccudundaki iyile\u015ftirici etkisi ne? \u015ei\u015fmanlamamak\/zay\u0131flamak i\u00e7in at\u0131lacak ilk \u00fc\u00e7 ad\u0131m hangisi? \u00c7ocuklar\u0131n\u0131n da gelece\u011fini d\u00fc\u015f\u00fcnen \u2018ak\u0131ll\u0131\u2019 bir ailenin mutfa\u011f\u0131nda neler olmal\u0131, neler olmamal\u0131? Yemekleri hangi s\u0131rayla yemeli? Sofra nas\u0131l olmal\u0131? \u00d6zer\u2019in bu son soruya verdi\u011fi yan\u0131t ise her \u015feyi \u00f6zetliyor: \u201cSofran\u0131z, evinize misafir olan Hz. Peygamber\u2019in de yiyebilece\u011fi bir sofra olmal\u0131!\u201d<\/p>","protected":false},"featured_media":21858,"template":"","meta":{"spay_email":""},"product_cat":[1352],"product_tag":[],"item":[685],"acf":[],"_links":{"self":[{"href":"https:\/\/mgvpublications.com\/de\/wp-json\/wp\/v2\/product\/15878"}],"collection":[{"href":"https:\/\/mgvpublications.com\/de\/wp-json\/wp\/v2\/product"}],"about":[{"href":"https:\/\/mgvpublications.com\/de\/wp-json\/wp\/v2\/types\/product"}],"wp:featuredmedia":[{"embeddable":true,"href":"https:\/\/mgvpublications.com\/de\/wp-json\/wp\/v2\/media\/21858"}],"wp:attachment":[{"href":"https:\/\/mgvpublications.com\/de\/wp-json\/wp\/v2\/media?parent=15878"}],"wp:term":[{"taxonomy":"product_cat","embeddable":true,"href":"https:\/\/mgvpublications.com\/de\/wp-json\/wp\/v2\/product_cat?post=15878"},{"taxonomy":"product_tag","embeddable":true,"href":"https:\/\/mgvpublications.com\/de\/wp-json\/wp\/v2\/product_tag?post=15878"},{"taxonomy":"item","embeddable":true,"href":"https:\/\/mgvpublications.com\/de\/wp-json\/wp\/v2\/item?post=15878"}],"curies":[{"name":"wp","href":"https:\/\/api.w.org\/{rel}","templated":true}]}}