{"id":15876,"date":"2020-05-05T15:02:26","date_gmt":"2020-05-05T13:02:26","guid":{"rendered":"https:\/\/dev2.mgvpublications.com\/produkt\/baglanma-gunlugu-2\/"},"modified":"2022-03-08T22:49:09","modified_gmt":"2022-03-08T21:49:09","slug":"baglanma-gunlugu-2","status":"publish","type":"product","link":"https:\/\/mgvpublications.com\/de\/baglanma-gunlugu-2\/","title":{"rendered":"Ba\u011flanma G\u00fcnl\u00fc\u011f\u00fc"},"content":{"rendered":"<table class=\"attribute\">\n<tbody>\n<tr>\n<td>Ver\u00f6fentlichung<\/td>\n<td>2019-12-25<\/td>\n<\/tr>\n<tr>\n<td>ISBN<\/td>\n<td>6057674395<\/td>\n<\/tr>\n<tr>\n<td>Druckauflage<\/td>\n<td>1. Bask\u0131<\/td>\n<\/tr>\n<tr>\n<td>Sprache<\/td>\n<td>T\u00dcRK\u00c7E<\/td>\n<\/tr>\n<tr>\n<td>Seiten<\/td>\n<td>204<\/td>\n<\/tr>\n<tr>\n<td>Art<\/td>\n<td>Karton Kapak<\/td>\n<\/tr>\n<tr>\n<td>Papierart<\/td>\n<td>Kitap Ka\u011f\u0131d\u0131<\/td>\n<\/tr>\n<tr>\n<td>Ma\u00dfe<\/td>\n<td>15.5 x 23 cm<\/td>\n<\/tr>\n<\/tbody>\n<\/table>","protected":false},"excerpt":{"rendered":"<p><strong><em>Hatice K\u00fcbra Tongar&#8217;dan Mutlu Ailelere!<\/em><\/strong><br \/>\n<strong>Bu g\u00fcnl\u00fck de\u011fi\u015fimin, geli\u015fimin ve \u2018ailece\u2019 daha huzurlu g\u00fcnlere y\u00fcr\u00fcmenin ba\u015flang\u0131c\u0131 olsun niyetiyle haz\u0131rland\u0131.<\/strong><\/p>\n<p>Bu g\u00fcnl\u00fck de\u011fi\u015fimin, geli\u015fimin ve \u2018ailece\u2019 daha huzurlu g\u00fcnlere y\u00fcr\u00fcmenin ba\u015flang\u0131c\u0131 olsun niyetiyle haz\u0131rland\u0131. Evlili\u011fimiz -Rabbimizin tarifinde oldu\u011fu gibi- bize \u2018huzur\u2019 versin, anneli\u011fimizle birlikte becerilerimiz, fark\u0131ndal\u0131\u011f\u0131m\u0131z ve kalbimiz de b\u00fcy\u00fcyebilsin duas\u0131yla sana ula\u015ft\u0131.<br \/>\nHer bir sayfada kendi i\u00e7 yolculu\u011fumuzu besleyen, fark\u0131ndal\u0131\u011f\u0131m\u0131z\u0131 geli\u015ftiren, g\u00f6z\u00fcm\u00fcze tefekk\u00fcr g\u00f6zl\u00fc\u011f\u00fc ili\u015ftiren, ge\u00e7mi\u015fe dair ac\u0131lar\u0131m\u0131z\u0131 ve hesaplar\u0131m\u0131z\u0131 temize \u00e7eken teknik ve uygulamalar; yavrumuzla ba\u011f\u0131m\u0131z\u0131 g\u00fc\u00e7lendirecek \u2018Ba\u011flanma Temelli\u2019 oyunlar var.<br \/>\nTeknik ve uygulamalara d\u00fczenli bir \u015fekilde devam ederek \u2018kendimizle\u2019; g\u00fcnl\u00fck oyunlar\u0131 oynayarak \u2018yavrumuzla\u2019 ve \u2018ailemizle\u2019 yeniden g\u00fcvenli bir ba\u011f kuraca\u011f\u0131z. G\u00fcnl\u00fck esma zikirlerini \u00e7ekerek, Yaratan\u0131m\u0131zla (cc) ba\u011f\u0131m\u0131z\u0131 g\u00fc\u00e7lendirmeye talip olaca\u011f\u0131z. Ve o g\u00fcn ya\u015fad\u0131\u011f\u0131m\u0131z deneyimleri, hissetti\u011fimiz duygular\u0131, de\u011fi\u015fimleri ve geli\u015fimleri g\u00fcnl\u00fc\u011f\u00fcm\u00fcze not ederek, g\u00fcn be g\u00fcn geli\u015fen tekam\u00fcl yolculu\u011fumuzu takibe \u00e7\u0131kaca\u011f\u0131z.<br \/>\nO zaman haz\u0131r m\u0131y\u0131z f\u0131trat\u0131m\u0131zdaki \u00f6z\u00fc, ailemizdeki g\u00fczelli\u011fi, annelikteki muhabbeti ke\u015ffetmeye? Haydi hep birlikte a\u015fk ile; \u2018Niyet ettik niyet eyledik de\u011fi\u015fime, geli\u015fime, ailece g\u00fczelle\u015fmeye&#8230;\u2019<\/p>","protected":false},"featured_media":15877,"template":"","meta":{"spay_email":""},"product_cat":[171],"product_tag":[],"item":[685],"acf":[],"_links":{"self":[{"href":"https:\/\/mgvpublications.com\/de\/wp-json\/wp\/v2\/product\/15876"}],"collection":[{"href":"https:\/\/mgvpublications.com\/de\/wp-json\/wp\/v2\/product"}],"about":[{"href":"https:\/\/mgvpublications.com\/de\/wp-json\/wp\/v2\/types\/product"}],"wp:featuredmedia":[{"embeddable":true,"href":"https:\/\/mgvpublications.com\/de\/wp-json\/wp\/v2\/media\/15877"}],"wp:attachment":[{"href":"https:\/\/mgvpublications.com\/de\/wp-json\/wp\/v2\/media?parent=15876"}],"wp:term":[{"taxonomy":"product_cat","embeddable":true,"href":"https:\/\/mgvpublications.com\/de\/wp-json\/wp\/v2\/product_cat?post=15876"},{"taxonomy":"product_tag","embeddable":true,"href":"https:\/\/mgvpublications.com\/de\/wp-json\/wp\/v2\/product_tag?post=15876"},{"taxonomy":"item","embeddable":true,"href":"https:\/\/mgvpublications.com\/de\/wp-json\/wp\/v2\/item?post=15876"}],"curies":[{"name":"wp","href":"https:\/\/api.w.org\/{rel}","templated":true}]}}