{"id":15833,"date":"2020-04-20T16:47:25","date_gmt":"2020-04-20T14:47:25","guid":{"rendered":"https:\/\/dev2.mgvpublications.com\/produkt\/uber-intention-reine-absicht-und-wahrhaftigkeit-2\/"},"modified":"2022-03-08T22:49:05","modified_gmt":"2022-03-08T21:49:05","slug":"uber-intention-reine-absicht-und-wahrhaftigkeit-2","status":"publish","type":"product","link":"https:\/\/mgvpublications.com\/de\/uber-intention-reine-absicht-und-wahrhaftigkeit-2\/","title":{"rendered":"\u00dcber Intention, reine Absicht und Wahrhaftigkeit"},"content":{"rendered":"","protected":false},"excerpt":{"rendered":"<p>Mit dem vorliegenden Titel wollen wir die Reihe der Herausgabe jener \u201eWiederbelebung der Religionswissenschaften\u201c \u2013\u00a0<em>Ihy\u00e2\u2019 \u2018ul\u00fbm ad-d\u00een<\/em>\u00a0\u2013, des 40 B\u00fccher umfassenden Hauptwerks Ab\u00fb H\u00e2mid Muham-mad al-Ghaz\u00e2l\u00ees fortsetzen, das seit 900 Jahren zu den wichtigsten Werken der islamischen Tradition z\u00e4hlt und sich wie kein zweites unter den Muslimen auf der ganzen Welt gr\u00f6\u00dfter Wertsch\u00e4tzung erfreut.<\/p>\n<p>Das Buch \u00fcber \u201eIntention, reine Absicht und Wahrhaftigkeit\u201c (<em>kit\u00e2b an-niyyah wa l-ikhl\u00e2s wa s-sidq<\/em>), ein strahlender Stern am Himmel des literarischen Erbes der Menschheit im allgemeinen und des der Muslime im besonderen, r\u00fcckt die Grundfragen dessen in den Blick, was eine Handlung zu einer guten macht, durch welches seiner Momente sie vom Herrn der Universen akzeptiert, ja geliebt wird und was es ist, wodurch wir als Handelnde zu wahren Menschen werden, mit einer Ehre bekleidet, die von den Himmeln kommt.<\/p>\n<p>Gute tausend Jahre bevor der deutsche Philosoph Immanuel Kant mit dem\u00a0<em>guten Willen<\/em>\u00a0die Absicht als das wesentliche Kriterium der Moralit\u00e4t einer Handlung erkannte, war dieses alles-entscheidende Prinzip jeden Tuns und (intendierten) Lassens von Sayyidin\u00e2 Muhammad (s), dem Propheten des Islams, der Menschheit verk\u00fcndet worden.<\/p>\n<p>Er berichtet beispielsweise (vgl. u. S. 26), da\u00df, wenn die Engel dem Herrn der Welten Berichte \u00fcber gute Werke eines Menschen auf versiegelten Bl\u00e4ttern vorlegen, dieser oftmals sagt: \u201eWerft dieses Blatt weg, denn er hat mit dem, was darauf steht, nicht mein Antlitz gesucht.\u201c Und Er befiehlt: \u201eSchreibt f\u00fcr ihn das und das an, schreibt f\u00fcr ihn das und das an!\u201c Ihrem Einwand: \u201eAber, o Herr, er hat ja von dem gar nichts ge-tan.\u201c tritt Er mit den Worten entgegen: \u201eAber er hat es gewollt\u201c. Und wenn der Prophet, auf dem der Friede sei, angesichts dessen, da\u00df zwei voller Ha\u00df gegeneinander mit dem Schwerte k\u00e4mpfen und einer den anderen t\u00f6tet, seinen Leuten erkl\u00e4rt, da\u00df auf beide das H\u00f6llenfeuer warte, und den Widerspruch eines Gef\u00e4hrten, \u201eAber der eine hat doch den anderen nicht get\u00f6tet\u201c mit den Worten quittiert, \u201eaber er hat es gewollt\u201c, dann wirft das ein Schlaglicht auf eine Einsicht, deren umwerfende Klarheit uns bis heute belehrt und bewegt.<\/p>\n<p>Imam Ghaz\u00e2l\u00ee hat mit vorliegendem Werk das vom Propheten hinterlassene Erbe zu einer Form zusammengebracht, die es f\u00fcr jeden Muslim und jene, die von einer entscheidenden Grundfrage unserer Existenz ber\u00fchrt wurden, und alle wahren Philosophen nicht blo\u00df zu einer unverzichtbaren Lekt\u00fcre macht, sondern, weit mehr, die Sehnsucht nach dem erweckt und bef\u00f6rdert, das uns in diesem und jenem Leben unser Gl\u00fcck erlangen l\u00e4\u00dft.<\/p>","protected":false},"featured_media":15834,"template":"","meta":{"spay_email":""},"product_cat":[231,166,174],"product_tag":[],"item":[1375],"acf":[],"_links":{"self":[{"href":"https:\/\/mgvpublications.com\/de\/wp-json\/wp\/v2\/product\/15833"}],"collection":[{"href":"https:\/\/mgvpublications.com\/de\/wp-json\/wp\/v2\/product"}],"about":[{"href":"https:\/\/mgvpublications.com\/de\/wp-json\/wp\/v2\/types\/product"}],"wp:featuredmedia":[{"embeddable":true,"href":"https:\/\/mgvpublications.com\/de\/wp-json\/wp\/v2\/media\/15834"}],"wp:attachment":[{"href":"https:\/\/mgvpublications.com\/de\/wp-json\/wp\/v2\/media?parent=15833"}],"wp:term":[{"taxonomy":"product_cat","embeddable":true,"href":"https:\/\/mgvpublications.com\/de\/wp-json\/wp\/v2\/product_cat?post=15833"},{"taxonomy":"product_tag","embeddable":true,"href":"https:\/\/mgvpublications.com\/de\/wp-json\/wp\/v2\/product_tag?post=15833"},{"taxonomy":"item","embeddable":true,"href":"https:\/\/mgvpublications.com\/de\/wp-json\/wp\/v2\/item?post=15833"}],"curies":[{"name":"wp","href":"https:\/\/api.w.org\/{rel}","templated":true}]}}