{"id":15825,"date":"2020-04-17T16:57:38","date_gmt":"2020-04-17T14:57:38","guid":{"rendered":"https:\/\/dev2.mgvpublications.com\/produkt\/heilung-der-herzen-tibb-ul-qulub-3\/"},"modified":"2022-03-08T22:49:05","modified_gmt":"2022-03-08T21:49:05","slug":"heilung-der-herzen-tibb-ul-qulub-3","status":"publish","type":"product","link":"https:\/\/mgvpublications.com\/de\/heilung-der-herzen-tibb-ul-qulub-3\/","title":{"rendered":"Heilung der Herzen \u2013 Tibb ul Qulub"},"content":{"rendered":"","protected":false},"excerpt":{"rendered":"<p>Es ist das edelste K\u00f6rperteil, Erhalter des Lebens, Quelle der lebenden Seele und nat\u00fcrlichen W\u00e4rme\u201c, so urteilt Ibn ul Qayyim in diesem Werk \u00fcber das Herz. In Heilung der Herzen st\u00fctzt er sich auf Koran und Sunna und gibt tiefe Einsicht in das Herz, dessen Gesundheit und dessen Krankheit.&#8221;<\/p>\n<p>&nbsp;<\/p>\n<p>Dieses Buch legt den Lesenden nahe, sich ihrer Herzen bewusst zu werden und die Zeichen ihres Zustandes zu verstehen. Die Leserschaft soll sich w\u00e4hrend und nach der Besch\u00e4ftigung mit diesem Buch selbst kennen und erkennen lernen, soll verstehen warum sich Handlungen und Gedanken auf ihre seelische Ruhe auswirken und welche Mittel ihr dabei helfen k\u00f6nnen auf der Treppe der Gl\u00fcckseligkeit aufzusteigen und sich nicht hinabsto\u00dfen zu lassen.<\/p>\n<p>&nbsp;<\/p>\n<p>Ibn ul Qayyim (1292-1350)<\/p>\n<p>Ibn ul Qayyim ist ein ber\u00fchmter Gelehrter aus Damaskus, der zahlreiche Disziplinen bei f\u00fchrenden Gelehrten seiner Zeit wie etwa Ibn Taymiya studierte. Er wird immer wieder als \u201eGelehrter des Herzens\u201c bezeichnet, da seine spirituellen Texte von einzigartiger Qualit\u00e4t und Intensit\u00e4t sind.<\/p>","protected":false},"featured_media":15826,"template":"","meta":{"spay_email":""},"product_cat":[231],"product_tag":[],"item":[1018],"acf":[],"_links":{"self":[{"href":"https:\/\/mgvpublications.com\/de\/wp-json\/wp\/v2\/product\/15825"}],"collection":[{"href":"https:\/\/mgvpublications.com\/de\/wp-json\/wp\/v2\/product"}],"about":[{"href":"https:\/\/mgvpublications.com\/de\/wp-json\/wp\/v2\/types\/product"}],"wp:featuredmedia":[{"embeddable":true,"href":"https:\/\/mgvpublications.com\/de\/wp-json\/wp\/v2\/media\/15826"}],"wp:attachment":[{"href":"https:\/\/mgvpublications.com\/de\/wp-json\/wp\/v2\/media?parent=15825"}],"wp:term":[{"taxonomy":"product_cat","embeddable":true,"href":"https:\/\/mgvpublications.com\/de\/wp-json\/wp\/v2\/product_cat?post=15825"},{"taxonomy":"product_tag","embeddable":true,"href":"https:\/\/mgvpublications.com\/de\/wp-json\/wp\/v2\/product_tag?post=15825"},{"taxonomy":"item","embeddable":true,"href":"https:\/\/mgvpublications.com\/de\/wp-json\/wp\/v2\/item?post=15825"}],"curies":[{"name":"wp","href":"https:\/\/api.w.org\/{rel}","templated":true}]}}