{"id":15807,"date":"2020-03-29T16:41:04","date_gmt":"2020-03-29T14:41:04","guid":{"rendered":"https:\/\/dev2.mgvpublications.com\/produkt\/yavru-ahtapot-olmak-cok-zor-3\/"},"modified":"2022-03-08T22:49:04","modified_gmt":"2022-03-08T21:49:04","slug":"yavru-ahtapot-olmak-cok-zor-3","status":"publish","type":"product","link":"https:\/\/mgvpublications.com\/de\/yavru-ahtapot-olmak-cok-zor-3\/","title":{"rendered":"Yavru Ahtapot Olmak \u00c7ok Zor"},"content":{"rendered":"<p>Yay\u0131n Tarihi\t2019-09-24<br \/>\nISBN\t9750814662<br \/>\nBask\u0131 Say\u0131s\u0131\t33. Bask\u0131<br \/>\nDil\tT\u00dcRK\u00c7E<br \/>\nSayfa Say\u0131s\u0131\t36<br \/>\nCilt Tipi\tKarton Kapak<br \/>\nKa\u011f\u0131t Cinsi\tKitap Ka\u011f\u0131d\u0131<br \/>\nBoyut\t20.5 x 18.5 cm<\/p>","protected":false},"excerpt":{"rendered":"<p>Yavru ahtapot Nino, ahtapot olmaktan hi\u00e7 memnun de\u011fil.<br \/>\nHer sabah sekiz kollu kaza\u011f\u0131n\u0131 giymek, sekiz eldiven takmak ve sekiz kolunun sebep oldu\u011fu karma\u015fayla u\u011fra\u015fmak onun can\u0131n\u0131 \u00e7ok s\u0131k\u0131yor.<br \/>\nAnnesi, bu durumun ge\u00e7ici oldu\u011funu, b\u00fcy\u00fcd\u00fck\u00e7e ahtapot olmay\u0131 \u00e7ok sevece\u011fini s\u00f6yl\u00fcyor ama s\u00f6yledikleri Nino\u2019yu rahatlatmaya yetmiyor.<br \/>\nBakal\u0131m bir sabah okul yolunda ya\u015fad\u0131klar\u0131<br \/>\nNino\u2019nun ahtapot olmay\u0131 sevmesini sa\u011flayabilecek mi?<\/p>","protected":false},"featured_media":15808,"template":"","meta":{"spay_email":""},"product_cat":[172],"product_tag":[],"item":[448],"acf":[],"_links":{"self":[{"href":"https:\/\/mgvpublications.com\/de\/wp-json\/wp\/v2\/product\/15807"}],"collection":[{"href":"https:\/\/mgvpublications.com\/de\/wp-json\/wp\/v2\/product"}],"about":[{"href":"https:\/\/mgvpublications.com\/de\/wp-json\/wp\/v2\/types\/product"}],"wp:featuredmedia":[{"embeddable":true,"href":"https:\/\/mgvpublications.com\/de\/wp-json\/wp\/v2\/media\/15808"}],"wp:attachment":[{"href":"https:\/\/mgvpublications.com\/de\/wp-json\/wp\/v2\/media?parent=15807"}],"wp:term":[{"taxonomy":"product_cat","embeddable":true,"href":"https:\/\/mgvpublications.com\/de\/wp-json\/wp\/v2\/product_cat?post=15807"},{"taxonomy":"product_tag","embeddable":true,"href":"https:\/\/mgvpublications.com\/de\/wp-json\/wp\/v2\/product_tag?post=15807"},{"taxonomy":"item","embeddable":true,"href":"https:\/\/mgvpublications.com\/de\/wp-json\/wp\/v2\/item?post=15807"}],"curies":[{"name":"wp","href":"https:\/\/api.w.org\/{rel}","templated":true}]}}