{"id":15804,"date":"2020-03-29T00:56:27","date_gmt":"2020-03-28T23:56:27","guid":{"rendered":"https:\/\/dev2.mgvpublications.com\/produkt\/iyi-yurekli-dev-memo-2\/"},"modified":"2022-03-08T22:49:04","modified_gmt":"2022-03-08T21:49:04","slug":"iyi-yurekli-dev-memo-2","status":"publish","type":"product","link":"https:\/\/mgvpublications.com\/de\/iyi-yurekli-dev-memo-2\/","title":{"rendered":"\u0130yi Y\u00fcrekli Dev Memo"},"content":{"rendered":"<p>\u00c7evirmen: Ali Berktay<br \/>Yay\u0131n Tarihi: 01.08.2019<br \/>Orijinal Ad\u0131: The Smartest Giant<br \/>ISBN: 9786053326991<br \/>Dil: T\u00dcRK\u00c7E<br \/>Sayfa Say\u0131s\u0131: 32<br \/>Cilt Tipi: Karton Kapak<br \/>Ka\u011f\u0131t Cinsi: Ku\u015fe Ka\u011f\u0131t<br \/>Boyut: 21 x 27 cm<br \/>\u00c7izer: Axel Scheffler<\/p>","protected":false},"excerpt":{"rendered":"<p>Memo hep \u201cKe\u015fke kentin en pasakl\u0131 devi olmasayd\u0131m\u201d derdi. Sonra bir g\u00fcn devler i\u00e7in giysi satan yeni bir d\u00fckk\u00e2n g\u00f6rd\u00fc ve art\u0131k iyi giyinmenin zaman\u0131 geldi diye d\u00fc\u015f\u00fcnd\u00fc. G\u00fczel pantolonu, g\u00fczel g\u00f6mle\u011fi, \u015feritli kravat\u0131 ve g\u0131c\u0131r g\u0131c\u0131r ayakkab\u0131lar\u0131yla Memo tepeden t\u0131rna\u011fa de\u011fi\u015fti. Ama evine d\u00f6nerken kendisinden yard\u0131m bekleyen \u00e7e\u015fit \u00e7e\u015fit hayvan \u00e7\u0131kt\u0131 yoluna. Memo onlara yard\u0131m edeyim derken yeni giysilerinden oldu.<\/p>","protected":false},"featured_media":22571,"template":"","meta":{"spay_email":""},"product_cat":[172],"product_tag":[],"item":[336],"acf":[],"_links":{"self":[{"href":"https:\/\/mgvpublications.com\/de\/wp-json\/wp\/v2\/product\/15804"}],"collection":[{"href":"https:\/\/mgvpublications.com\/de\/wp-json\/wp\/v2\/product"}],"about":[{"href":"https:\/\/mgvpublications.com\/de\/wp-json\/wp\/v2\/types\/product"}],"wp:featuredmedia":[{"embeddable":true,"href":"https:\/\/mgvpublications.com\/de\/wp-json\/wp\/v2\/media\/22571"}],"wp:attachment":[{"href":"https:\/\/mgvpublications.com\/de\/wp-json\/wp\/v2\/media?parent=15804"}],"wp:term":[{"taxonomy":"product_cat","embeddable":true,"href":"https:\/\/mgvpublications.com\/de\/wp-json\/wp\/v2\/product_cat?post=15804"},{"taxonomy":"product_tag","embeddable":true,"href":"https:\/\/mgvpublications.com\/de\/wp-json\/wp\/v2\/product_tag?post=15804"},{"taxonomy":"item","embeddable":true,"href":"https:\/\/mgvpublications.com\/de\/wp-json\/wp\/v2\/item?post=15804"}],"curies":[{"name":"wp","href":"https:\/\/api.w.org\/{rel}","templated":true}]}}