{"id":15802,"date":"2020-03-29T00:22:27","date_gmt":"2020-03-28T23:22:27","guid":{"rendered":"https:\/\/dev2.mgvpublications.com\/produkt\/islam-dunyasinda-dusunce-sorunlari-2\/"},"modified":"2022-03-08T22:49:04","modified_gmt":"2022-03-08T21:49:04","slug":"islam-dunyasinda-dusunce-sorunlari-2","status":"publish","type":"product","link":"https:\/\/mgvpublications.com\/de\/islam-dunyasinda-dusunce-sorunlari-2\/","title":{"rendered":"\u0130slam D\u00fcnyas\u0131nda D\u00fc\u015f\u00fcnce Sorunlar\u0131"},"content":{"rendered":"<p>Yay\u0131n Tarihi\t2011-04-18<br \/>\nISBN\t9756353219<br \/>\nBask\u0131 Say\u0131s\u0131\t1. Bask\u0131<br \/>\nDil\tT\u00dcRK\u00c7E<br \/>\nSayfa Say\u0131s\u0131\t192<br \/>\nCilt Tipi\tKarton Kapak<br \/>\nKa\u011f\u0131t Cinsi\tKitap Ka\u011f\u0131d\u0131<br \/>\nBoyut\t13.5 x 21 cm<\/p>","protected":false},"excerpt":{"rendered":"<p>\u0130sl\u00e2m d\u00fcnyas\u0131n\u0131n \u00e7a\u011fda\u015f d\u00fc\u015f\u00fcnce sorunlar\u0131 nelerdir? Bu sorunlar\u0131 do\u011fru anlamak ile modern d\u00fcnyan\u0131n \u0130sl\u00e2m olgusunu kavray\u0131p anlamak aras\u0131nda dolays\u0131z bir ba\u011f vard\u0131r. Bu kitab\u0131n amac\u0131, giderek \u00f6nemini ve ciddiyetini art\u0131rmakta olan bu konuya belli bir a\u00e7\u0131kl\u0131k getirmektir.<br \/>\nAncak olduk\u00e7a g\u00fc\u00e7 ve karma\u015f\u0131k bir konuyla kar\u015f\u0131 kar\u015f\u0131ya oldu\u011fumuzu belirtmeliyiz. Bunun ba\u015fta gelen nedeni, \u00e7a\u011fda\u015f Bat\u0131 k\u00fclt\u00fcr\u00fcn\u00fcn genelde \u201cdin\u201d olgusuna y\u00fckledi\u011fi yanl\u0131\u015f ve \u00e7arp\u0131k anlam ile \u0130sl\u00e2m toplumunun, deyim yerindeyse bir t\u00fcr ba\u015fkala\u015f\u0131ma u\u011frat\u0131lmas\u0131d\u0131r.<br \/>\n\u0130sl\u00e2m d\u00fc\u015f\u00fcncesinin bug\u00fcnk\u00fc durumunun do\u011fru kavranabilmesi i\u00e7in, 1400 y\u0131ll\u0131k geli\u015fmesinin ve \u00f6zellikle 19. y\u00fczy\u0131lda boy at\u0131p g\u00fcn\u00fcm\u00fcze kadar etkisini s\u00fcrd\u00fcren \u0130sl\u00e2m anlay\u0131\u015flar\u0131n\u0131n da genel hatlar\u0131yla belirtilmesi gerekir. Bunu g\u00f6z \u00f6n\u00fcne alarak, bu y\u00fczy\u0131l\u0131n ba\u015f\u0131ndan g\u00fcn\u00fcm\u00fcze kadar etkisini g\u00f6steren \u0130sl\u00e2m\u00ee d\u00fc\u015f\u00fcn\u00fc\u015f \u015fekilleri genel hatlar\u0131yla anlat\u0131ld\u0131.<\/p>","protected":false},"featured_media":15803,"template":"","meta":{"spay_email":""},"product_cat":[174,232],"product_tag":[],"item":[1321],"acf":[],"_links":{"self":[{"href":"https:\/\/mgvpublications.com\/de\/wp-json\/wp\/v2\/product\/15802"}],"collection":[{"href":"https:\/\/mgvpublications.com\/de\/wp-json\/wp\/v2\/product"}],"about":[{"href":"https:\/\/mgvpublications.com\/de\/wp-json\/wp\/v2\/types\/product"}],"wp:featuredmedia":[{"embeddable":true,"href":"https:\/\/mgvpublications.com\/de\/wp-json\/wp\/v2\/media\/15803"}],"wp:attachment":[{"href":"https:\/\/mgvpublications.com\/de\/wp-json\/wp\/v2\/media?parent=15802"}],"wp:term":[{"taxonomy":"product_cat","embeddable":true,"href":"https:\/\/mgvpublications.com\/de\/wp-json\/wp\/v2\/product_cat?post=15802"},{"taxonomy":"product_tag","embeddable":true,"href":"https:\/\/mgvpublications.com\/de\/wp-json\/wp\/v2\/product_tag?post=15802"},{"taxonomy":"item","embeddable":true,"href":"https:\/\/mgvpublications.com\/de\/wp-json\/wp\/v2\/item?post=15802"}],"curies":[{"name":"wp","href":"https:\/\/api.w.org\/{rel}","templated":true}]}}