{"id":15799,"date":"2020-03-28T14:13:35","date_gmt":"2020-03-28T13:13:35","guid":{"rendered":"https:\/\/dev2.mgvpublications.com\/produkt\/uc-kedi-bir-dilek-2\/"},"modified":"2022-03-08T22:49:04","modified_gmt":"2022-03-08T21:49:04","slug":"uc-kedi-bir-dilek-2","status":"publish","type":"product","link":"https:\/\/mgvpublications.com\/de\/uc-kedi-bir-dilek-2\/","title":{"rendered":"\u00dc\u00e7 Kedi Bir Dilek"},"content":{"rendered":"<p>\u00c7izer:\tAy\u015fe \u0130nan Alican<br \/>\nYay\u0131n Tarihi\t2019-04-15<br \/>\nISBN\t9750821820<br \/>\nBask\u0131 Say\u0131s\u0131\t28. Bask\u0131<br \/>\nDil\tT\u00dcRK\u00c7E<br \/>\nSayfa Say\u0131s\u0131\t32<br \/>\nCilt Tipi\tCiltli<br \/>\nKa\u011f\u0131t Cinsi\tKu\u015fe Ka\u011f\u0131t<br \/>\nBoyut\t20 x 27 cm<\/p>","protected":false},"excerpt":{"rendered":"<p>Bu Kitab\u0131 Okuduktan Sonra Bir Kediniz Olsun \u0130steyeceksiniz\u2026<\/p>\n<p>Beyo\u011flu Maceras\u0131 \u2013 Bilgi Avc\u0131lar\u0131 Gizli G\u00f6revde kitab\u0131yla \u00e7ocuklar\u0131n sevgilisi olan Sara \u015eahinkanat ve Ay\u015fe \u0130nan Alican\u2019dan \u00e7ok g\u00fczel bir kitap daha: \u00dc\u00e7 Kedi, Bir Dilek.<br \/>\nDamda \u00fc\u00e7 kedi: Piti, Pati ve Pus, s\u0131rt\u00fcst\u00fc uzanm\u0131\u015f g\u00f6ky\u00fcz\u00fcn\u00fc seyrediyorlar\u2026<br \/>\nPeki ne bekliyorlar? Belki de bir dilekleri var y\u0131ld\u0131zlardan\u2026<br \/>\nSara \u015eahinkanat\u2019\u0131n yazd\u0131\u011f\u0131 \u00dc\u00e7 Kedi Bir Dilek\u2019e hayranl\u0131k uyand\u0131ran resimleriyle varl\u0131k kazand\u0131ran Ay\u015fe \u0130nan Alican e\u015flik ediyor.<\/p>","protected":false},"featured_media":15800,"template":"","meta":{"spay_email":""},"product_cat":[172],"product_tag":[],"item":[448],"acf":[],"_links":{"self":[{"href":"https:\/\/mgvpublications.com\/de\/wp-json\/wp\/v2\/product\/15799"}],"collection":[{"href":"https:\/\/mgvpublications.com\/de\/wp-json\/wp\/v2\/product"}],"about":[{"href":"https:\/\/mgvpublications.com\/de\/wp-json\/wp\/v2\/types\/product"}],"wp:featuredmedia":[{"embeddable":true,"href":"https:\/\/mgvpublications.com\/de\/wp-json\/wp\/v2\/media\/15800"}],"wp:attachment":[{"href":"https:\/\/mgvpublications.com\/de\/wp-json\/wp\/v2\/media?parent=15799"}],"wp:term":[{"taxonomy":"product_cat","embeddable":true,"href":"https:\/\/mgvpublications.com\/de\/wp-json\/wp\/v2\/product_cat?post=15799"},{"taxonomy":"product_tag","embeddable":true,"href":"https:\/\/mgvpublications.com\/de\/wp-json\/wp\/v2\/product_tag?post=15799"},{"taxonomy":"item","embeddable":true,"href":"https:\/\/mgvpublications.com\/de\/wp-json\/wp\/v2\/item?post=15799"}],"curies":[{"name":"wp","href":"https:\/\/api.w.org\/{rel}","templated":true}]}}