{"id":15792,"date":"2020-03-24T14:22:51","date_gmt":"2020-03-24T13:22:51","guid":{"rendered":"https:\/\/dev2.mgvpublications.com\/produkt\/ayet-i-kerime-ve-hadis-i-seriflerden-dualar-3\/"},"modified":"2024-08-01T11:16:26","modified_gmt":"2024-08-01T09:16:26","slug":"ayet-i-kerime-ve-hadis-i-seriflerden-dualar-3","status":"publish","type":"product","link":"https:\/\/mgvpublications.com\/de\/ayet-i-kerime-ve-hadis-i-seriflerden-dualar-3\/","title":{"rendered":"Ayet-i Kerime ve Hadis-i \u015eeriflerden Dualar"},"content":{"rendered":"<p>Yay\u0131n Tarihi: 21.08.2014<br \/>ISBN: 9786055779153<br \/>Bask\u0131 Say\u0131s\u0131: Mahmut Yaz\u0131c\u0131<br \/>Dil: T\u00dcRK\u00c7E<br \/>Sayfa Say\u0131s\u0131: 202<br \/>Cilt Tipi: Ciltli<br \/>Ka\u011f\u0131t Cinsi: Kitap Ka\u011f\u0131d\u0131<br \/>Boyut: 15.5 x 21.5 cm<br \/>Derleyici: Mahmut Yaz\u0131c\u0131<\/p>","protected":false},"excerpt":{"rendered":"<p>Mehmed Zahid Kotku Hz.\u2019nin Evrad-\u0131 \u015eerifi olan bu kitapta, Peygamberlerin ve \u0130slam b\u00fcy\u00fcklerinin virdlerini, bir\u00e7ok duay\u0131 ve tesbihat\u0131 bulabileceksiniz. Kolay okunan bilgisayar karakteri kullan\u0131lan bu \u00f6zel kitap, \u015famua ka\u011f\u0131da bas\u0131lm\u0131\u015ft\u0131r. Numan b. Be\u015fir (r.a.), Res\u00fbl\u00fcllah (aleyhi\u2019s-sal\u00e2t\u00fc vessel\u00e2m)\u2019\u0131n \u015f\u00f6yle buyurdu\u011funu s\u00f6ylemi\u015ftir. \u201cDua ibadettir. Allah-u Te\u00e2l\u00e2: \u2018Dua edin kabul edeyim\u2019, buyurmu\u015ftur.\u201d Bu yedi g\u00fcnl\u00fck yedi Kur&#8217;\u00e2n evr\u00e2d\u0131 gibi bir evr\u00e2d-\u0131 az\u00eem daha meydana getirmenin imkan\u0131 yoktur. Onun i\u00e7in bunun k\u0131ymetini iyi bil. Her g\u00fcnk\u00fc evr\u00e2d\u0131 g\u00fcn\u00fc g\u00fcn\u00fcne oku, niyetini h\u00e2lis k\u0131l. Cen\u00e2b-\u0131 Hak senin muhta\u00e7 olaca\u011f\u0131n her \u015feyi bilir ve sana m\u00fck\u00e2f\u00e2t\u0131 da ihs\u00e2n eder. Yeter ki sen, her zaman O\u2019nun yolunda olas\u0131n. Emirlerine mut\u00ee ve yasaklar\u0131na da uzak olas\u0131n&#8230;&#8221; Mehmet Z\u00e2hid Kotku (k.s.)<\/p>","protected":false},"featured_media":23194,"template":"","meta":{"spay_email":""},"product_cat":[174],"product_tag":[],"item":[1474],"acf":[],"_links":{"self":[{"href":"https:\/\/mgvpublications.com\/de\/wp-json\/wp\/v2\/product\/15792"}],"collection":[{"href":"https:\/\/mgvpublications.com\/de\/wp-json\/wp\/v2\/product"}],"about":[{"href":"https:\/\/mgvpublications.com\/de\/wp-json\/wp\/v2\/types\/product"}],"wp:featuredmedia":[{"embeddable":true,"href":"https:\/\/mgvpublications.com\/de\/wp-json\/wp\/v2\/media\/23194"}],"wp:attachment":[{"href":"https:\/\/mgvpublications.com\/de\/wp-json\/wp\/v2\/media?parent=15792"}],"wp:term":[{"taxonomy":"product_cat","embeddable":true,"href":"https:\/\/mgvpublications.com\/de\/wp-json\/wp\/v2\/product_cat?post=15792"},{"taxonomy":"product_tag","embeddable":true,"href":"https:\/\/mgvpublications.com\/de\/wp-json\/wp\/v2\/product_tag?post=15792"},{"taxonomy":"item","embeddable":true,"href":"https:\/\/mgvpublications.com\/de\/wp-json\/wp\/v2\/item?post=15792"}],"curies":[{"name":"wp","href":"https:\/\/api.w.org\/{rel}","templated":true}]}}