{"id":15789,"date":"2020-01-31T06:34:16","date_gmt":"2020-01-31T05:34:16","guid":{"rendered":"https:\/\/dev2.mgvpublications.com\/produkt\/peygamber-oykuleri-dizisi-11-kitap-2\/"},"modified":"2022-03-08T22:49:02","modified_gmt":"2022-03-08T21:49:02","slug":"peygamber-oykuleri-dizisi-11-kitap-2","status":"publish","type":"product","link":"https:\/\/mgvpublications.com\/de\/peygamber-oykuleri-dizisi-11-kitap-2\/","title":{"rendered":"Peygamber \u00d6yk\u00fcleri Dizisi (11 Kitap)"},"content":{"rendered":"<p>Yay\u0131n Tarihi\t2018-12-03<br \/>\nBask\u0131 Say\u0131s\u0131\t12. Bask\u0131<br \/>\nDil\tT\u00dcRK\u00c7E<br \/>\nSayfa Say\u0131s\u0131\t528<br \/>\nCilt Tipi\tKarton Kapak<br \/>\nKa\u011f\u0131t Cinsi\tKitap Ka\u011f\u0131d\u0131<br \/>\nBoyut\t15 x 21 cm<\/p>","protected":false},"excerpt":{"rendered":"<p>Hz. Yusuf<br \/>\nHz. Musa<br \/>\nHz. Davud<br \/>\nHz. S\u00fcleyman<br \/>\nHz. Ey\u00fcp<br \/>\nHz. Yunus<br \/>\nHz. Nuh<br \/>\nHz. \u0130sa<br \/>\nHz. \u0130brahim<br \/>\nHz. Adem<br \/>\nHz. Muhammed (s.a.v.)<\/p>","protected":false},"featured_media":15790,"template":"","meta":{"spay_email":""},"product_cat":[166,172],"product_tag":[],"item":[360],"acf":[],"_links":{"self":[{"href":"https:\/\/mgvpublications.com\/de\/wp-json\/wp\/v2\/product\/15789"}],"collection":[{"href":"https:\/\/mgvpublications.com\/de\/wp-json\/wp\/v2\/product"}],"about":[{"href":"https:\/\/mgvpublications.com\/de\/wp-json\/wp\/v2\/types\/product"}],"wp:featuredmedia":[{"embeddable":true,"href":"https:\/\/mgvpublications.com\/de\/wp-json\/wp\/v2\/media\/15790"}],"wp:attachment":[{"href":"https:\/\/mgvpublications.com\/de\/wp-json\/wp\/v2\/media?parent=15789"}],"wp:term":[{"taxonomy":"product_cat","embeddable":true,"href":"https:\/\/mgvpublications.com\/de\/wp-json\/wp\/v2\/product_cat?post=15789"},{"taxonomy":"product_tag","embeddable":true,"href":"https:\/\/mgvpublications.com\/de\/wp-json\/wp\/v2\/product_tag?post=15789"},{"taxonomy":"item","embeddable":true,"href":"https:\/\/mgvpublications.com\/de\/wp-json\/wp\/v2\/item?post=15789"}],"curies":[{"name":"wp","href":"https:\/\/api.w.org\/{rel}","templated":true}]}}