{"id":15787,"date":"2020-01-31T05:21:05","date_gmt":"2020-01-31T04:21:05","guid":{"rendered":"https:\/\/dev2.mgvpublications.com\/produkt\/ilk-ogretmenim-2\/"},"modified":"2022-03-08T22:49:02","modified_gmt":"2022-03-08T21:49:02","slug":"ilk-ogretmenim-2","status":"publish","type":"product","link":"https:\/\/mgvpublications.com\/de\/ilk-ogretmenim-2\/","title":{"rendered":"\u0130lk \u00d6\u011fretmenim"},"content":{"rendered":"<p>\u00c7evirmen:\tMehmet \u00d6zg\u00fcl<br \/>\nYay\u0131n Tarihi\t2018-11-01<br \/>\nISBN\t9752473034<br \/>\nBask\u0131 Say\u0131s\u0131\t2. Bask\u0131<br \/>\nDil\tT\u00dcRK\u00c7E<br \/>\nSayfa Say\u0131s\u0131\t80<br \/>\nCilt Tipi\tKarton Kapak<br \/>\nKa\u011f\u0131t Cinsi\tKitap Ka\u011f\u0131d\u0131<br \/>\nBoyut\t13.5 x 19.5 cm<\/p>","protected":false},"excerpt":{"rendered":"<p>Ya\u015famlar\u0131n\u0131 g\u00f6\u00e7ebelikle ve basit tar\u0131m ve hayvanc\u0131l\u0131kla s\u00fcrd\u00fcren kom\u00fcnal topluluklar halinde \u00f6rg\u00fctlenmi\u015f K\u0131rg\u0131z toplumu, aniden s\u00f6k\u00fcn eden Bol\u015fevik Devrimi\u2019nin ard\u0131ndan yepyeni bir d\u00fcnya hayal etmeye koyulur. Ba\u015flang\u0131\u00e7ta bu hayaller s\u0131n\u0131rl\u0131 say\u0131da bireyin ve hatta baz\u0131 durumlarda tek bir bireyin hayalleridir. Ve diren\u00e7le kar\u015f\u0131la\u015f\u0131r. Ama payla\u015f\u0131ld\u0131k\u00e7a ve desteklendik\u00e7e t\u00fcm toplumu de\u011fi\u015ftirir ve d\u00f6n\u00fc\u015ft\u00fcr\u00fcr. T\u0131pk\u0131 \u0130lk \u00d6\u011fretmenim\u2019de oldu\u011fu gibi\u2026<\/p>\n<p>D\u00fcy\u015fen, devrim ideallerine inanm\u0131\u015f bir K\u0131rg\u0131z gencidir. Sava\u015f s\u0131ras\u0131nda edindi\u011fi s\u0131n\u0131rl\u0131 e\u011fitim onu k\u00f6kten de\u011fi\u015ftirmi\u015ftir. Ya\u015fad\u0131\u011f\u0131 k\u00f6yde as\u0131rlard\u0131r devam eden ataerkil geleneklere ba\u015fkald\u0131r\u0131r ve \u00e7ocuklar\u0131n e\u011fitim g\u00f6rebilmeleri i\u00e7in bir okul in\u015fa etmeye koyulur. \u015e\u00fcphesiz ilk \u00f6\u011fretmeni de o olacakt\u0131r bu derme \u00e7atma okulun. Hem k\u00f6y\u00fcn, hem kendisinin, hem de t\u00fcm gelecek ku\u015faklar\u0131n kaderini de\u011fi\u015ftirecek olan bu giri\u015fim \u00e7ok ac\u0131l\u0131 ve h\u00fcz\u00fcnl\u00fc bir hik\u00e2yenin de ba\u015flang\u0131c\u0131d\u0131r, bir destan\u0131n ba\u015flang\u0131c\u0131 oldu\u011fu kadar!<\/p>","protected":false},"featured_media":15788,"template":"","meta":{"spay_email":""},"product_cat":[171],"product_tag":[],"item":[759],"acf":[],"_links":{"self":[{"href":"https:\/\/mgvpublications.com\/de\/wp-json\/wp\/v2\/product\/15787"}],"collection":[{"href":"https:\/\/mgvpublications.com\/de\/wp-json\/wp\/v2\/product"}],"about":[{"href":"https:\/\/mgvpublications.com\/de\/wp-json\/wp\/v2\/types\/product"}],"wp:featuredmedia":[{"embeddable":true,"href":"https:\/\/mgvpublications.com\/de\/wp-json\/wp\/v2\/media\/15788"}],"wp:attachment":[{"href":"https:\/\/mgvpublications.com\/de\/wp-json\/wp\/v2\/media?parent=15787"}],"wp:term":[{"taxonomy":"product_cat","embeddable":true,"href":"https:\/\/mgvpublications.com\/de\/wp-json\/wp\/v2\/product_cat?post=15787"},{"taxonomy":"product_tag","embeddable":true,"href":"https:\/\/mgvpublications.com\/de\/wp-json\/wp\/v2\/product_tag?post=15787"},{"taxonomy":"item","embeddable":true,"href":"https:\/\/mgvpublications.com\/de\/wp-json\/wp\/v2\/item?post=15787"}],"curies":[{"name":"wp","href":"https:\/\/api.w.org\/{rel}","templated":true}]}}