{"id":15785,"date":"2020-01-31T01:49:57","date_gmt":"2020-01-31T00:49:57","guid":{"rendered":"https:\/\/dev2.mgvpublications.com\/produkt\/ibni-halduna-yon-veren-kuran-ayetleri-2\/"},"modified":"2022-03-08T22:49:02","modified_gmt":"2022-03-08T21:49:02","slug":"ibni-halduna-yon-veren-kuran-ayetleri-2","status":"publish","type":"product","link":"https:\/\/mgvpublications.com\/de\/ibni-halduna-yon-veren-kuran-ayetleri-2\/","title":{"rendered":"\u0130bni Halduna Y\u00f6n Veren Kuran Ayetleri"},"content":{"rendered":"<p>Yay\u0131n Tarihi\t2008-01-01<br \/>\nBask\u0131 Say\u0131s\u0131\t1. Bask\u0131<br \/>\nDil\tT\u00dcRK\u00c7E<br \/>\nSayfa Say\u0131s\u0131\t118<br \/>\nCilt Tipi\tKarton Kapak<br \/>\nKa\u011f\u0131t Cinsi\tKitap Ka\u011f\u0131d\u0131<br \/>\nBoyut\t19 x 10.5 cm<\/p>","protected":false},"excerpt":{"rendered":"<p>Mahmut Topta\u015f Me\u015fhur tarih\u00e7i \u0130bn-i Haldun, &#8220;Mukaddime&#8221;isimli eserinde, olaylar\u0131 tarihi, sosyolojik, psikolojik a\u00e7\u0131dan tahlil ederken, Kuran ayetlerinden b\u00fcy\u00fck \u00f6l\u00e7\u00fcde yararlanm\u0131\u015ft\u0131r. Mahmut Topta\u015f Hoca&#8217;da hem ayetleri hemde bu tahlilleri biraraya getirip bunlar\u0131n g\u00fcn\u00fcm\u00fcze yans\u0131mas\u0131n\u0131 irdelemi\u015f, b\u00f6ylece g\u00fczel bir kitap ortaya \u00e7\u0131km\u0131\u015ft\u0131r.<\/p>","protected":false},"featured_media":15786,"template":"","meta":{"spay_email":""},"product_cat":[174],"product_tag":[],"item":[836],"acf":[],"_links":{"self":[{"href":"https:\/\/mgvpublications.com\/de\/wp-json\/wp\/v2\/product\/15785"}],"collection":[{"href":"https:\/\/mgvpublications.com\/de\/wp-json\/wp\/v2\/product"}],"about":[{"href":"https:\/\/mgvpublications.com\/de\/wp-json\/wp\/v2\/types\/product"}],"wp:featuredmedia":[{"embeddable":true,"href":"https:\/\/mgvpublications.com\/de\/wp-json\/wp\/v2\/media\/15786"}],"wp:attachment":[{"href":"https:\/\/mgvpublications.com\/de\/wp-json\/wp\/v2\/media?parent=15785"}],"wp:term":[{"taxonomy":"product_cat","embeddable":true,"href":"https:\/\/mgvpublications.com\/de\/wp-json\/wp\/v2\/product_cat?post=15785"},{"taxonomy":"product_tag","embeddable":true,"href":"https:\/\/mgvpublications.com\/de\/wp-json\/wp\/v2\/product_tag?post=15785"},{"taxonomy":"item","embeddable":true,"href":"https:\/\/mgvpublications.com\/de\/wp-json\/wp\/v2\/item?post=15785"}],"curies":[{"name":"wp","href":"https:\/\/api.w.org\/{rel}","templated":true}]}}