{"id":15767,"date":"2019-09-10T20:34:42","date_gmt":"2019-09-10T18:34:42","guid":{"rendered":"https:\/\/dev2.mgvpublications.com\/produkt\/siyasette-35-yil-set-3\/"},"modified":"2025-04-26T18:55:56","modified_gmt":"2025-04-26T16:55:56","slug":"siyasette-35-yil-set-3","status":"publish","type":"product","link":"https:\/\/mgvpublications.com\/de\/siyasette-35-yil-set-3\/","title":{"rendered":"Siyasette 35 Yil Set"},"content":{"rendered":"","protected":false},"excerpt":{"rendered":"<p>\u201cBug\u00fcn geli\u015fmi\u015f \u00fclkelerde iki t\u00fcr politikac\u0131 vard\u0131r.<br \/>\nBirincisi, \u00fclkesini d\u0131\u015f s\u00f6m\u00fcr\u00fcden kurtarmak i\u00e7in \u00e7aba sarf eden politikac\u0131.<br \/>\nDi\u011feri ise \u00fclkesini d\u0131\u015f s\u00f6m\u00fcr\u00fcye alabildi\u011fine a\u00e7\u0131k tutan, bundan \u00e7\u0131kar sa\u011flayan politikac\u0131.\u201d<br \/>\nS\u00fcleyman Arif Emre<\/p>","protected":false},"featured_media":15768,"template":"","meta":{"spay_email":""},"product_cat":[173],"product_tag":[],"item":[335],"acf":[],"_links":{"self":[{"href":"https:\/\/mgvpublications.com\/de\/wp-json\/wp\/v2\/product\/15767"}],"collection":[{"href":"https:\/\/mgvpublications.com\/de\/wp-json\/wp\/v2\/product"}],"about":[{"href":"https:\/\/mgvpublications.com\/de\/wp-json\/wp\/v2\/types\/product"}],"wp:featuredmedia":[{"embeddable":true,"href":"https:\/\/mgvpublications.com\/de\/wp-json\/wp\/v2\/media\/15768"}],"wp:attachment":[{"href":"https:\/\/mgvpublications.com\/de\/wp-json\/wp\/v2\/media?parent=15767"}],"wp:term":[{"taxonomy":"product_cat","embeddable":true,"href":"https:\/\/mgvpublications.com\/de\/wp-json\/wp\/v2\/product_cat?post=15767"},{"taxonomy":"product_tag","embeddable":true,"href":"https:\/\/mgvpublications.com\/de\/wp-json\/wp\/v2\/product_tag?post=15767"},{"taxonomy":"item","embeddable":true,"href":"https:\/\/mgvpublications.com\/de\/wp-json\/wp\/v2\/item?post=15767"}],"curies":[{"name":"wp","href":"https:\/\/api.w.org\/{rel}","templated":true}]}}