{"id":15765,"date":"2019-07-08T13:45:58","date_gmt":"2019-07-08T11:45:58","guid":{"rendered":"https:\/\/dev2.mgvpublications.com\/produkt\/bahcede-kurulan-devlet-3\/"},"modified":"2022-03-08T22:49:01","modified_gmt":"2022-03-08T21:49:01","slug":"bahcede-kurulan-devlet-3","status":"publish","type":"product","link":"https:\/\/mgvpublications.com\/de\/bahcede-kurulan-devlet-3\/","title":{"rendered":"Bahcede Kurulan Devlet"},"content":{"rendered":"","protected":false},"excerpt":{"rendered":"<p>Necmettin Erbakan&#8217;\u0131 hi\u00e7 b\u00f6yle okumad\u0131n\u0131z<\/p>","protected":false},"featured_media":15766,"template":"","meta":{"spay_email":""},"product_cat":[172],"product_tag":[],"item":[453],"acf":[],"_links":{"self":[{"href":"https:\/\/mgvpublications.com\/de\/wp-json\/wp\/v2\/product\/15765"}],"collection":[{"href":"https:\/\/mgvpublications.com\/de\/wp-json\/wp\/v2\/product"}],"about":[{"href":"https:\/\/mgvpublications.com\/de\/wp-json\/wp\/v2\/types\/product"}],"wp:featuredmedia":[{"embeddable":true,"href":"https:\/\/mgvpublications.com\/de\/wp-json\/wp\/v2\/media\/15766"}],"wp:attachment":[{"href":"https:\/\/mgvpublications.com\/de\/wp-json\/wp\/v2\/media?parent=15765"}],"wp:term":[{"taxonomy":"product_cat","embeddable":true,"href":"https:\/\/mgvpublications.com\/de\/wp-json\/wp\/v2\/product_cat?post=15765"},{"taxonomy":"product_tag","embeddable":true,"href":"https:\/\/mgvpublications.com\/de\/wp-json\/wp\/v2\/product_tag?post=15765"},{"taxonomy":"item","embeddable":true,"href":"https:\/\/mgvpublications.com\/de\/wp-json\/wp\/v2\/item?post=15765"}],"curies":[{"name":"wp","href":"https:\/\/api.w.org\/{rel}","templated":true}]}}