{"id":15761,"date":"2019-07-08T13:41:46","date_gmt":"2019-07-08T11:41:46","guid":{"rendered":"https:\/\/dev2.mgvpublications.com\/produkt\/necmettin-ve-hediye-koc-3\/"},"modified":"2022-06-19T12:14:26","modified_gmt":"2022-06-19T10:14:26","slug":"necmettin-ve-hediye-koc-3","status":"publish","type":"product","link":"https:\/\/mgvpublications.com\/de\/necmettin-ve-hediye-koc-3\/","title":{"rendered":"Necmettin ve Hediye Koc"},"content":{"rendered":"","protected":false},"excerpt":{"rendered":"<p>Necmettin Erbakan&#8217;\u0131 hi\u00e7 b\u00f6yle okumad\u0131n\u0131z<\/p>","protected":false},"featured_media":15762,"template":"","meta":{"spay_email":""},"product_cat":[172],"product_tag":[],"item":[453],"acf":[],"_links":{"self":[{"href":"https:\/\/mgvpublications.com\/de\/wp-json\/wp\/v2\/product\/15761"}],"collection":[{"href":"https:\/\/mgvpublications.com\/de\/wp-json\/wp\/v2\/product"}],"about":[{"href":"https:\/\/mgvpublications.com\/de\/wp-json\/wp\/v2\/types\/product"}],"wp:featuredmedia":[{"embeddable":true,"href":"https:\/\/mgvpublications.com\/de\/wp-json\/wp\/v2\/media\/15762"}],"wp:attachment":[{"href":"https:\/\/mgvpublications.com\/de\/wp-json\/wp\/v2\/media?parent=15761"}],"wp:term":[{"taxonomy":"product_cat","embeddable":true,"href":"https:\/\/mgvpublications.com\/de\/wp-json\/wp\/v2\/product_cat?post=15761"},{"taxonomy":"product_tag","embeddable":true,"href":"https:\/\/mgvpublications.com\/de\/wp-json\/wp\/v2\/product_tag?post=15761"},{"taxonomy":"item","embeddable":true,"href":"https:\/\/mgvpublications.com\/de\/wp-json\/wp\/v2\/item?post=15761"}],"curies":[{"name":"wp","href":"https:\/\/api.w.org\/{rel}","templated":true}]}}