{"id":15758,"date":"2019-07-04T13:39:42","date_gmt":"2019-07-04T11:39:42","guid":{"rendered":"https:\/\/dev2.mgvpublications.com\/produkt\/ol-der-ve-olur-3\/"},"modified":"2022-03-08T22:48:59","modified_gmt":"2022-03-08T21:48:59","slug":"ol-der-ve-olur-3","status":"publish","type":"product","link":"https:\/\/mgvpublications.com\/de\/ol-der-ve-olur-3\/","title":{"rendered":"Ol der ve Olur"},"content":{"rendered":"<p>Yay\u0131n Tarihi 2017-10-01<br \/>\nISBN 6054726714<br \/>\nBask\u0131 Say\u0131s\u0131 2. Bask\u0131<br \/>\nDil T\u00dcRK\u00c7E<br \/>\nSayfa Say\u0131s\u0131 304<br \/>\nCilt Tipi Karton Kapak<br \/>\nKa\u011f\u0131t Cinsi Kitap Ka\u011f\u0131d\u0131<br \/>\nBoyut 13.5 x 21 cm[koo_icon name=&#8221;undefined&#8221; color=&#8221;&#8221; size=&#8221;&#8221;]<\/p>","protected":false},"excerpt":{"rendered":"<p>EY HAYAT!<br \/>\nDemek dile\u011fimi bana vermemek i\u00e7in direniyorsun\u2026<br \/>\nGe\u00e7mi\u015fi serbest b\u0131rakarak, ar\u0131narak, olumlamalar\u0131n g\u00fcc\u00fcyle, sezgilerimi do\u011fru kullanarak, en y\u00fcce dualarla, bilin\u00e7alt\u0131m\u0131n yard\u0131m\u0131yla, neden direndi\u011fini ve hangi ya\u015fam dersimi almam gerekti\u011fini de bularak, o yolla olmuyorsa ba\u015fka yolla, hi\u00e7 yolu yoksa kendi yolumu yaratarak yine de dile\u011fimi senden alaca\u011f\u0131m. Ve onu ger\u00e7ek yapaca\u011f\u0131m.<br \/>\n(VE \u00d6YLE DE OLDU)<\/p>\n<p>D\u0130LE\u011e\u0130N, \u00c7OK \u0130STED\u0130\u011e\u0130NDE DE\u011e\u0130L<br \/>\n\u00c7OK \u0130NANDI\u011eINDA GER\u00c7EKLE\u015e\u0130R.<\/p>\n<p>\u201cOL\u201d der ve OLUR b\u00f6l\u00fcmler:<\/p>\n<p>1. Spirit\u00fcel Enerji Yasalar\u0131<br \/>\n2. Bereket ve A\u015fk Senin Do\u011fu\u015ftan Hakk\u0131n<br \/>\n3. Ya\u015fanm\u0131\u015f Mucizeler<br \/>\n4. Hastal\u0131klar\u0131n Spirit\u00fcel ve Duygusal Sebepleri<br \/>\n5. \u0130li\u015fki \u015eifaland\u0131rmas\u0131<br \/>\n6. Telepatik Ba\u011f Kurma<br \/>\n7. Dualar\u0131n G\u00fcc\u00fc ve I\u015f\u0131\u011fa Yolculuk<br \/>\n8. VE \u00d6YLE DE OLDU<\/p>","protected":false},"featured_media":15759,"template":"","meta":{"spay_email":""},"product_cat":[174],"product_tag":[],"item":[468],"acf":[],"_links":{"self":[{"href":"https:\/\/mgvpublications.com\/de\/wp-json\/wp\/v2\/product\/15758"}],"collection":[{"href":"https:\/\/mgvpublications.com\/de\/wp-json\/wp\/v2\/product"}],"about":[{"href":"https:\/\/mgvpublications.com\/de\/wp-json\/wp\/v2\/types\/product"}],"wp:featuredmedia":[{"embeddable":true,"href":"https:\/\/mgvpublications.com\/de\/wp-json\/wp\/v2\/media\/15759"}],"wp:attachment":[{"href":"https:\/\/mgvpublications.com\/de\/wp-json\/wp\/v2\/media?parent=15758"}],"wp:term":[{"taxonomy":"product_cat","embeddable":true,"href":"https:\/\/mgvpublications.com\/de\/wp-json\/wp\/v2\/product_cat?post=15758"},{"taxonomy":"product_tag","embeddable":true,"href":"https:\/\/mgvpublications.com\/de\/wp-json\/wp\/v2\/product_tag?post=15758"},{"taxonomy":"item","embeddable":true,"href":"https:\/\/mgvpublications.com\/de\/wp-json\/wp\/v2\/item?post=15758"}],"curies":[{"name":"wp","href":"https:\/\/api.w.org\/{rel}","templated":true}]}}