{"id":15756,"date":"2019-07-03T13:28:41","date_gmt":"2019-07-03T11:28:41","guid":{"rendered":"https:\/\/dev2.mgvpublications.com\/produkt\/peygamber-efendimizin-s-a-v-hanimlari-gokteki-yildizlar-serisi-6-2\/"},"modified":"2022-03-08T22:48:59","modified_gmt":"2022-03-08T21:48:59","slug":"peygamber-efendimizin-s-a-v-hanimlari-gokteki-yildizlar-serisi-6-2","status":"publish","type":"product","link":"https:\/\/mgvpublications.com\/de\/peygamber-efendimizin-s-a-v-hanimlari-gokteki-yildizlar-serisi-6-2\/","title":{"rendered":"Peygamber Efendimizin (s.a.v.) Han\u0131mlar\u0131 \/ G\u00f6kteki Y\u0131ld\u0131zlar Serisi 6"},"content":{"rendered":"<p>Yay\u0131n Tarihi 2017-02-08<br \/>\nISBN 6059275378<br \/>\nBask\u0131 Say\u0131s\u0131 1. Bask\u0131<br \/>\nDil T\u00dcRK\u00c7E<br \/>\nSayfa Say\u0131s\u0131 144<br \/>\nCilt Tipi Karton Kapak<br \/>\nKa\u011f\u0131t Cinsi Kitap Ka\u011f\u0131d\u0131<br \/>\nBoyut 13.5 x 21 cm<\/p>","protected":false},"excerpt":{"rendered":"<p>M\u00fcsl\u00fcmanlar i\u00e7in ayr\u0131 bir yeri olan Hz.Peygamberimiz (s.a.v) Efendimizin m\u00fcbarek han\u0131mlar\u0131, M\u00fcminlerin anneleri;<\/p>\n<p>Hz. Hatice (r.anha)&#8230;&#8230;.<br \/>\nHz. Sevde (r.anha)&#8230;&#8230;..<br \/>\nHz. Ai\u015fe (r.anha)&#8230;&#8230;&#8230;..<br \/>\nHz. Hafsa (r.anha)&#8230;&#8230;&#8230;.<br \/>\nHz. Zeynep Binti Huzeyme (r.anha)&#8230;&#8230;&#8230;.<br \/>\nHz. \u00dcmm\u00fc Seleme (r.anha)&#8230;&#8230;&#8230;.<br \/>\nHz. Zeynep Binti Cah\u015f (r.anha)&#8230;&#8230;<br \/>\nHz. C\u00fcveyriye (r.anha)&#8230;&#8230;&#8230;<br \/>\nHz. Safiyye Binti Huyey (r.anha)&#8230;&#8230;.<br \/>\nHz. \u00dcmm\u00fc Habibe(r.anha)&#8230;&#8230;..<br \/>\nHz. Meymune Binti Haris (r.anha)&#8230;&#8230;&#8230;<br \/>\nHz. Mariye (r.anha)&#8230;&#8230;&#8230;..<br \/>\nHz. Reyhane (r.anha).&#8217;n\u0131n hayatlar\u0131 \u00e7o\u00e7uklar\u0131m\u0131z\u0131n anlayabilece\u011fi bir dille anlat\u0131lmaktad\u0131r.<\/p>","protected":false},"featured_media":15757,"template":"","meta":{"spay_email":""},"product_cat":[172,174],"product_tag":[],"item":[694],"acf":[],"_links":{"self":[{"href":"https:\/\/mgvpublications.com\/de\/wp-json\/wp\/v2\/product\/15756"}],"collection":[{"href":"https:\/\/mgvpublications.com\/de\/wp-json\/wp\/v2\/product"}],"about":[{"href":"https:\/\/mgvpublications.com\/de\/wp-json\/wp\/v2\/types\/product"}],"wp:featuredmedia":[{"embeddable":true,"href":"https:\/\/mgvpublications.com\/de\/wp-json\/wp\/v2\/media\/15757"}],"wp:attachment":[{"href":"https:\/\/mgvpublications.com\/de\/wp-json\/wp\/v2\/media?parent=15756"}],"wp:term":[{"taxonomy":"product_cat","embeddable":true,"href":"https:\/\/mgvpublications.com\/de\/wp-json\/wp\/v2\/product_cat?post=15756"},{"taxonomy":"product_tag","embeddable":true,"href":"https:\/\/mgvpublications.com\/de\/wp-json\/wp\/v2\/product_tag?post=15756"},{"taxonomy":"item","embeddable":true,"href":"https:\/\/mgvpublications.com\/de\/wp-json\/wp\/v2\/item?post=15756"}],"curies":[{"name":"wp","href":"https:\/\/api.w.org\/{rel}","templated":true}]}}