{"id":15390,"date":"2021-01-09T02:07:43","date_gmt":"2021-01-09T01:07:43","guid":{"rendered":"https:\/\/dev2.mgvpublications.com\/produkt\/bahar-gelince\/"},"modified":"2022-03-08T22:48:59","modified_gmt":"2022-03-08T21:48:59","slug":"bahar-gelince","status":"publish","type":"product","link":"https:\/\/mgvpublications.com\/de\/bahar-gelince\/","title":{"rendered":"Bahar Gelince"},"content":{"rendered":"<div class=\"attributes\">\n<table>\n<tbody>\n<tr>\n<td>Yay\u0131n Tarihi:<\/td>\n<td>13.11.2018<\/td>\n<\/tr>\n<tr>\n<td>ISBN:<\/td>\n<td>9786059267328<\/td>\n<\/tr>\n<tr>\n<td>Dil:<\/td>\n<td>T\u00dcRK\u00c7E<\/td>\n<\/tr>\n<tr>\n<td>Sayfa Say\u0131s\u0131:<\/td>\n<td>16<\/td>\n<\/tr>\n<tr>\n<td>Cilt Tipi:<\/td>\n<td>Karton Kapak<\/td>\n<\/tr>\n<tr>\n<td>Ka\u011f\u0131t Cinsi:<\/td>\n<td>Kitap Ka\u011f\u0131d\u0131<\/td>\n<\/tr>\n<tr>\n<td>Boyut:<\/td>\n<td>18 x 23 cm<\/td>\n<\/tr>\n<\/tbody>\n<\/table>\n<\/div>","protected":false},"excerpt":{"rendered":"<p>D\u00f6rt kitapl\u0131k seride, b\u00fcy\u00fckannesi ve b\u00fcy\u00fckbabas\u0131 taraf\u0131ndan b\u00fcy\u00fct\u00fclen k\u00fc\u00e7\u00fck bir k\u0131z\u0131n bir \u015feftali a\u011fac\u0131yla kurdu\u011fu ili\u015fki naif ve \u015fiirsel bir dille aktar\u0131l\u0131yor.<br \/>\nMevsimler birbiri ard\u0131nca gelip ge\u00e7erken, k\u00fc\u00e7\u00fck ve b\u00fcy\u00fck okur mevsimlerin ve \u015feftali a\u011fac\u0131n\u0131n d\u00f6ng\u00fcs\u00fcn\u00fc k\u00fc\u00e7\u00fck k\u0131z\u0131n g\u00f6z\u00fcnden takip ediyor.<br \/>\nSerinin d\u00f6rt kitab\u0131 da ayr\u0131 ayr\u0131 okunabilece\u011fi gibi Kumdan Kale Yay\u0131nlar\u0131 taraf\u0131ndan \u00f6nerilen okuma s\u0131ras\u0131 \u015fu \u015fekilde:<\/p>","protected":false},"featured_media":15391,"template":"","meta":{"spay_email":""},"product_cat":[172],"product_tag":[],"item":[1348],"acf":[],"_links":{"self":[{"href":"https:\/\/mgvpublications.com\/de\/wp-json\/wp\/v2\/product\/15390"}],"collection":[{"href":"https:\/\/mgvpublications.com\/de\/wp-json\/wp\/v2\/product"}],"about":[{"href":"https:\/\/mgvpublications.com\/de\/wp-json\/wp\/v2\/types\/product"}],"wp:featuredmedia":[{"embeddable":true,"href":"https:\/\/mgvpublications.com\/de\/wp-json\/wp\/v2\/media\/15391"}],"wp:attachment":[{"href":"https:\/\/mgvpublications.com\/de\/wp-json\/wp\/v2\/media?parent=15390"}],"wp:term":[{"taxonomy":"product_cat","embeddable":true,"href":"https:\/\/mgvpublications.com\/de\/wp-json\/wp\/v2\/product_cat?post=15390"},{"taxonomy":"product_tag","embeddable":true,"href":"https:\/\/mgvpublications.com\/de\/wp-json\/wp\/v2\/product_tag?post=15390"},{"taxonomy":"item","embeddable":true,"href":"https:\/\/mgvpublications.com\/de\/wp-json\/wp\/v2\/item?post=15390"}],"curies":[{"name":"wp","href":"https:\/\/api.w.org\/{rel}","templated":true}]}}