{"id":15384,"date":"2021-01-09T01:54:16","date_gmt":"2021-01-09T00:54:16","guid":{"rendered":"https:\/\/dev2.mgvpublications.com\/produkt\/zeytinin-harikulade-maceralari-tabletime-bayiliyorum\/"},"modified":"2022-03-08T22:48:58","modified_gmt":"2022-03-08T21:48:58","slug":"zeytinin-harikulade-maceralari-tabletime-bayiliyorum","status":"publish","type":"product","link":"https:\/\/mgvpublications.com\/de\/zeytinin-harikulade-maceralari-tabletime-bayiliyorum\/","title":{"rendered":"Zeytin\u2019in Harikulade Maceralar\u0131 Tabletime Bay\u0131l\u0131yorum!"},"content":{"rendered":"<table>\n<tbody>\n<tr>\n<td>Yay\u0131n Tarihi:<\/td>\n<td>24.10.2019<\/td>\n<\/tr>\n<tr>\n<td>ISBN:<\/td>\n<td>9786059267434<\/td>\n<\/tr>\n<tr>\n<td>Dil:<\/td>\n<td>T\u00dcRK\u00c7E<\/td>\n<\/tr>\n<tr>\n<td>Sayfa Say\u0131s\u0131:<\/td>\n<td>28<\/td>\n<\/tr>\n<tr>\n<td>Cilt Tipi:<\/td>\n<td>Karton Kapak<\/td>\n<\/tr>\n<tr>\n<td>Ka\u011f\u0131t Cinsi:<\/td>\n<td>Kitap Ka\u011f\u0131d\u0131<\/td>\n<\/tr>\n<tr>\n<td>Boyut:<\/td>\n<td>15 x 21 cm<\/td>\n<\/tr>\n<\/tbody>\n<\/table>","protected":false},"excerpt":{"rendered":"<p>Merhaba! Ben Zeytin.<br \/>\nArkada\u015flar\u0131mla oynamay\u0131, karde\u015fim \u00dcz\u00fcm\u2019le sava\u015fmay\u0131, resim yapmay\u0131, bir \u015feyler at\u0131\u015ft\u0131rmay\u0131, korkun\u00e7 hik\u00e2yeleri ve hayallerimde b\u00fct\u00fcn k\u00f6t\u00fcleri yenmeyi \u00e7ok seviyorum. Ama b\u00fct\u00fcn bunlardan \u00e7ok daha fazla sevdi\u011fim bir \u015fey var! Ben tabletime bay\u0131l\u0131yorum!<\/p>\n<p>B\u00fcy\u00fcklerin d\u00fcnyas\u0131na, b\u00fct\u00fcn \u00e7ocuklar gibi ekran\u0131 \u00e7ok seven Zeytin\u2019in g\u00f6z\u00fcnden bakmak ister misiniz? Hepimizin arad\u0131\u011f\u0131 \u00e7\u00f6z\u00fcm yollar\u0131yla ilgili k\u00fc\u00e7\u00fck ipu\u00e7lar\u0131 veren e\u011flenceli bir hik\u00e2yeye davetlisiniz!<\/p>","protected":false},"featured_media":16204,"template":"","meta":{"spay_email":""},"product_cat":[172],"product_tag":[],"item":[1348],"acf":[],"_links":{"self":[{"href":"https:\/\/mgvpublications.com\/de\/wp-json\/wp\/v2\/product\/15384"}],"collection":[{"href":"https:\/\/mgvpublications.com\/de\/wp-json\/wp\/v2\/product"}],"about":[{"href":"https:\/\/mgvpublications.com\/de\/wp-json\/wp\/v2\/types\/product"}],"wp:featuredmedia":[{"embeddable":true,"href":"https:\/\/mgvpublications.com\/de\/wp-json\/wp\/v2\/media\/16204"}],"wp:attachment":[{"href":"https:\/\/mgvpublications.com\/de\/wp-json\/wp\/v2\/media?parent=15384"}],"wp:term":[{"taxonomy":"product_cat","embeddable":true,"href":"https:\/\/mgvpublications.com\/de\/wp-json\/wp\/v2\/product_cat?post=15384"},{"taxonomy":"product_tag","embeddable":true,"href":"https:\/\/mgvpublications.com\/de\/wp-json\/wp\/v2\/product_tag?post=15384"},{"taxonomy":"item","embeddable":true,"href":"https:\/\/mgvpublications.com\/de\/wp-json\/wp\/v2\/item?post=15384"}],"curies":[{"name":"wp","href":"https:\/\/api.w.org\/{rel}","templated":true}]}}