{"id":15373,"date":"2021-01-09T01:18:47","date_gmt":"2021-01-09T00:18:47","guid":{"rendered":"https:\/\/dev2.mgvpublications.com\/produkt\/yarin-bizimdir-yoldaslar\/"},"modified":"2022-03-08T22:48:54","modified_gmt":"2022-03-08T21:48:54","slug":"yarin-bizimdir-yoldaslar","status":"publish","type":"product","link":"https:\/\/mgvpublications.com\/de\/yarin-bizimdir-yoldaslar\/","title":{"rendered":"Yar\u0131n Bizimdir Yolda\u015flar"},"content":{"rendered":"<div>\u00c7evirmen: Metin Alemdar<\/div>\n<div>Yay\u0131n Tarihi: 06.12.2018<\/div>\n<div>Orijinal Ad\u0131: At\u00e9 Amanh\u00e2<\/div>\n<div>ISBN: 9789757530275<\/div>\n<div>Dil: T\u00dcRK\u00c7E<\/div>\n<div>Sayfa Say\u0131s\u0131: 416<\/div>\n<div>Cilt Tipi: Karton Kapak<\/div>\n<div>Ka\u011f\u0131t Cinsi: Kitap Ka\u011f\u0131d\u0131<\/div>\n<div>Boyut: 12.5 x 19.5 cm<\/div>","protected":false},"excerpt":{"rendered":"<p>Kitapta, Portekiz Kom\u00fcnist Partisi&#8217;nin bir yerel \u00f6rg\u00fct\u00fcne ba\u011fl\u0131 k\u00f6yle militanlar, derin anlaml\u0131 s\u00f6zleriyle partinin o g\u00fcnk\u00fc m\u00fccadelesinin acil sorunlar\u0131n\u0131 ve gelece\u011fini tart\u0131\u015f\u0131yor; roman, partilerin \u00f6zg\u00fcrl\u00fck sava\u015f\u0131n\u0131, yeralt\u0131 ya\u015fam\u0131n\u0131 kitlelerle ba\u011flar\u0131n\u0131, yenilen genel grev y\u00fcz\u00fcnden a\u011f\u0131r bir darbe yiyen \u00f6rg\u00fct\u00fcn hem \u00f6\u011fretici ve d\u00fc\u015f\u00fcnd\u00fcr\u00fcc\u00fc, hem de duyguland\u0131r\u0131c\u0131 ve etkileyici bi\u00e7imde yans\u0131t\u0131yor. Partinin sonut durumlar\u0131n somut analizini zaman\u0131nda yap\u0131p do\u011fru kararlara varmazsa kitlelerin \u00f6nc\u00fcs\u00fc olmaktan \u00e7\u0131k\u0131p geride kalaca\u011f\u0131 ger\u00e7e\u011fini, kendi deyi\u015fleriyle &#8220;E\u011fer parti s\u00f6z\u00fcn\u00fc vaktinde s\u00f6ylemezse, i\u015f\u00e7i s\u0131n\u0131f\u0131 onun \u00f6n\u00fcne ge\u00e7mi\u015f olacakt\u0131r,&#8221; bi\u00e7iminde dile getiriyor roman\u0131n kahramanlar\u0131.<br \/>\ndevam\u0131n\u0131 oku<\/p>","protected":false},"featured_media":16201,"template":"","meta":{"spay_email":""},"product_cat":[168],"product_tag":[],"item":[724],"acf":[],"_links":{"self":[{"href":"https:\/\/mgvpublications.com\/de\/wp-json\/wp\/v2\/product\/15373"}],"collection":[{"href":"https:\/\/mgvpublications.com\/de\/wp-json\/wp\/v2\/product"}],"about":[{"href":"https:\/\/mgvpublications.com\/de\/wp-json\/wp\/v2\/types\/product"}],"wp:featuredmedia":[{"embeddable":true,"href":"https:\/\/mgvpublications.com\/de\/wp-json\/wp\/v2\/media\/16201"}],"wp:attachment":[{"href":"https:\/\/mgvpublications.com\/de\/wp-json\/wp\/v2\/media?parent=15373"}],"wp:term":[{"taxonomy":"product_cat","embeddable":true,"href":"https:\/\/mgvpublications.com\/de\/wp-json\/wp\/v2\/product_cat?post=15373"},{"taxonomy":"product_tag","embeddable":true,"href":"https:\/\/mgvpublications.com\/de\/wp-json\/wp\/v2\/product_tag?post=15373"},{"taxonomy":"item","embeddable":true,"href":"https:\/\/mgvpublications.com\/de\/wp-json\/wp\/v2\/item?post=15373"}],"curies":[{"name":"wp","href":"https:\/\/api.w.org\/{rel}","templated":true}]}}