{"id":15367,"date":"2021-01-09T01:13:23","date_gmt":"2021-01-09T00:13:23","guid":{"rendered":"https:\/\/dev2.mgvpublications.com\/produkt\/bana-bir-yol-cizer-misin\/"},"modified":"2022-03-08T22:48:53","modified_gmt":"2022-03-08T21:48:53","slug":"bana-bir-yol-cizer-misin","status":"publish","type":"product","link":"https:\/\/mgvpublications.com\/de\/bana-bir-yol-cizer-misin\/","title":{"rendered":"Bana Bir Yol \u00c7izer Misin?"},"content":{"rendered":"<table>\n<tbody>\n<tr>\n<td>Yay\u0131n Tarihi:<\/td>\n<td>18.12.2018<\/td>\n<\/tr>\n<tr>\n<td>ISBN:<\/td>\n<td>9786053115175<\/td>\n<\/tr>\n<tr>\n<td>Dil:<\/td>\n<td>T\u00dcRK\u00c7E<\/td>\n<\/tr>\n<tr>\n<td>Sayfa Say\u0131s\u0131:<\/td>\n<td>144<\/td>\n<\/tr>\n<tr>\n<td>Cilt Tipi:<\/td>\n<td>Karton Kapak<\/td>\n<\/tr>\n<tr>\n<td>Ka\u011f\u0131t Cinsi:<\/td>\n<td>Kitap Ka\u011f\u0131d\u0131<\/td>\n<\/tr>\n<tr>\n<td>Boyut:<\/td>\n<td>13.5 x 19.5 cm<\/td>\n<\/tr>\n<\/tbody>\n<\/table>","protected":false},"excerpt":{"rendered":"<p>El \u00e2lem ne der ile vicdan\u0131m ne der duvarlar\u0131ndan olu\u015fan labirent aras\u0131nda kalan insanl\u0131\u011f\u0131n, bu \u00e7\u0131kmazdan kurtulmak ad\u0131na, k\u00e2h el \u00e2leme k\u00e2h vicdana \u00e7arpa \u00e7arpa yol almas\u0131 m\u00fcmk\u00fcn m\u00fc? En en az bu soru kadar i\u00e7inizden ge\u00e7irip ifade edemediklerinize ayna tutan bir eserle bulu\u015fmak istemez misiniz? Elinizdeki kitap i\u00e7 yolculu\u011funuzda arkada\u015f\u0131n\u0131z olmak i\u00e7in&#8230;<\/p>","protected":false},"featured_media":15368,"template":"","meta":{"spay_email":""},"product_cat":[168],"product_tag":[],"item":[1350],"acf":[],"_links":{"self":[{"href":"https:\/\/mgvpublications.com\/de\/wp-json\/wp\/v2\/product\/15367"}],"collection":[{"href":"https:\/\/mgvpublications.com\/de\/wp-json\/wp\/v2\/product"}],"about":[{"href":"https:\/\/mgvpublications.com\/de\/wp-json\/wp\/v2\/types\/product"}],"wp:featuredmedia":[{"embeddable":true,"href":"https:\/\/mgvpublications.com\/de\/wp-json\/wp\/v2\/media\/15368"}],"wp:attachment":[{"href":"https:\/\/mgvpublications.com\/de\/wp-json\/wp\/v2\/media?parent=15367"}],"wp:term":[{"taxonomy":"product_cat","embeddable":true,"href":"https:\/\/mgvpublications.com\/de\/wp-json\/wp\/v2\/product_cat?post=15367"},{"taxonomy":"product_tag","embeddable":true,"href":"https:\/\/mgvpublications.com\/de\/wp-json\/wp\/v2\/product_tag?post=15367"},{"taxonomy":"item","embeddable":true,"href":"https:\/\/mgvpublications.com\/de\/wp-json\/wp\/v2\/item?post=15367"}],"curies":[{"name":"wp","href":"https:\/\/api.w.org\/{rel}","templated":true}]}}