{"id":15365,"date":"2021-01-09T01:09:28","date_gmt":"2021-01-09T00:09:28","guid":{"rendered":"https:\/\/dev2.mgvpublications.com\/produkt\/yesilin-kizi-anne\/"},"modified":"2022-03-08T22:48:53","modified_gmt":"2022-03-08T21:48:53","slug":"yesilin-kizi-anne","status":"publish","type":"product","link":"https:\/\/mgvpublications.com\/de\/yesilin-kizi-anne\/","title":{"rendered":"Ye\u015filin K\u0131z\u0131 Anne"},"content":{"rendered":"<div>\u00c7evirmen: Esra Damla \u0130pek\u00e7i<\/div>\n<div>Editor: Sel\u00e7uk Uzman<\/div>\n<div>Yay\u0131n Tarihi: 15.01.2020<\/div>\n<div>Orijinal Ad\u0131: Anne of Green Gables<\/div>\n<div>ISBN: 9786058001602<\/div>\n<div>Dil: T\u00dcRK\u00c7E<\/div>\n<div>Sayfa Say\u0131s\u0131: 328<\/div>\n<div>Cilt Tipi: Karton Kapak<\/div>\n<div>Ka\u011f\u0131t Cinsi: Kitap Ka\u011f\u0131d\u0131<\/div>\n<div>Boyut: 13 x 20 cm<\/div>","protected":false},"excerpt":{"rendered":"<p>Ye\u015filin K\u0131z\u0131 Anne ya da di\u011fer ad\u0131yla Green Gables\u2019tan Anne, Lucy Maud Montgomery\u2019nin c\u00fcmlelerinde \u00e2deta par\u0131ldayan i\u00e7tenli\u011fi ve ger\u00e7ek\u00e7ili\u011fi sebebiyle hep sevildi. Sinemaya uyarland\u0131, \u00e7izgi filmi yap\u0131ld\u0131, \u00e7ocuklar i\u00e7in k\u0131salt\u0131ld\u0131. Son olarak Anne, kitaptan uyarlanan Netflix dizisiyle herkesin kalbinde taht kuran bir romantik kahramana d\u00f6n\u00fc\u015ft\u00fc.<br \/>\nErkek \u00e7ocuk evlat edinmek isteyen Marilla ve Matthew karde\u015flerin planlar\u0131, beklenmedik bir durumla sars\u0131l\u0131r. Green Gables\u2019a g\u00f6nderilen \u00e7ocuk; duygusall\u0131\u011f\u0131, samimiyeti, k\u0131z\u0131l sa\u00e7lar\u0131 ve sonu gelmez merak\u0131yla sevimli mi sevimli bir k\u0131z \u00e7ocu\u011fudur. Ad\u0131n\u0131n sonuna ekledi\u011fi \u201cE\u201d harfiyle muzipli\u011fini tamamlayan Anne isimli bu yaramaz, sadece ihtiyar karde\u015flerin de\u011fil, dokundu\u011fu herkesin hayat\u0131n\u0131, renklerin birbiriyle kayna\u015ft\u0131\u011f\u0131 tablolara d\u00f6n\u00fc\u015ft\u00fcr\u00fcr. \u00c7at\u0131 kat\u0131ndaki odas\u0131n\u0131n penceresinden kurdu\u011fu hayallerdir bu tablolar\u0131n f\u0131r\u00e7a izlerinde okuru bekleyen.<br \/>\nHayallerin g\u00fcc\u00fcn\u00fc fark etmeyi vadeden Ye\u015filin K\u0131z\u0131 Anne, ilk kez SaltOkur taraf\u0131ndan eksiksiz olarak T\u00fcrk\u00e7eye \u00e7evrildi. Hayat\u0131 oldu\u011fu gibi kabul etmemeyi, direnmeyi ve b\u0131kmadan sevmeyi hat\u0131rlatmak i\u00e7in\u2026<br \/>\nAnne, \u00f6l\u00fcms\u00fcz Alice\u2019ten sonra edebiyat d\u00fcnyas\u0131ndaki en g\u00f6zde, en sevilesi \u00e7ocuktur.<br \/>\n\u2013 Mark Twain<\/p>\n<p>Anne, \u00e7evresindeki d\u00fcnyadan zevk alan ve hayalleri yard\u0131m\u0131yla ne\u015fesini herkese bula\u015ft\u0131ran bir karakter.<br \/>\n\u2014Guardian<\/p>\n<p>Bu kitap pek \u00e7ok yan\u0131yla bir klasik. Fakat en \u00f6nemlisi, etkileyici, ilham verici ve elbette tamam\u0131yla zamans\u0131z bir hik\u00e2ye anlat\u0131yor.<br \/>\n\u2014The National<\/p>\n<p>Anne, hepimizin onda kendini bulabilece\u011fi bir k\u0131z. S\u00fcrekli \u00e7uvall\u0131yor, hat\u0131r\u0131 say\u0131lacak derecede sahte dostu ve her \u015feye bir cevab\u0131 var. Bazen de bamba\u015fka bir hayata, isme ve sa\u00e7 rengine sahip olmay\u0131 diliyor. Ye\u015filin K\u0131z\u0131 Anne tam da bunlar y\u00fcz\u00fcnden ger\u00e7ek hayat\u0131n\u0131zdaki endi\u015felerinizle ba\u015fa \u00e7\u0131kmak i\u00e7in bire bir. Ba\u015f\u0131na her ne gelirse gelsin, Anne her zaman d\u00fcnyadaki g\u00fczellikleri g\u00f6rmeyi ba\u015far\u0131yor.<br \/>\n\u2014Bustle<br \/>\ndevam\u0131n\u0131 oku<\/p>","protected":false},"featured_media":16199,"template":"","meta":{"spay_email":""},"product_cat":[168],"product_tag":[],"item":[1249],"acf":[],"_links":{"self":[{"href":"https:\/\/mgvpublications.com\/de\/wp-json\/wp\/v2\/product\/15365"}],"collection":[{"href":"https:\/\/mgvpublications.com\/de\/wp-json\/wp\/v2\/product"}],"about":[{"href":"https:\/\/mgvpublications.com\/de\/wp-json\/wp\/v2\/types\/product"}],"wp:featuredmedia":[{"embeddable":true,"href":"https:\/\/mgvpublications.com\/de\/wp-json\/wp\/v2\/media\/16199"}],"wp:attachment":[{"href":"https:\/\/mgvpublications.com\/de\/wp-json\/wp\/v2\/media?parent=15365"}],"wp:term":[{"taxonomy":"product_cat","embeddable":true,"href":"https:\/\/mgvpublications.com\/de\/wp-json\/wp\/v2\/product_cat?post=15365"},{"taxonomy":"product_tag","embeddable":true,"href":"https:\/\/mgvpublications.com\/de\/wp-json\/wp\/v2\/product_tag?post=15365"},{"taxonomy":"item","embeddable":true,"href":"https:\/\/mgvpublications.com\/de\/wp-json\/wp\/v2\/item?post=15365"}],"curies":[{"name":"wp","href":"https:\/\/api.w.org\/{rel}","templated":true}]}}