{"id":15347,"date":"2021-01-09T00:46:35","date_gmt":"2021-01-08T23:46:35","guid":{"rendered":"https:\/\/dev2.mgvpublications.com\/produkt\/tuhaf-bir-gezginin-gizemli-oykusu\/"},"modified":"2022-03-23T15:52:38","modified_gmt":"2022-03-23T14:52:38","slug":"tuhaf-bir-gezginin-gizemli-oykusu","status":"publish","type":"product","link":"https:\/\/mgvpublications.com\/de\/tuhaf-bir-gezginin-gizemli-oykusu\/","title":{"rendered":"Tuhaf Bir Gezgin&#8217;in Gizemli \u00d6yk\u00fcs\u00fc"},"content":{"rendered":"<p>Yay\u0131n Tarihi: 01.12.2019<br \/>ISBN: 9786056821714<br \/>Dil: T\u00dcRK\u00c7E<br \/>Sayfa Say\u0131s\u0131: 112<br \/>Cilt Tipi: Karton Kapak<br \/>Ka\u011f\u0131t Cinsi: Kitap Ka\u011f\u0131d\u0131<br \/>Boyut: 12.5 x 19.5 cm<\/p>","protected":false},"excerpt":{"rendered":"<p>Yaz\u0131lmay\u0131nca, an\u0131lmay\u0131nca, hat\u0131rlanmay\u0131nca ya\u015fananlar&#8230; ya\u015fanm\u0131\u015f say\u0131l\u0131r m\u0131yd\u0131?\u201d &#8220;\u0130yi Dertler Arkada\u015flar\u201d\u0131n yazar\u0131ndan bu sefer kurmaca bir ser\u00fcven. D\u00fcnyay\u0131 dola\u015f\u0131p el yazmas\u0131 g\u00fcnl\u00fckleri ve hikayelerini avlayan bir gezginin maceras\u0131na kat\u0131lmaya haz\u0131r m\u0131s\u0131n\u0131z? Amerika\u2019dan Fransa\u2019ya, Sicilya\u2019dan \u0130spanya\u2019ya, M\u0131s\u0131r\u2019dan Fas\u2019a, K\u0131br\u0131s\u2019tan Kud\u00fcs\u2019e film tad\u0131nda bir yolculuk sizi bekliyor. Okurken \u00fclkelerin daha \u00f6nce bilmedi\u011finiz yerlerine dikkat kesilirken g\u00fcnl\u00fcklerin hikayelerine hayran kalacaks\u0131n\u0131z. Sinematik \u00d6yk\u00fc format\u0131n\u0131n ba\u015fat \u00f6rneklerinden olan bu kitap size farkl\u0131 bir deneyim vaat ediyor. \u0130yi Dertler serisinin ikinci kitab\u0131 olan &#8220;Tuhaf Bir Gezginin Gizemli \u00d6yk\u00fcs\u00fc\u201d sizi heyecanl\u0131 bir maceraya \u00e7a\u011f\u0131r\u0131yor. &#8220;\u00c7\u00fcnk\u00fc tarih, tarih kitaplar\u0131nda anlat\u0131ld\u0131\u011f\u0131 gibi de\u011fildir. Tarih, \u015fahit olanlar\u0131n hat\u0131ralar\u0131nda kaland\u0131r. Ben o hat\u0131ralar\u0131n pe\u015findeyim\u2026\u201d<\/p>","protected":false},"featured_media":22597,"template":"","meta":{"spay_email":""},"product_cat":[168],"product_tag":[],"item":[1090],"acf":[],"_links":{"self":[{"href":"https:\/\/mgvpublications.com\/de\/wp-json\/wp\/v2\/product\/15347"}],"collection":[{"href":"https:\/\/mgvpublications.com\/de\/wp-json\/wp\/v2\/product"}],"about":[{"href":"https:\/\/mgvpublications.com\/de\/wp-json\/wp\/v2\/types\/product"}],"wp:featuredmedia":[{"embeddable":true,"href":"https:\/\/mgvpublications.com\/de\/wp-json\/wp\/v2\/media\/22597"}],"wp:attachment":[{"href":"https:\/\/mgvpublications.com\/de\/wp-json\/wp\/v2\/media?parent=15347"}],"wp:term":[{"taxonomy":"product_cat","embeddable":true,"href":"https:\/\/mgvpublications.com\/de\/wp-json\/wp\/v2\/product_cat?post=15347"},{"taxonomy":"product_tag","embeddable":true,"href":"https:\/\/mgvpublications.com\/de\/wp-json\/wp\/v2\/product_tag?post=15347"},{"taxonomy":"item","embeddable":true,"href":"https:\/\/mgvpublications.com\/de\/wp-json\/wp\/v2\/item?post=15347"}],"curies":[{"name":"wp","href":"https:\/\/api.w.org\/{rel}","templated":true}]}}