{"id":15343,"date":"2021-01-09T00:39:34","date_gmt":"2021-01-08T23:39:34","guid":{"rendered":"https:\/\/dev2.mgvpublications.com\/produkt\/dagildik-allahim-sen-topla-bizi-muhabbet-yazilari-1\/"},"modified":"2022-04-08T06:18:03","modified_gmt":"2022-04-08T04:18:03","slug":"dagildik-allahim-sen-topla-bizi-muhabbet-yazilari-1","status":"publish","type":"product","link":"https:\/\/mgvpublications.com\/de\/dagildik-allahim-sen-topla-bizi-muhabbet-yazilari-1\/","title":{"rendered":"Da\u011f\u0131ld\u0131k Allah\u2019\u0131m Sen Topla Bizi \/ Muhabbet Yaz\u0131lar\u0131 1"},"content":{"rendered":"<p>Yay\u0131n Tarihi: 23.10.2020<br \/>ISBN: 9786051835730<br \/>Dil: T\u00dcRK\u00c7E<br \/>Sayfa Say\u0131s\u0131: 184<br \/>Cilt Tipi: Karton Kapak<br \/>Ka\u011f\u0131t Cinsi: Kitap Ka\u011f\u0131d\u0131<br \/>Boyut: 13.5 x 21 cm<\/p>","protected":false},"excerpt":{"rendered":"<p>\u0130nsan derdini anlatmak i\u00e7in onlarca yol bulabilir belki k\u00e2ri. Kimi s\u00f6yler, kimi a\u011flar, kimi ka\u00e7ar gider ve kimi de yazar. Ama bence en asil olan\u0131 susmak. Ben yazmay\u0131 s\u00f6ylemekten de\u011fil de susmaktan bir c\u00fcz olarak g\u00f6renlerdenim. Yazarak susmak diye bir h\u00e2l bu bahsetti\u011fim. Kendine saklamaya g\u00fcc\u00fcn\u00fcn yetmediklerinin ard\u0131na saklanmak bir \u00e7e\u015fit. Tan\u0131mad\u0131\u011f\u0131n, tan\u0131\u015fmad\u0131\u011f\u0131n biriyle dertle\u015fmek gibi. Hem s\u00f6ylemek hem de s\u00f6ylememek yani. \u015eimdi de bir muhabbet halkas\u0131 kuruyorum kendi i\u00e7imde. \u0130smine \u201cmuhabbet yaz\u0131lar\u0131\u201d diyorum bunun. Sen sever misin ad\u0131n\u0131 bilmem ama ben sevdim. Her derdime bir s\u0131r verip \u00fc\u00e7 ayr\u0131 kitap olsun istedim. S\u00f6zle\u015fmi\u015f gibi bir k\u0131raathanede \u00e7aylar\u0131m\u0131z\u0131 yudumlarken dertle\u015fti\u011fimizi, muhabbet etti\u011fimizi hayal ettim. S\u00f6yleyince dinleyen bulunmuyordu yaz\u0131nca olur diye d\u00fc\u015f\u00fcnd\u00fcm. Can\u0131m k\u00e2ri, say ki bir dostun i\u00e7ini d\u00f6kmesidir bu. Dua eder gibi sessiz feryat etmesidir. \u00d6nce kendinde g\u00f6rd\u00fc\u011f\u00fc kusurlar\u0131 bir bir a\u015fik\u00e2r etmesidir. G\u00f6nl\u00fcnde ta\u015f\u0131d\u0131klar\u0131 her da\u011f\u0131ld\u0131\u011f\u0131nda \u201cTopla Allah\u2019\u0131m\u201d diye dua etmesidir.<\/p>","protected":false},"featured_media":23129,"template":"","meta":{"spay_email":""},"product_cat":[168],"product_tag":[],"item":[732],"acf":[],"_links":{"self":[{"href":"https:\/\/mgvpublications.com\/de\/wp-json\/wp\/v2\/product\/15343"}],"collection":[{"href":"https:\/\/mgvpublications.com\/de\/wp-json\/wp\/v2\/product"}],"about":[{"href":"https:\/\/mgvpublications.com\/de\/wp-json\/wp\/v2\/types\/product"}],"wp:featuredmedia":[{"embeddable":true,"href":"https:\/\/mgvpublications.com\/de\/wp-json\/wp\/v2\/media\/23129"}],"wp:attachment":[{"href":"https:\/\/mgvpublications.com\/de\/wp-json\/wp\/v2\/media?parent=15343"}],"wp:term":[{"taxonomy":"product_cat","embeddable":true,"href":"https:\/\/mgvpublications.com\/de\/wp-json\/wp\/v2\/product_cat?post=15343"},{"taxonomy":"product_tag","embeddable":true,"href":"https:\/\/mgvpublications.com\/de\/wp-json\/wp\/v2\/product_tag?post=15343"},{"taxonomy":"item","embeddable":true,"href":"https:\/\/mgvpublications.com\/de\/wp-json\/wp\/v2\/item?post=15343"}],"curies":[{"name":"wp","href":"https:\/\/api.w.org\/{rel}","templated":true}]}}