{"id":15341,"date":"2021-01-09T00:37:47","date_gmt":"2021-01-08T23:37:47","guid":{"rendered":"https:\/\/dev2.mgvpublications.com\/produkt\/turkiyenin-agaclari-albumu-meyve-agaclari\/"},"modified":"2022-03-08T22:48:50","modified_gmt":"2022-03-08T21:48:50","slug":"turkiyenin-agaclari-albumu-meyve-agaclari","status":"publish","type":"product","link":"https:\/\/mgvpublications.com\/de\/turkiyenin-agaclari-albumu-meyve-agaclari\/","title":{"rendered":"T\u00fcrkiye\u2019nin A\u011fa\u00e7lar\u0131 Alb\u00fcm\u00fc Meyve A\u011fa\u00e7lar\u0131"},"content":{"rendered":"<div>\u00c7izer: Karen Fung<\/div>\n<div>Yay\u0131n Tarihi: 02.11.2020<\/div>\n<div>ISBN: 9786059267298<\/div>\n<div>Dil: T\u00dcRK\u00c7E<\/div>\n<div>Sayfa Say\u0131s\u0131: 40<\/div>\n<div>Cilt Tipi: Karton Kapak<\/div>\n<div>Ka\u011f\u0131t Cinsi: 2. Hm. Ka\u011f\u0131t<\/div>\n<div>Boyut: 20 x 25 cm<\/div>","protected":false},"excerpt":{"rendered":"<p>T\u00fcrkiye\u2019nin A\u011fa\u00e7lar\u0131 Alb\u00fcm\u00fc, \u00e7ocuklar\u0131n ve b\u00fcy\u00fcklerin a\u011fa\u00e7lar\u0131 tan\u0131mas\u0131n\u0131 ve ay\u0131rt etmesini kolayla\u015ft\u0131racak bir rehber seri.<br \/>\nElinizdeki rehberde neler bulacaks\u0131n\u0131z?<br \/>\nA\u011fac\u0131n Latince ismi, s\u0131n\u0131f\u0131, ailesi ve cinsi. Bu bilimsel s\u0131n\u0131fland\u0131rma sayesinde istedi\u011finiz a\u011fa\u00e7la ilgili ara\u015ft\u0131rma yapabilirsiniz.<br \/>\n\u0130nfo-grafikler: A\u011fac\u0131n T\u00fcrkiye\u2019de nerelerde g\u00f6r\u00fcld\u00fc\u011f\u00fc. A\u011fac\u0131n ula\u015fabilece\u011fi en uzun boy. Boyunun di\u011fer a\u011fa\u00e7larla yahut bir binayla kar\u015f\u0131la\u015ft\u0131r\u0131lmas\u0131. Deniz seviyesinden ne kadar y\u00fcksekte yeti\u015febilece\u011fi.<br \/>\nYaprak, \u00e7i\u00e7ek, meyve ve tohum g\u00f6rselleriyle birlikte ayr\u0131nt\u0131l\u0131 bilgiler.<br \/>\nBirbirine benzeyen a\u011fa\u00e7 t\u00fcrlerini ay\u0131rt etmek i\u00e7in ipu\u00e7lar\u0131.<br \/>\nA\u011fa\u00e7lar\u0131n hangi end\u00fcstrilerde kullan\u0131ld\u0131\u011f\u0131.<br \/>\nA\u011fa\u00e7lar\u0131n anavatan\u0131, nerelerde yeti\u015fti\u011fi ve a\u011fa\u00e7larla ilgili ilgin\u00e7 bilgiler.<br \/>\ndevam\u0131n\u0131 oku<\/p>","protected":false},"featured_media":16187,"template":"","meta":{"spay_email":""},"product_cat":[171,172],"product_tag":[],"item":[1348],"acf":[],"_links":{"self":[{"href":"https:\/\/mgvpublications.com\/de\/wp-json\/wp\/v2\/product\/15341"}],"collection":[{"href":"https:\/\/mgvpublications.com\/de\/wp-json\/wp\/v2\/product"}],"about":[{"href":"https:\/\/mgvpublications.com\/de\/wp-json\/wp\/v2\/types\/product"}],"wp:featuredmedia":[{"embeddable":true,"href":"https:\/\/mgvpublications.com\/de\/wp-json\/wp\/v2\/media\/16187"}],"wp:attachment":[{"href":"https:\/\/mgvpublications.com\/de\/wp-json\/wp\/v2\/media?parent=15341"}],"wp:term":[{"taxonomy":"product_cat","embeddable":true,"href":"https:\/\/mgvpublications.com\/de\/wp-json\/wp\/v2\/product_cat?post=15341"},{"taxonomy":"product_tag","embeddable":true,"href":"https:\/\/mgvpublications.com\/de\/wp-json\/wp\/v2\/product_tag?post=15341"},{"taxonomy":"item","embeddable":true,"href":"https:\/\/mgvpublications.com\/de\/wp-json\/wp\/v2\/item?post=15341"}],"curies":[{"name":"wp","href":"https:\/\/api.w.org\/{rel}","templated":true}]}}