{"id":15337,"date":"2021-01-09T00:35:38","date_gmt":"2021-01-08T23:35:38","guid":{"rendered":"https:\/\/dev2.mgvpublications.com\/produkt\/kardesim-ruzgar-kardesim-deniz\/"},"modified":"2022-03-08T22:48:50","modified_gmt":"2022-03-08T21:48:50","slug":"kardesim-ruzgar-kardesim-deniz","status":"publish","type":"product","link":"https:\/\/mgvpublications.com\/de\/kardesim-ruzgar-kardesim-deniz\/","title":{"rendered":"Karde\u015fim R\u00fczgar, Karde\u015fim Deniz"},"content":{"rendered":"<table>\n<tbody>\n<tr>\n<td>\u00c7evirmen:<\/td>\n<td><a href=\"https:\/\/www.kitapyurdu.com\/yazar\/zeyyat-selimoglu\/1176.html\" target=\"_blank\" rel=\"noopener\">Zeyyat Selimo\u011flu<\/a><\/td>\n<\/tr>\n<tr>\n<td>Yay\u0131n Tarihi:<\/td>\n<td>25.07.2019<\/td>\n<\/tr>\n<tr>\n<td>ISBN:<\/td>\n<td>9789750719806<\/td>\n<\/tr>\n<tr>\n<td>Dil:<\/td>\n<td>T\u00dcRK\u00c7E<\/td>\n<\/tr>\n<tr>\n<td>Sayfa Say\u0131s\u0131:<\/td>\n<td>192<\/td>\n<\/tr>\n<tr>\n<td>Cilt Tipi:<\/td>\n<td>Karton Kapak<\/td>\n<\/tr>\n<tr>\n<td>Ka\u011f\u0131t Cinsi:<\/td>\n<td>3. Hm. Ka\u011f\u0131t<\/td>\n<\/tr>\n<tr>\n<td>Boyut:<\/td>\n<td>12.5 x 19.5 cm<\/td>\n<\/tr>\n<\/tbody>\n<\/table>","protected":false},"excerpt":{"rendered":"<p>\u015eeker Portakal\u0131 adl\u0131 roman\u0131yla \u00fclkemizde yediden yetmi\u015fe herkesin sevgilisi olan Brezilyal\u0131 \u00fcnl\u00fc yazar Jose Mauro de Vasconcelostan bir roman daha sunuyoruz. Roman\u0131n ba\u015fki\u015fisi damarlar\u0131nda \u00c7ingene kan\u0131 ta\u015f\u0131yan yetim Chicao&#8217;dur. Brezilya&#8217;n\u0131n k\u0131ra\u00e7lar\u0131nda b\u00fcy\u00fcyen Chicao, r\u00fczgar\u0131 ve denizi karde\u015fi bilir. Ate\u015fli, g\u00fczel Joaninha&#8217;n\u0131n sevgilisi ve o k\u0131y\u0131n\u0131n en g\u00fc\u00e7l\u00fc erke\u011fi olur. Okuyunca siz de g\u00f6receksiniz, Vasconcelos, yine o her zamanki yal\u0131n, \u015fiir dolu, sokulgan anlat\u0131m\u0131yla, \u00f6zsuyunu do\u011fadan alan, sevgi ve \u00f6zlem dolu, ya\u015fam\u0131n i\u00e7inden s\u00fcr\u00fcp gelen bir roman daha yarat\u0131yor. Bu romanda r\u00fczgar canlan\u0131r, \u0131\u015f\u0131k ve m\u00fczik gere\u00e7lerinin, dans ad\u0131mlar\u0131n\u0131n ve y\u00fcrek \u00e7arp\u0131nt\u0131lar\u0131n\u0131n g\u00fcr\u00fclt\u00fcs\u00fcne d\u00f6n\u00fc\u015f\u00fcr. Anlatt\u0131\u011f\u0131 topraklar\u0131 ve o topraklar\u0131n insanlar\u0131n\u0131 \u00e7ok iyi tan\u0131yan Vasconcelos, o insanlar\u0131n duygular\u0131n\u0131, d\u00fc\u015f\u00fcncelerini, o topraklara ba\u011fl\u0131l\u0131klar\u0131n\u0131 ve o topraklardan kopu\u015flar\u0131n\u0131 b\u00fcy\u00fck bir ustal\u0131kla yans\u0131t\u0131yor.<\/p>","protected":false},"featured_media":15338,"template":"","meta":{"spay_email":""},"product_cat":[168],"product_tag":[],"item":[369],"acf":[],"_links":{"self":[{"href":"https:\/\/mgvpublications.com\/de\/wp-json\/wp\/v2\/product\/15337"}],"collection":[{"href":"https:\/\/mgvpublications.com\/de\/wp-json\/wp\/v2\/product"}],"about":[{"href":"https:\/\/mgvpublications.com\/de\/wp-json\/wp\/v2\/types\/product"}],"wp:featuredmedia":[{"embeddable":true,"href":"https:\/\/mgvpublications.com\/de\/wp-json\/wp\/v2\/media\/15338"}],"wp:attachment":[{"href":"https:\/\/mgvpublications.com\/de\/wp-json\/wp\/v2\/media?parent=15337"}],"wp:term":[{"taxonomy":"product_cat","embeddable":true,"href":"https:\/\/mgvpublications.com\/de\/wp-json\/wp\/v2\/product_cat?post=15337"},{"taxonomy":"product_tag","embeddable":true,"href":"https:\/\/mgvpublications.com\/de\/wp-json\/wp\/v2\/product_tag?post=15337"},{"taxonomy":"item","embeddable":true,"href":"https:\/\/mgvpublications.com\/de\/wp-json\/wp\/v2\/item?post=15337"}],"curies":[{"name":"wp","href":"https:\/\/api.w.org\/{rel}","templated":true}]}}