{"id":15329,"date":"2021-01-09T00:07:50","date_gmt":"2021-01-08T23:07:50","guid":{"rendered":"https:\/\/dev2.mgvpublications.com\/produkt\/kalbin-simyasi-2\/"},"modified":"2022-06-29T11:39:01","modified_gmt":"2022-06-29T09:39:01","slug":"kalbin-simyasi-2","status":"publish","type":"product","link":"https:\/\/mgvpublications.com\/de\/kalbin-simyasi-2\/","title":{"rendered":"Kalbin Simyas\u0131"},"content":{"rendered":"<p>\u00c7evirmen: Abdurrahman Halis A\u00e7\u0131kg\u00f6z<br \/>Yay\u0131n Tarihi: 19.08.2021<br \/>ISBN: 9786050829259<br \/>Dil: T\u00dcRK\u00c7E<br \/>Sayfa Say\u0131s\u0131: 272<br \/>Cilt Tipi: Karton Kapak<br \/>Ka\u011f\u0131t Cinsi: Kitap Ka\u011f\u0131d\u0131<br \/>Boyut: 13.5 x 21 cm<\/p>","protected":false},"excerpt":{"rendered":"<p>D\u00fcnyaca \u00dcnl\u00fc \u00c2lim Hamza Yusuf Kalbin Simyas\u0131 ile ilk kez T\u00fcrk\u00e7ede. Hamza Yusuf Amerika Birle\u015fik Devletleri&#8217;ndeki ilk M\u00fcsl\u00fcman be\u015fer\u00ee ilimler \u00fcniversitesi olan Zaytuna College&#8217;\u0131n kurucusu, Din\u00ee meseleleri ulema-halk ayr\u0131m\u0131 yapmadan samimiyetle anlatabilen bir \u00e2lim, Sosyal bilimlere dair entelekt\u00fcel birikimi ve disiplinleraras\u0131 metoduyla, kadim \u0130slam gelene\u011fini esas alan bir mutasavv\u0131f, Ve T\u00fcrkiye\u2019de ve d\u00fcnyada binlerce insan\u0131n manev\u00ee d\u00f6n\u00fc\u015f\u00fcm\u00fcne katk\u0131 sa\u011flam\u0131\u015f bir rehber\u2026. Neredeyse tamam\u0131yla d\u0131\u015f g\u00f6r\u00fcn\u00fc\u015f ve maddiyat oda\u011f\u0131nda seyreden g\u00fcn\u00fcm\u00fcz\u00fcn d\u00fcnyas\u0131, manev\u00ee geli\u015fime daha fazla ihtiya\u00e7 duyar hale geldi. \u0130nsano\u011flunu bo\u015flu\u011fa s\u00fcr\u00fckleyen as\u0131l neden ise manev\u00ee dayanak noktalar\u0131n\u0131n kaybolmas\u0131 sonucunda nefsin isteklerinin do\u011fru y\u00f6nlendirilemeyip kalbin kibir, cimrilik, d\u00fc\u015fmanl\u0131k duygusu gibi bir\u00e7ok olumsuz nitelik taraf\u0131ndan ku\u015fat\u0131lm\u0131\u015f olmas\u0131. \u0130\u015fte, ya\u015fad\u0131\u011f\u0131m\u0131z zaman\u0131n en dikkat \u00e7ekici \u00e2limlerinden biri olan Hamza Yusuf, modern insan\u0131n en \u00e7ok a\u00e7maza d\u00fc\u015ft\u00fc\u011f\u00fc alanlara dokunan bir kitapla \u00e7\u0131k\u0131yor okurlar\u0131n kar\u015f\u0131s\u0131na. Kalbin Simyas\u0131: Manev\u00ee Yaralara \u00c7are Bulmak, kendisi de \u00f6nemli bir \u00e2lim olan \u0130mam Mevl\u00fcd\u2019\u00fcn manzum eserinden yola \u00e7\u0131karak, kalbin manev\u00ee hastal\u0131klar\u0131n\u0131 te\u015fhis edip bu hastal\u0131klara Kur\u2019\u00e2n, gelenek ve ilim eksenli s\u00fcrd\u00fcr\u00fclebilir tedavi y\u00f6ntemleri \u00f6neriyor.<\/p>","protected":false},"featured_media":20833,"template":"","meta":{"spay_email":""},"product_cat":[174],"product_tag":[],"item":[360],"acf":[],"_links":{"self":[{"href":"https:\/\/mgvpublications.com\/de\/wp-json\/wp\/v2\/product\/15329"}],"collection":[{"href":"https:\/\/mgvpublications.com\/de\/wp-json\/wp\/v2\/product"}],"about":[{"href":"https:\/\/mgvpublications.com\/de\/wp-json\/wp\/v2\/types\/product"}],"wp:featuredmedia":[{"embeddable":true,"href":"https:\/\/mgvpublications.com\/de\/wp-json\/wp\/v2\/media\/20833"}],"wp:attachment":[{"href":"https:\/\/mgvpublications.com\/de\/wp-json\/wp\/v2\/media?parent=15329"}],"wp:term":[{"taxonomy":"product_cat","embeddable":true,"href":"https:\/\/mgvpublications.com\/de\/wp-json\/wp\/v2\/product_cat?post=15329"},{"taxonomy":"product_tag","embeddable":true,"href":"https:\/\/mgvpublications.com\/de\/wp-json\/wp\/v2\/product_tag?post=15329"},{"taxonomy":"item","embeddable":true,"href":"https:\/\/mgvpublications.com\/de\/wp-json\/wp\/v2\/item?post=15329"}],"curies":[{"name":"wp","href":"https:\/\/api.w.org\/{rel}","templated":true}]}}