{"id":15327,"date":"2021-01-09T00:00:00","date_gmt":"2021-01-08T23:00:00","guid":{"rendered":"https:\/\/dev2.mgvpublications.com\/produkt\/dijital-gelecekte-insan-kalmak\/"},"modified":"2022-03-08T22:48:48","modified_gmt":"2022-03-08T21:48:48","slug":"dijital-gelecekte-insan-kalmak","status":"publish","type":"product","link":"https:\/\/mgvpublications.com\/de\/dijital-gelecekte-insan-kalmak\/","title":{"rendered":"Dijital Gelecekte \u0130nsan Kalmak"},"content":{"rendered":"<table>\n<tbody>\n<tr>\n<td>Yay\u0131n Tarihi:<\/td>\n<td>09.11.2018<\/td>\n<\/tr>\n<tr>\n<td>ISBN:<\/td>\n<td>9786059218528<\/td>\n<\/tr>\n<tr>\n<td>Dil:<\/td>\n<td>T\u00dcRK\u00c7E<\/td>\n<\/tr>\n<tr>\n<td>Sayfa Say\u0131s\u0131:<\/td>\n<td>240<\/td>\n<\/tr>\n<tr>\n<td>Cilt Tipi:<\/td>\n<td>Karton Kapak<\/td>\n<\/tr>\n<tr>\n<td>Ka\u011f\u0131t Cinsi:<\/td>\n<td>Kitap Ka\u011f\u0131d\u0131<\/td>\n<\/tr>\n<tr>\n<td>Boyut:<\/td>\n<td>14.5 x 23 cm<\/td>\n<\/tr>\n<\/tbody>\n<\/table>","protected":false},"excerpt":{"rendered":"<p><strong>Bug\u00fcne kadar gelece\u011fi baz\u0131lar\u0131 biyoloji \u00fczerinden okudu, baz\u0131lar\u0131 ise teknoloji \u00fczerinden\u2026 Bu kitap size bir sentez vadediyor.<\/strong><\/p>\n<p><em>D\u00fcnyaya asl\u0131nda ne yapmak i\u00e7in gelmi\u015f olabiliriz?<\/em><br \/>\n<em>Yapay zek\u00e2, bireysel olarak bizim i\u00e7in ne ifade ediyor?<\/em><br \/>\n<em>Dijital gelecek bizi etkileyecek! Ama nas\u0131l?<\/em><br \/>\n<em>Dijitalle\u015fme y\u00fcz\u00fcnden i\u015fimizi kaybedecek miyiz?<\/em><br \/>\n<em>Dijital gelece\u011fin insana daha yara\u015f\u0131r olmas\u0131 i\u00e7in neler yapabiliriz?<\/em><\/p>\n<p>Bu kitapta bir sinir bilimci ve bir m\u00fchendis gelece\u011fe dair ipu\u00e7lar\u0131 veriyor. \u00d6ng\u00f6r\u00fclen gelecek senaryolar\u0131 masaya yat\u0131r\u0131l\u0131p gelece\u011fe dair hayal g\u00fcc\u00fcm\u00fcz k\u0131\u015fk\u0131rt\u0131l\u0131yor. Ve en \u00f6nemli soruya cevap aran\u0131yor:<\/p>\n<p><strong>Dijital gelecekte h\u00e2l\u00e2 insan kalmay\u0131 nas\u0131l ba\u015farabiliriz?<\/strong><\/p>\n<p>Gelecek muhtemelen \u00e7ok farkl\u0131 olacak! Ama nas\u0131l ger\u00e7ekle\u015firse ger\u00e7ekle\u015fsin, olas\u0131l\u0131klara kafa yoranlar o gelece\u011fe daha haz\u0131r olacak.<\/p>","protected":false},"featured_media":15328,"template":"","meta":{"spay_email":""},"product_cat":[216],"product_tag":[],"item":[900],"acf":[],"_links":{"self":[{"href":"https:\/\/mgvpublications.com\/de\/wp-json\/wp\/v2\/product\/15327"}],"collection":[{"href":"https:\/\/mgvpublications.com\/de\/wp-json\/wp\/v2\/product"}],"about":[{"href":"https:\/\/mgvpublications.com\/de\/wp-json\/wp\/v2\/types\/product"}],"wp:featuredmedia":[{"embeddable":true,"href":"https:\/\/mgvpublications.com\/de\/wp-json\/wp\/v2\/media\/15328"}],"wp:attachment":[{"href":"https:\/\/mgvpublications.com\/de\/wp-json\/wp\/v2\/media?parent=15327"}],"wp:term":[{"taxonomy":"product_cat","embeddable":true,"href":"https:\/\/mgvpublications.com\/de\/wp-json\/wp\/v2\/product_cat?post=15327"},{"taxonomy":"product_tag","embeddable":true,"href":"https:\/\/mgvpublications.com\/de\/wp-json\/wp\/v2\/product_tag?post=15327"},{"taxonomy":"item","embeddable":true,"href":"https:\/\/mgvpublications.com\/de\/wp-json\/wp\/v2\/item?post=15327"}],"curies":[{"name":"wp","href":"https:\/\/api.w.org\/{rel}","templated":true}]}}