{"id":15323,"date":"2021-01-08T23:38:14","date_gmt":"2021-01-08T22:38:14","guid":{"rendered":"https:\/\/dev2.mgvpublications.com\/produkt\/canavar-kalbi-canavar-kardesler-2\/"},"modified":"2022-06-19T15:39:06","modified_gmt":"2022-06-19T13:39:06","slug":"canavar-kalbi-canavar-kardesler-2","status":"publish","type":"product","link":"https:\/\/mgvpublications.com\/de\/canavar-kalbi-canavar-kardesler-2\/","title":{"rendered":"Canavar Kalbi &#8211; Canavar Karde\u015fler 2"},"content":{"rendered":"<p>Yay\u0131n Tarihi: 01.01.2018<br \/>ISBN: 9786058243255<br \/>Dil: T\u00dcRK\u00c7E<br \/>Sayfa Say\u0131s\u0131: 36<br \/>Cilt Tipi: Karton Kapak<br \/>Ka\u011f\u0131t Cinsi: 1. Hm. Ka\u011f\u0131t<br \/>Boyut: 22 x 20 cm<\/p>","protected":false},"excerpt":{"rendered":"<p>Bir canavar\u0131n kalbinde pek \u00e7ok \u015fey olabilir&#8230; Peki ya bir Anne Canavar&#8217;\u0131n kalbinde ka\u00e7 sevgi olabilir?<\/p>","protected":false},"featured_media":23090,"template":"","meta":{"spay_email":""},"product_cat":[172],"product_tag":[],"item":[1085],"acf":[],"_links":{"self":[{"href":"https:\/\/mgvpublications.com\/de\/wp-json\/wp\/v2\/product\/15323"}],"collection":[{"href":"https:\/\/mgvpublications.com\/de\/wp-json\/wp\/v2\/product"}],"about":[{"href":"https:\/\/mgvpublications.com\/de\/wp-json\/wp\/v2\/types\/product"}],"wp:featuredmedia":[{"embeddable":true,"href":"https:\/\/mgvpublications.com\/de\/wp-json\/wp\/v2\/media\/23090"}],"wp:attachment":[{"href":"https:\/\/mgvpublications.com\/de\/wp-json\/wp\/v2\/media?parent=15323"}],"wp:term":[{"taxonomy":"product_cat","embeddable":true,"href":"https:\/\/mgvpublications.com\/de\/wp-json\/wp\/v2\/product_cat?post=15323"},{"taxonomy":"product_tag","embeddable":true,"href":"https:\/\/mgvpublications.com\/de\/wp-json\/wp\/v2\/product_tag?post=15323"},{"taxonomy":"item","embeddable":true,"href":"https:\/\/mgvpublications.com\/de\/wp-json\/wp\/v2\/item?post=15323"}],"curies":[{"name":"wp","href":"https:\/\/api.w.org\/{rel}","templated":true}]}}