{"id":15319,"date":"2021-01-08T23:30:50","date_gmt":"2021-01-08T22:30:50","guid":{"rendered":"https:\/\/dev2.mgvpublications.com\/produkt\/allahi-neden-goremiyorum-kucuk-mervenin-buyuk-sorulari-1\/"},"modified":"2022-06-19T14:43:23","modified_gmt":"2022-06-19T12:43:23","slug":"allahi-neden-goremiyorum-kucuk-mervenin-buyuk-sorulari-1","status":"publish","type":"product","link":"https:\/\/mgvpublications.com\/de\/allahi-neden-goremiyorum-kucuk-mervenin-buyuk-sorulari-1\/","title":{"rendered":"Allah\u2019\u0131 Neden G\u00f6remiyorum ? \/ K\u00fc\u00e7\u00fck Merve\u2019nin B\u00fcy\u00fck Sorular\u0131 1"},"content":{"rendered":"<p>Yay\u0131n Tarihi: 17.11.2020<br \/>ISBN: 9786052297797<br \/>Dil: T\u00dcRK\u00c7E<br \/>Sayfa Say\u0131s\u0131: 36<br \/>Cilt Tipi: Karton Kapak<br \/>Ka\u011f\u0131t Cinsi: 1. Hm. Ka\u011f\u0131t<br \/>Boyut: 22 x 20.3 cm<\/p>","protected":false},"excerpt":{"rendered":"<p>Ben k\u00fc\u00e7\u00fckken k\u00fc\u00e7\u00fcc\u00fckken b\u00fcsb\u00fcy\u00fck sorular\u0131m vard\u0131&#8230; Allah neredeydi? O&#8217;nu neden g\u00f6remiyordum? Ne kadar b\u00fcy\u00fckt\u00fc? Nas\u0131l g\u00f6r\u00fcn\u00fcyordu? Ald\u0131\u011f\u0131m, arad\u0131\u011f\u0131m ve buldu\u011fum cevaplar\u0131; y\u0131llarca \u00f6\u011frencilerimle payla\u015ft\u0131m. Ve &#8220;Neden isteyen ve merak eden her \u00e7ocu\u011fa ula\u015fmas\u0131n?&#8221; diye d\u00fc\u015f\u00fcnd\u00fcm. \u0130\u015fte elinizdeki bu seri tam olarak b\u00f6yle ortaya \u00e7\u0131kt\u0131. Rabbini merak eden, O&#8217;nu daha da \u00e7ok tan\u0131mak isteyen merakl\u0131 miniklerin sorular\u0131na verilebilecek birbirinden makul yan\u0131tlar\u0131, en anla\u015f\u0131l\u0131r \u015fekilde aktarmaya \u00e7al\u0131\u015ft\u0131\u011f\u0131m bu serinin; \u00fcmmetin g\u00fczel evlatlar\u0131na faydal\u0131 olmas\u0131 duas\u0131 ile&#8230;<\/p>","protected":false},"featured_media":23088,"template":"","meta":{"spay_email":""},"product_cat":[172],"product_tag":[],"item":[1085],"acf":[],"_links":{"self":[{"href":"https:\/\/mgvpublications.com\/de\/wp-json\/wp\/v2\/product\/15319"}],"collection":[{"href":"https:\/\/mgvpublications.com\/de\/wp-json\/wp\/v2\/product"}],"about":[{"href":"https:\/\/mgvpublications.com\/de\/wp-json\/wp\/v2\/types\/product"}],"wp:featuredmedia":[{"embeddable":true,"href":"https:\/\/mgvpublications.com\/de\/wp-json\/wp\/v2\/media\/23088"}],"wp:attachment":[{"href":"https:\/\/mgvpublications.com\/de\/wp-json\/wp\/v2\/media?parent=15319"}],"wp:term":[{"taxonomy":"product_cat","embeddable":true,"href":"https:\/\/mgvpublications.com\/de\/wp-json\/wp\/v2\/product_cat?post=15319"},{"taxonomy":"product_tag","embeddable":true,"href":"https:\/\/mgvpublications.com\/de\/wp-json\/wp\/v2\/product_tag?post=15319"},{"taxonomy":"item","embeddable":true,"href":"https:\/\/mgvpublications.com\/de\/wp-json\/wp\/v2\/item?post=15319"}],"curies":[{"name":"wp","href":"https:\/\/api.w.org\/{rel}","templated":true}]}}