{"id":15315,"date":"2021-01-08T23:21:25","date_gmt":"2021-01-08T22:21:25","guid":{"rendered":"https:\/\/dev2.mgvpublications.com\/produkt\/insanlar-gordu-zalimler-kordu\/"},"modified":"2022-04-12T12:45:42","modified_gmt":"2022-04-12T10:45:42","slug":"insanlar-gordu-zalimler-kordu","status":"publish","type":"product","link":"https:\/\/mgvpublications.com\/de\/insanlar-gordu-zalimler-kordu\/","title":{"rendered":"\u0130nsanlar G\u00f6rd\u00fc Zalimler K\u00f6rd\u00fc"},"content":{"rendered":"<p>Yay\u0131n Tarihi: 09.12.2020<br \/>ISBN: 9786056821769<br \/>Dil: T\u00dcRK\u00c7E<br \/>Sayfa Say\u0131s\u0131: 288<br \/>Cilt Tipi: Karton Kapak<br \/>Ka\u011f\u0131t Cinsi: Kitap Ka\u011f\u0131d\u0131<br \/>Boyut: 13.5 x 19.5 cm<\/p>","protected":false},"excerpt":{"rendered":"<p>\u0130NSANLAR G\u00d6RD\u00dc, ZAL\u0130MLER K\u00d6RD\u00dc\u201d kitab\u0131; sekiz az\u0131l\u0131 M\u00fc\u015frik, bir entrikac\u0131 M\u00fcnaf\u0131k ve 2 de fitneci Yahudi\u2019nin yapt\u0131klar\u0131n\u0131, bunlar\u0131n ibretlik sonlar\u0131n\u0131 ve haklar\u0131nda nazil olan ayeti kerimeleri konu edinen bir eserdir. Mekke d\u00f6nemindeki az\u0131l\u0131 zalimler, Ebu Lehep, Ebu Cehil, Ukbe Bin Ebi Muayt, \u00dcmeyye Bin Halef, \u00dcbey Bin Halef, Velit Bin Mugire, As Bin Vail ve Nadr Bin Haris ile Medine d\u00f6nemindeki Abdullah Bin \u00dcbey Bin Sel\u00fcl, Ka\u2019b Bin E\u015fref ve H\u00fcyey Bin Ahtap\u2019tan olu\u015fan bu \u015fah\u0131slar, benzerleri her devirde ya\u015fam\u0131\u015f, bu g\u00fcn de ya\u015famakta olan bu ki\u015filerin hayatlar\u0131, haklar\u0131nda naz\u0130l olan Ayetlerle yan yana getirdi\u011fimizde inan\u0131yorum ki bir beyin f\u0131rt\u0131nas\u0131na sebep olacakt\u0131r.<\/p>","protected":false},"featured_media":19624,"template":"","meta":{"spay_email":""},"product_cat":[168],"product_tag":[],"item":[1090],"acf":[],"_links":{"self":[{"href":"https:\/\/mgvpublications.com\/de\/wp-json\/wp\/v2\/product\/15315"}],"collection":[{"href":"https:\/\/mgvpublications.com\/de\/wp-json\/wp\/v2\/product"}],"about":[{"href":"https:\/\/mgvpublications.com\/de\/wp-json\/wp\/v2\/types\/product"}],"wp:featuredmedia":[{"embeddable":true,"href":"https:\/\/mgvpublications.com\/de\/wp-json\/wp\/v2\/media\/19624"}],"wp:attachment":[{"href":"https:\/\/mgvpublications.com\/de\/wp-json\/wp\/v2\/media?parent=15315"}],"wp:term":[{"taxonomy":"product_cat","embeddable":true,"href":"https:\/\/mgvpublications.com\/de\/wp-json\/wp\/v2\/product_cat?post=15315"},{"taxonomy":"product_tag","embeddable":true,"href":"https:\/\/mgvpublications.com\/de\/wp-json\/wp\/v2\/product_tag?post=15315"},{"taxonomy":"item","embeddable":true,"href":"https:\/\/mgvpublications.com\/de\/wp-json\/wp\/v2\/item?post=15315"}],"curies":[{"name":"wp","href":"https:\/\/api.w.org\/{rel}","templated":true}]}}