{"id":15299,"date":"2021-01-08T21:57:27","date_gmt":"2021-01-08T20:57:27","guid":{"rendered":"https:\/\/dev2.mgvpublications.com\/produkt\/buyuk-karanligin-sirri-yeryuzu-ayetleri-1\/"},"modified":"2022-03-08T22:48:45","modified_gmt":"2022-03-08T21:48:45","slug":"buyuk-karanligin-sirri-yeryuzu-ayetleri-1","status":"publish","type":"product","link":"https:\/\/mgvpublications.com\/de\/buyuk-karanligin-sirri-yeryuzu-ayetleri-1\/","title":{"rendered":"B\u00fcy\u00fck Karanl\u0131\u011f\u0131n S\u0131rr\u0131 \/ Yery\u00fcz\u00fc Ayetleri 1"},"content":{"rendered":"<p>Yay\u0131n Tarihi: 31.05.2021<br \/>ISBN: 9789751960504<br \/>Dil: T\u00dcRK\u00c7E<br \/>Sayfa Say\u0131s\u0131: 142<br \/>Cilt Tipi: Ciltli<br \/>Ka\u011f\u0131t Cinsi: Kitap Ka\u011f\u0131d\u0131<br \/>Boyut: 14 x 21.5 cm<\/p>","protected":false},"excerpt":{"rendered":"<p>10   ya\u015f i\u00e7in haz\u0131rlanan seride al\u0131\u015fageldi\u011fimiz varl\u0131klar\u0131n muhte\u015femlikleri \u00f6n plana \u00e7\u0131kar\u0131l\u0131yor. B\u00fcy\u00fck Karanl\u0131\u011f\u0131n S\u0131rr\u0131 kitab\u0131nda her daim \u015fahit olunan g\u00f6ky\u00fcz\u00fc olaylar\u0131n\u0131n arkas\u0131ndaki hikmet perdesine odaklan\u0131l\u0131yor. Gezegenler, ya\u011fmur, r\u00fczg\u00e2r vb. konular\u0131n i\u015flendi\u011fi kitapta, tevhide ve Allah\u2019\u0131n yaratma sanat\u0131na dikkat \u00e7ekiliyor. Mucizeler Fabrikas\u0131 kitab\u0131nda ise yery\u00fcz\u00fcndeki do\u011fa olaylar\u0131ndaki tefekk\u00fcr derslerine dikkat \u00e7ekiliyor. S\u0131radan g\u00f6rd\u00fc\u011f\u00fcm\u00fcz toprak, ar\u0131lar, a\u011fa\u00e7lar, ku\u015flar, kum taneleri vb. varl\u0131klar\u0131n muhte\u015femlikleri vurgulan\u0131yor. Bilimsel ger\u00e7ekler e\u015fli\u011finde ve mizahi bir \u00fcslupla tefekk\u00fcr derslerinin verildi\u011fi \u00e7al\u0131\u015fmada konuyla ilgili ayetlere yer veriliyor.<\/p>","protected":false},"featured_media":20811,"template":"","meta":{"spay_email":""},"product_cat":[172],"product_tag":[],"item":[960],"acf":[],"_links":{"self":[{"href":"https:\/\/mgvpublications.com\/de\/wp-json\/wp\/v2\/product\/15299"}],"collection":[{"href":"https:\/\/mgvpublications.com\/de\/wp-json\/wp\/v2\/product"}],"about":[{"href":"https:\/\/mgvpublications.com\/de\/wp-json\/wp\/v2\/types\/product"}],"wp:featuredmedia":[{"embeddable":true,"href":"https:\/\/mgvpublications.com\/de\/wp-json\/wp\/v2\/media\/20811"}],"wp:attachment":[{"href":"https:\/\/mgvpublications.com\/de\/wp-json\/wp\/v2\/media?parent=15299"}],"wp:term":[{"taxonomy":"product_cat","embeddable":true,"href":"https:\/\/mgvpublications.com\/de\/wp-json\/wp\/v2\/product_cat?post=15299"},{"taxonomy":"product_tag","embeddable":true,"href":"https:\/\/mgvpublications.com\/de\/wp-json\/wp\/v2\/product_tag?post=15299"},{"taxonomy":"item","embeddable":true,"href":"https:\/\/mgvpublications.com\/de\/wp-json\/wp\/v2\/item?post=15299"}],"curies":[{"name":"wp","href":"https:\/\/api.w.org\/{rel}","templated":true}]}}