{"id":15295,"date":"2021-01-08T21:47:13","date_gmt":"2021-01-08T20:47:13","guid":{"rendered":"https:\/\/dev2.mgvpublications.com\/produkt\/esir-sehrin-insanlari-esir-sehir-uclemesi-1-kitap\/"},"modified":"2022-03-08T22:48:45","modified_gmt":"2022-03-08T21:48:45","slug":"esir-sehrin-insanlari-esir-sehir-uclemesi-1-kitap","status":"publish","type":"product","link":"https:\/\/mgvpublications.com\/de\/esir-sehrin-insanlari-esir-sehir-uclemesi-1-kitap\/","title":{"rendered":"Esir \u015eehrin \u0130nsanlar\u0131 (Esir \u015eehir \u00dc\u00e7lemesi 1.Kitap)"},"content":{"rendered":"<p>Yay\u0131n Tarihi: 29.04.2019<br \/>ISBN: 9789752730762<br \/>Dil: T\u00dcRK\u00c7E<br \/>Sayfa Say\u0131s\u0131: 448<br \/>Cilt Tipi: Karton Kapak<br \/>Ka\u011f\u0131t Cinsi: Kitap Ka\u011f\u0131d\u0131<br \/>Boyut: 13.5 x 21 cm<\/p>","protected":false},"excerpt":{"rendered":"<p>&#8220;Esir \u015eehir \u00dc\u00e7lemesi&#8221; edebiyat\u0131m\u0131z\u0131n g\u00fc\u00e7l\u00fc ve klasikle\u015fmi\u015f ismi Kemal Tahir&#8217; in ba\u015fyap\u0131tlar\u0131ndand\u0131r. Her b\u00fcy\u00fck ve klasik yap\u0131t gibi, bir ya da birden \u00e7ok problemati\u011fi m\u00fckemmel bir bi\u00e7imde i\u015fleyen bu nehir roman dizisinin ilk kitab\u0131 olan &#8220;Esir \u015eehrin \u0130nsanlar\u0131&#8221; nda Kemal Tahir, M\u00fctareke D\u00f6nemi Osmanl\u0131 ayd\u0131n\u0131n\u0131n ve \u0130stanbul&#8217; unun destans\u0131 direni\u015finin ve m\u00fccadelesinin benzersiz bir foto\u011fraf\u0131n\u0131 \u00e7ekmektedir. Kurtulu\u015f Sava\u015f\u0131 \u00f6ncesinin anlat\u0131ld\u0131\u011f\u0131 pek\u00e7ok roman yaz\u0131lm\u0131\u015ft\u0131r ku\u015fkusuz, ama hi\u00e7biri bu denli edebi ve \u00f6l\u00fcms\u00fcz olamam\u0131\u015ft\u0131r.<\/p>","protected":false},"featured_media":20277,"template":"","meta":{"spay_email":""},"product_cat":[168],"product_tag":[],"item":[476],"acf":[],"_links":{"self":[{"href":"https:\/\/mgvpublications.com\/de\/wp-json\/wp\/v2\/product\/15295"}],"collection":[{"href":"https:\/\/mgvpublications.com\/de\/wp-json\/wp\/v2\/product"}],"about":[{"href":"https:\/\/mgvpublications.com\/de\/wp-json\/wp\/v2\/types\/product"}],"wp:featuredmedia":[{"embeddable":true,"href":"https:\/\/mgvpublications.com\/de\/wp-json\/wp\/v2\/media\/20277"}],"wp:attachment":[{"href":"https:\/\/mgvpublications.com\/de\/wp-json\/wp\/v2\/media?parent=15295"}],"wp:term":[{"taxonomy":"product_cat","embeddable":true,"href":"https:\/\/mgvpublications.com\/de\/wp-json\/wp\/v2\/product_cat?post=15295"},{"taxonomy":"product_tag","embeddable":true,"href":"https:\/\/mgvpublications.com\/de\/wp-json\/wp\/v2\/product_tag?post=15295"},{"taxonomy":"item","embeddable":true,"href":"https:\/\/mgvpublications.com\/de\/wp-json\/wp\/v2\/item?post=15295"}],"curies":[{"name":"wp","href":"https:\/\/api.w.org\/{rel}","templated":true}]}}