{"id":15285,"date":"2021-01-08T21:17:54","date_gmt":"2021-01-08T20:17:54","guid":{"rendered":"https:\/\/dev2.mgvpublications.com\/produkt\/o-benim-trenim-canavar-kardesler-3\/"},"modified":"2022-06-19T15:27:07","modified_gmt":"2022-06-19T13:27:07","slug":"o-benim-trenim-canavar-kardesler-3","status":"publish","type":"product","link":"https:\/\/mgvpublications.com\/de\/o-benim-trenim-canavar-kardesler-3\/","title":{"rendered":"O Benim Trenim! \/ Canavar Karde\u015fler 3"},"content":{"rendered":"<p>Yay\u0131n Tarihi: 09.04.2018<br \/>ISBN: 9786052297087<br \/>Dil: T\u00dcRK\u00c7E<br \/>Sayfa Say\u0131s\u0131: 36<br \/>Cilt Tipi: Karton Kapak<br \/>Ka\u011f\u0131t Cinsi: 1. Hm. Ka\u011f\u0131t<br \/>Boyut: 22 x 20 cm<br \/>\u00c7izer: Afra Elif<br \/>Di\u011fer \u00d6zellik: 3+ Ya\u015f<\/p>","protected":false},"excerpt":{"rendered":"<p>Bazen bir treni payla\u015fmak; anneni payla\u015fmaktan bile zor gelebilir&#8230; Peki ama tren mi vazge\u00e7ilmezdir; yoksa karde\u015finle ge\u00e7irdi\u011fin g\u00fczel g\u00fcnler mi?<\/p>","protected":false},"featured_media":23097,"template":"","meta":{"spay_email":""},"product_cat":[172],"product_tag":[],"item":[1085],"acf":[],"_links":{"self":[{"href":"https:\/\/mgvpublications.com\/de\/wp-json\/wp\/v2\/product\/15285"}],"collection":[{"href":"https:\/\/mgvpublications.com\/de\/wp-json\/wp\/v2\/product"}],"about":[{"href":"https:\/\/mgvpublications.com\/de\/wp-json\/wp\/v2\/types\/product"}],"wp:featuredmedia":[{"embeddable":true,"href":"https:\/\/mgvpublications.com\/de\/wp-json\/wp\/v2\/media\/23097"}],"wp:attachment":[{"href":"https:\/\/mgvpublications.com\/de\/wp-json\/wp\/v2\/media?parent=15285"}],"wp:term":[{"taxonomy":"product_cat","embeddable":true,"href":"https:\/\/mgvpublications.com\/de\/wp-json\/wp\/v2\/product_cat?post=15285"},{"taxonomy":"product_tag","embeddable":true,"href":"https:\/\/mgvpublications.com\/de\/wp-json\/wp\/v2\/product_tag?post=15285"},{"taxonomy":"item","embeddable":true,"href":"https:\/\/mgvpublications.com\/de\/wp-json\/wp\/v2\/item?post=15285"}],"curies":[{"name":"wp","href":"https:\/\/api.w.org\/{rel}","templated":true}]}}