{"id":15277,"date":"2021-01-08T14:10:16","date_gmt":"2021-01-08T13:10:16","guid":{"rendered":"https:\/\/dev2.mgvpublications.com\/produkt\/hz-safiyye-bint-huyey-peygamber-evinin-hanimlari-9\/"},"modified":"2022-04-08T06:20:28","modified_gmt":"2022-04-08T04:20:28","slug":"hz-safiyye-bint-huyey-peygamber-evinin-hanimlari-9","status":"publish","type":"product","link":"https:\/\/mgvpublications.com\/de\/hz-safiyye-bint-huyey-peygamber-evinin-hanimlari-9\/","title":{"rendered":"Hz. Safiyye Bint Huyey \/ Peygamber Evinin Han\u0131mlar\u0131 9"},"content":{"rendered":"<p>Yay\u0131n Tarihi: 28.06.2019<br \/>ISBN: 9786057558855<br \/>Dil: T\u00dcRK\u00c7E<br \/>Sayfa Say\u0131s\u0131: 88<br \/>Cilt Tipi: Karton Kapak<br \/>Ka\u011f\u0131t Cinsi: Kitap Ka\u011f\u0131d\u0131<br \/>Boyut: 11.5 x 19 cm<\/p>","protected":false},"excerpt":{"rendered":"<p>\u201cSafiyye bir peygamberin (Harun\u2019un) k\u0131z\u0131d\u0131r, amcas\u0131 (M\u00fbs\u00e2) da peygamberdir, h\u00e2len kocas\u0131 da bir peygamberdir.\u201d [Hz. Muhammed (sas)] Hz. Safiyye (ra), Hz. Peygamber\u2019in (sas) az\u0131l\u0131 d\u00fc\u015fmanlar\u0131ndan Yahudilerin lideri Huyey b. Ahtab\u2019\u0131n k\u0131z\u0131d\u0131r. Zarif ve \u00e7ok g\u00fczel bir kad\u0131n olan Hz. Safiyye (ra), Hayber\u2019in fethinde esir edilmi\u015f; Hz. Peygamber (sas), onu \u0130sl\u00e2m\u2019\u0131 se\u00e7ip se\u00e7meme konusunda serbest b\u0131rakm\u0131\u015ft\u0131r. \u0130sl\u00e2m\u2019\u0131 se\u00e7en Hz. Safiyye (ra), Hz. Peygamber\u2019in (sas) evlenme teklifini de kabul ederek \u201cM\u00fcminlerin Annesi\u201d vasf\u0131n\u0131 kazanm\u0131\u015ft\u0131r. Hz. Peygamber\u2019i (sas) \u00e7ok seven Hz. Safiyye (ra), Res\u00fbl-i Ekrem\u2019in (sas) son hastal\u0131\u011f\u0131 s\u0131ras\u0131nda \u201cKe\u015fke senin yerinde yatan ben olsayd\u0131m.\u201d demek suretiyle \u00fcz\u00fcnt\u00fcs\u00fcn\u00fc dile getirmi\u015f, di\u011fer han\u0131mlar\u0131n\u0131n birbirine i\u015faret etti\u011fini g\u00f6ren Res\u00fblullah (sas) onlar\u0131 uyarm\u0131\u015f ve Safiyye\u2019nin (ra) s\u00f6z\u00fcnde samimi oldu\u011funu belirtmi\u015ftir. Hz. Safiyye (ra), \u00e7al\u0131\u015fmam\u0131zda konu edindi\u011fimiz \u00f6zellikleri ve Res\u00fblullah\u2019a (sas) ileri derecedeki sevgisi sebebiyle \u0130sl\u00e2m tarihindeki yerini alm\u0131\u015ft\u0131r.<\/p>","protected":false},"featured_media":23178,"template":"","meta":{"spay_email":""},"product_cat":[174],"product_tag":[],"item":[426],"acf":[],"_links":{"self":[{"href":"https:\/\/mgvpublications.com\/de\/wp-json\/wp\/v2\/product\/15277"}],"collection":[{"href":"https:\/\/mgvpublications.com\/de\/wp-json\/wp\/v2\/product"}],"about":[{"href":"https:\/\/mgvpublications.com\/de\/wp-json\/wp\/v2\/types\/product"}],"wp:featuredmedia":[{"embeddable":true,"href":"https:\/\/mgvpublications.com\/de\/wp-json\/wp\/v2\/media\/23178"}],"wp:attachment":[{"href":"https:\/\/mgvpublications.com\/de\/wp-json\/wp\/v2\/media?parent=15277"}],"wp:term":[{"taxonomy":"product_cat","embeddable":true,"href":"https:\/\/mgvpublications.com\/de\/wp-json\/wp\/v2\/product_cat?post=15277"},{"taxonomy":"product_tag","embeddable":true,"href":"https:\/\/mgvpublications.com\/de\/wp-json\/wp\/v2\/product_tag?post=15277"},{"taxonomy":"item","embeddable":true,"href":"https:\/\/mgvpublications.com\/de\/wp-json\/wp\/v2\/item?post=15277"}],"curies":[{"name":"wp","href":"https:\/\/api.w.org\/{rel}","templated":true}]}}