{"id":15273,"date":"2021-01-08T14:03:58","date_gmt":"2021-01-08T13:03:58","guid":{"rendered":"https:\/\/dev2.mgvpublications.com\/produkt\/hz-ummu-habibe-peygamber-evinin-hanimlari-6\/"},"modified":"2022-03-08T22:48:43","modified_gmt":"2022-03-08T21:48:43","slug":"hz-ummu-habibe-peygamber-evinin-hanimlari-6","status":"publish","type":"product","link":"https:\/\/mgvpublications.com\/de\/hz-ummu-habibe-peygamber-evinin-hanimlari-6\/","title":{"rendered":"Hz. \u00dcmm\u00fc Habibe \/ Peygamber Evinin Han\u0131mlar\u0131 6"},"content":{"rendered":"<p>Yay\u0131n Tarihi: 28.06.2019<br \/>ISBN: 9786057558831<br \/>Dil: T\u00dcRK\u00c7E<br \/>Sayfa Say\u0131s\u0131: 120<br \/>Cilt Tipi: Karton Kapak<br \/>Ka\u011f\u0131t Cinsi: Kitap Ka\u011f\u0131d\u0131<br \/>Boyut: 11.5 x 19 cm<\/p>","protected":false},"excerpt":{"rendered":"<p>Hz. \u00dcmm\u00fc Hab\u00eebe (ra), Mekke liderlerinden Eb\u00fb S\u00fcfy\u00e2n\u2019\u0131n k\u0131z\u0131 olmas\u0131 ve Habe\u015fistan\u2019a hicret ettikten sonra kocas\u0131 irtidat eden bir kad\u0131n olarak \u0130sl\u00e2m\u2019da sebat g\u00f6stermesi, o d\u00f6nemde bir\u00e7ok insan\u0131n ka\u00e7\u0131nd\u0131\u011f\u0131 bir davran\u0131\u015f olmas\u0131 y\u00f6n\u00fcyle Hz. \u00dcmm\u00fc Hab\u00eebe\u2019nin (ra) az rastlanan cesur bir se\u00e7imde bulundu\u011funu g\u00f6stermektedir. \u0130sl\u00e2m karde\u015fli\u011finin, akrabal\u0131k ba\u011flar\u0131 ve d\u00fcnyev\u00ee menfaatlerin \u00f6n\u00fcne ge\u00e7ti\u011finin en g\u00fczel \u00f6rne\u011fini sergileyen Hz. \u00dcmm\u00fc Hab\u00eebe\u2019nin (ra) m\u00fc\u015frik babas\u0131 Eb\u00fb S\u00fcfy\u00e2n\u2019a kar\u015f\u0131 Res\u00fblullah\u2019\u0131 (sas) tercih etmesi onun iman\u0131n\u0131n kav\u00eeli\u011fini g\u00f6sterir. Adeta \u201c\u0130brahim babas\u0131n\u0131n Allah d\u00fc\u015fman\u0131 oldu\u011funu anlay\u0131nca ondan uzakla\u015ft\u0131. \u015e\u00fcphesiz ki \u0130brahim, ger\u00e7ekten \u00e7ok duyarl\u0131 ve yumu\u015fak huylu biriydi.\u201d (et-Tevbe, 9\/114) ayeti onun hayat\u0131n\u0131n bir emsali olmu\u015ftur. Onun hayat hikayesinin, \u0130sl\u00e2m karde\u015fli\u011finin en b\u00fcy\u00fck de\u011fer oldu\u011funu hat\u0131rlatmas\u0131 umuduyla\u2026<\/p>","protected":false},"featured_media":22477,"template":"","meta":{"spay_email":""},"product_cat":[174],"product_tag":[],"item":[426],"acf":[],"_links":{"self":[{"href":"https:\/\/mgvpublications.com\/de\/wp-json\/wp\/v2\/product\/15273"}],"collection":[{"href":"https:\/\/mgvpublications.com\/de\/wp-json\/wp\/v2\/product"}],"about":[{"href":"https:\/\/mgvpublications.com\/de\/wp-json\/wp\/v2\/types\/product"}],"wp:featuredmedia":[{"embeddable":true,"href":"https:\/\/mgvpublications.com\/de\/wp-json\/wp\/v2\/media\/22477"}],"wp:attachment":[{"href":"https:\/\/mgvpublications.com\/de\/wp-json\/wp\/v2\/media?parent=15273"}],"wp:term":[{"taxonomy":"product_cat","embeddable":true,"href":"https:\/\/mgvpublications.com\/de\/wp-json\/wp\/v2\/product_cat?post=15273"},{"taxonomy":"product_tag","embeddable":true,"href":"https:\/\/mgvpublications.com\/de\/wp-json\/wp\/v2\/product_tag?post=15273"},{"taxonomy":"item","embeddable":true,"href":"https:\/\/mgvpublications.com\/de\/wp-json\/wp\/v2\/item?post=15273"}],"curies":[{"name":"wp","href":"https:\/\/api.w.org\/{rel}","templated":true}]}}