{"id":15267,"date":"2021-01-08T13:55:26","date_gmt":"2021-01-08T12:55:26","guid":{"rendered":"https:\/\/dev2.mgvpublications.com\/produkt\/hz-sevde-bint-zema-hz-zeyneb-bint-huzeyme-hz-meymume-bint-haris-peygamber-evinin-hanimlari-4\/"},"modified":"2022-03-08T22:48:42","modified_gmt":"2022-03-08T21:48:42","slug":"hz-sevde-bint-zema-hz-zeyneb-bint-huzeyme-hz-meymume-bint-haris-peygamber-evinin-hanimlari-4","status":"publish","type":"product","link":"https:\/\/mgvpublications.com\/de\/hz-sevde-bint-zema-hz-zeyneb-bint-huzeyme-hz-meymume-bint-haris-peygamber-evinin-hanimlari-4\/","title":{"rendered":"Hz. Sevde Bint Zem\u2019a Hz. Zeyneb Bint H\u00fczeyme Hz. Meymume Bint Haris \/ Peygamber Evinin Han\u0131mlar\u0131 4"},"content":{"rendered":"<p>Yay\u0131n Tarihi: 28.06.2019<br \/>ISBN: 9786057558848<br \/>Dil: T\u00dcRK\u00c7E<br \/>Sayfa Say\u0131s\u0131: 100<br \/>Cilt Tipi: Karton Kapak<br \/>Ka\u011f\u0131t Cinsi: Kitap Ka\u011f\u0131d\u0131<br \/>Boyut: 11 x 19.5 cm<\/p>","protected":false},"excerpt":{"rendered":"<p>M\u00fcminlerin Anneleri\u2019nden Hz. Sevde\u2019nin (ra), fedak\u00e2r ve vefak\u00e2r ki\u015fili\u011fi, gerek \u0130sl\u00e2m\u2019\u0131 kabul\u00fcnden sonra ya\u015fad\u0131\u011f\u0131 s\u0131k\u0131nt\u0131larda gerekse Hz. Peygamber\u2019le (sas) evli bulundu\u011fu d\u00f6nemde dikkatimizi \u00e7eker. Bununla birlikte bir peygamber e\u015fi olarak, Hz. Peygamber\u2019in (sas) di\u011fer baz\u0131 e\u015flerinde g\u00f6r\u00fcld\u00fc\u011f\u00fc kadar kendisini \u00f6n plana \u00e7\u0131karacak aktif bir rol \u00fcstlenmemi\u015ftir. Hz. Zeyneb bint Huzeyme (ra), yoksullara sadaka ve infak faaliyetlerinden dolay\u0131 \u201cYoksullar\u0131n Anas\u0131\u201d unvan\u0131n\u0131 alm\u0131\u015ft\u0131r. \u0130yilik ve ihsan sahibi annemiz selamet i\u00e7inde ya\u015fad\u0131\u011f\u0131 gibi selamet i\u00e7inde ebedi istirahatg\u00e2h\u0131na \u00e7ekilmi\u015ftir. Bu d\u00fcnyadan \u00e7ekilirken \u201cSon Peygamber\u2019in E\u015fi\u201d ve \u201cM\u00fcminlerin Annesi\u201d olma \u015ferefiyle \u00f6d\u00fcllendirilmi\u015ftir. Hz. Meym\u00fbne (ra), ise kendisini Res\u00fblullah\u2019a (sas) hibe etmesi ilim, takva, sadakat, s\u00fcnnete ittiba, vefas\u0131 ve takvas\u0131yla temay\u00fcz etmi\u015ftir. Nitekim Hz. \u00c2i\u015fe (ra), onun hakk\u0131nda \u201cMeym\u00fbne, en muttakimiz ve s\u0131la-i rahimi en \u00e7ok g\u00f6zetenimizdi.\u201d demi\u015ftir.<\/p>","protected":false},"featured_media":22479,"template":"","meta":{"spay_email":""},"product_cat":[174],"product_tag":[],"item":[426],"acf":[],"_links":{"self":[{"href":"https:\/\/mgvpublications.com\/de\/wp-json\/wp\/v2\/product\/15267"}],"collection":[{"href":"https:\/\/mgvpublications.com\/de\/wp-json\/wp\/v2\/product"}],"about":[{"href":"https:\/\/mgvpublications.com\/de\/wp-json\/wp\/v2\/types\/product"}],"wp:featuredmedia":[{"embeddable":true,"href":"https:\/\/mgvpublications.com\/de\/wp-json\/wp\/v2\/media\/22479"}],"wp:attachment":[{"href":"https:\/\/mgvpublications.com\/de\/wp-json\/wp\/v2\/media?parent=15267"}],"wp:term":[{"taxonomy":"product_cat","embeddable":true,"href":"https:\/\/mgvpublications.com\/de\/wp-json\/wp\/v2\/product_cat?post=15267"},{"taxonomy":"product_tag","embeddable":true,"href":"https:\/\/mgvpublications.com\/de\/wp-json\/wp\/v2\/product_tag?post=15267"},{"taxonomy":"item","embeddable":true,"href":"https:\/\/mgvpublications.com\/de\/wp-json\/wp\/v2\/item?post=15267"}],"curies":[{"name":"wp","href":"https:\/\/api.w.org\/{rel}","templated":true}]}}