{"id":15259,"date":"2021-01-08T13:09:11","date_gmt":"2021-01-08T12:09:11","guid":{"rendered":"https:\/\/dev2.mgvpublications.com\/produkt\/ummet-bilinci\/"},"modified":"2022-03-08T22:48:40","modified_gmt":"2022-03-08T21:48:40","slug":"ummet-bilinci","status":"publish","type":"product","link":"https:\/\/mgvpublications.com\/de\/ummet-bilinci\/","title":{"rendered":"\u00dcmmet Bilinci"},"content":{"rendered":"<table>\n<tbody>\n<tr>\n<td>Yay\u0131n Tarihi:<\/td>\n<td>01.01.2013<\/td>\n<\/tr>\n<tr>\n<td>ISBN:<\/td>\n<td>9786055125912<\/td>\n<\/tr>\n<tr>\n<td>Dil:<\/td>\n<td>T\u00dcRK\u00c7E<\/td>\n<\/tr>\n<tr>\n<td>Sayfa Say\u0131s\u0131:<\/td>\n<td>125<\/td>\n<\/tr>\n<tr>\n<td>Cilt Tipi:<\/td>\n<td>Karton Kapak<\/td>\n<\/tr>\n<tr>\n<td>Ka\u011f\u0131t Cinsi:<\/td>\n<td>Kitap Ka\u011f\u0131d\u0131<\/td>\n<\/tr>\n<tr>\n<td>Boyut:<\/td>\n<td>10.5 x 19.5 cm<\/td>\n<\/tr>\n<\/tbody>\n<\/table>\n<p>&nbsp;<\/p>","protected":false},"excerpt":{"rendered":"<p>Modern zamanlar b\u00fct\u00fcn insanl\u0131k ikliminin tehdit alt\u0131nda bulundu\u011fu zamanlard\u0131r. \u00d6zellikle 20. yy. boyunca askeri yat\u0131r\u0131mlar, harcamalar, silahlanma yar\u0131\u015f\u0131, kitle imha silahlar\u0131, insani iklimi b\u00fct\u00fcn\u00fcyle yoksulla\u015ft\u0131rm\u0131\u015ft\u0131r.<\/p>\n<p>Modern y\u00fczy\u0131llar boyunca ya\u015fanan insanl\u0131k d\u0131\u015f\u0131 olaylar, \u00f6zellikle M\u00fcsl\u00fcmanlar i\u00e7in &#8220;\u00dcmmet Bilinci&#8221;nin evrensel bir zorunluluk oldu\u011funu g\u00f6stermektedir. \u00dcmmet Bilinci imani bir zorunluluktur, ahlaki bir zorunluluktur.<\/p>\n<p>G\u00fcn\u00fcm\u00fczde &#8220;\u0130slami \u0130dealler&#8221; ile ya\u015fanan ger\u00e7ekler aras\u0131nda \u00e7ok b\u00fcy\u00fck bo\u015fluklar bulunmaktad\u0131r. G\u00fcn\u00fcm\u00fczde \u0130slam \u00dcmmeti kendisini kan\u0131tlayamamaktad\u0131r. \u0130slam \u00dcmmeti kendisini ve sorunlar\u0131n\u0131 ifade edememektedir. \u0130slam \u00dcmmeti, islami anlamlar\u0131 temsil edememektedir. \u0130slam \u00dcmmeti \u00f6rnek olamamaktad\u0131r.<\/p>\n<p>\u00dcmmet Bilinci ad\u0131n\u0131 ta\u015f\u0131yan, kuramsal herhangi bir iddia ta\u015f\u0131mayan bu kitab\u0131m\u0131zda \u00f6ncelikle, i\u00e7erisinde ya\u015fad\u0131\u011f\u0131m\u0131z d\u00fcnyan\u0131n, i\u00e7erisinde ya\u015fad\u0131\u011f\u0131m\u0131z tarihsel d\u00f6nemin ve islam insan\u0131yla birlikte insanl\u0131\u011f\u0131n vicdani olmaya \u00e7al\u0131\u015f\u0131lm\u0131\u015ft\u0131r.<\/p>","protected":false},"featured_media":15260,"template":"","meta":{"spay_email":""},"product_cat":[174],"product_tag":[],"item":[1320],"acf":[],"_links":{"self":[{"href":"https:\/\/mgvpublications.com\/de\/wp-json\/wp\/v2\/product\/15259"}],"collection":[{"href":"https:\/\/mgvpublications.com\/de\/wp-json\/wp\/v2\/product"}],"about":[{"href":"https:\/\/mgvpublications.com\/de\/wp-json\/wp\/v2\/types\/product"}],"wp:featuredmedia":[{"embeddable":true,"href":"https:\/\/mgvpublications.com\/de\/wp-json\/wp\/v2\/media\/15260"}],"wp:attachment":[{"href":"https:\/\/mgvpublications.com\/de\/wp-json\/wp\/v2\/media?parent=15259"}],"wp:term":[{"taxonomy":"product_cat","embeddable":true,"href":"https:\/\/mgvpublications.com\/de\/wp-json\/wp\/v2\/product_cat?post=15259"},{"taxonomy":"product_tag","embeddable":true,"href":"https:\/\/mgvpublications.com\/de\/wp-json\/wp\/v2\/product_tag?post=15259"},{"taxonomy":"item","embeddable":true,"href":"https:\/\/mgvpublications.com\/de\/wp-json\/wp\/v2\/item?post=15259"}],"curies":[{"name":"wp","href":"https:\/\/api.w.org\/{rel}","templated":true}]}}