{"id":15255,"date":"2021-01-08T12:05:58","date_gmt":"2021-01-08T11:05:58","guid":{"rendered":"https:\/\/dev2.mgvpublications.com\/produkt\/insan-i-kamil\/"},"modified":"2022-03-08T22:48:40","modified_gmt":"2022-03-08T21:48:40","slug":"insan-i-kamil","status":"publish","type":"product","link":"https:\/\/mgvpublications.com\/de\/insan-i-kamil\/","title":{"rendered":"\u0130nsan-\u0131 Kamil"},"content":{"rendered":"<table>\n<tbody>\n<tr>\n<td>ISBN:<\/td>\n<td>9789757557456<\/td>\n<\/tr>\n<tr>\n<td>Dil:<\/td>\n<td>T\u00dcRK\u00c7E<\/td>\n<\/tr>\n<tr>\n<td>Sayfa Say\u0131s\u0131:<\/td>\n<td>471<\/td>\n<\/tr>\n<tr>\n<td>Cilt Tipi:<\/td>\n<td>Ciltli<\/td>\n<\/tr>\n<tr>\n<td>Ka\u011f\u0131t Cinsi:<\/td>\n<td>1. Hm. Ka\u011f\u0131t<\/td>\n<\/tr>\n<tr>\n<td>Boyut:<\/td>\n<td>19.5 x 23.5 cm<\/td>\n<\/tr>\n<\/tbody>\n<\/table>\n<p>&nbsp;<\/p>","protected":false},"excerpt":{"rendered":"<p>D\u00fcnya&#8217;dan Ahiret&#8217;e&#8230;<br \/>\nMutlak Feza&#8217;dan &#8230; Zerrelere&#8230;<br \/>\nAr\u015f&#8217;tan, refref&#8217;e&#8230;<br \/>\nSalsala-i Ceres&#8217;e<br \/>\nParlak y\u0131ld\u0131zlardan, kabelerin dile\u011fi olan;<br \/>\nadn Cenneti&#8217;ne&#8230;<br \/>\nHer\u015fey Ben&#8217;im&#8230;<\/p>\n<p>Abd\u00fc&#8217;I-Kerim b. \u0130brahim el-Cili<br \/>\nAncak dikkat et!&#8230;<br \/>\nB\u00fct\u00fcn bunlara ra\u011fmen;<br \/>\nMevlanas\u0131na tevbe ederek d\u00f6nen;<br \/>\nAciz&#8230; Kul da yine benim<br \/>\nFakirim, hak\u015frim, had\u0131 (e\u011filen) im&#8230;<br \/>\nZillet sahibiyim ve g\u00fcnahlar\u0131n esiriyim<\/p>","protected":false},"featured_media":15256,"template":"","meta":{"spay_email":""},"product_cat":[174,232],"product_tag":[],"item":[1275],"acf":[],"_links":{"self":[{"href":"https:\/\/mgvpublications.com\/de\/wp-json\/wp\/v2\/product\/15255"}],"collection":[{"href":"https:\/\/mgvpublications.com\/de\/wp-json\/wp\/v2\/product"}],"about":[{"href":"https:\/\/mgvpublications.com\/de\/wp-json\/wp\/v2\/types\/product"}],"wp:featuredmedia":[{"embeddable":true,"href":"https:\/\/mgvpublications.com\/de\/wp-json\/wp\/v2\/media\/15256"}],"wp:attachment":[{"href":"https:\/\/mgvpublications.com\/de\/wp-json\/wp\/v2\/media?parent=15255"}],"wp:term":[{"taxonomy":"product_cat","embeddable":true,"href":"https:\/\/mgvpublications.com\/de\/wp-json\/wp\/v2\/product_cat?post=15255"},{"taxonomy":"product_tag","embeddable":true,"href":"https:\/\/mgvpublications.com\/de\/wp-json\/wp\/v2\/product_tag?post=15255"},{"taxonomy":"item","embeddable":true,"href":"https:\/\/mgvpublications.com\/de\/wp-json\/wp\/v2\/item?post=15255"}],"curies":[{"name":"wp","href":"https:\/\/api.w.org\/{rel}","templated":true}]}}